{"id":30969,"date":"2023-01-29T10:45:06","date_gmt":"2023-01-29T02:45:06","guid":{"rendered":"https:\/\/gretasexylingerie.com\/?post_type=product&#038;p=30969"},"modified":"2023-09-05T20:50:37","modified_gmt":"2023-09-05T12:50:37","slug":"mesh-perspektive-fischnetz-kleid-langarm","status":"publish","type":"product","link":"https:\/\/gretasexylingerie.com\/de\/products\/mesh-perspective-fishnet-dress-long-sleeve\/","title":{"rendered":"Mesh-Perspektive Netzkleid mit langen \u00c4rmeln"},"content":{"rendered":"<p>Besonderheit:<\/p>\n\n\n\n<p>* Netzperspektive Netzkleid mit langen \u00c4rmeln besteht aus hochwertigem Nylon und Spandex, das weich, dehnbar und langlebig ist. Sein Material ist sehr glatt und sorgt daf\u00fcr, dass Sie sich weich und bequem f\u00fchlen.<br>* Fischnetzkleid mit langen \u00c4rmeln ist Einheitsgr\u00f6\u00dfe, dehnbar, Einheitsgr\u00f6\u00dfe, schmeichelt Ihrer Figur.<br>* Gute Geschenkauswahl: Netzunterw\u00e4schestr\u00fcmpfe k\u00f6nnen Ihren Freundinnen und besten Freunden auf Festivals geschenkt werden, zeigen Sie Ihre Weiblichkeit und sorgen Sie f\u00fcr Spa\u00df am s\u00fc\u00dfen Valentinstag, Jubil\u00e4um und anderen Festivals<br>* Modedesign: Fischnetz-Bodysocken Mode durchsichtig, das Design bringt visuelle Wirkung, spiegelt Wildheit und Sch\u00e4rfe wider, Sie k\u00f6nnen es mit t\u00e4glichen R\u00f6cken oder Hot Pants, B\u00fchnenauftritten und Cosplay-Partys kombinieren, Ihre Figur zeigen und Ihr Selbstvertrauen wecken.<\/p>","protected":false},"excerpt":{"rendered":"<p>Lassen Sie die Augen Ihres Liebhabers mit dem Mesh Perspective Fishnet Dress Long Sleeve auf sich ruhen. Es nimmt ein Netzdesign an und verwendet ein Netzdesign auf der Mittelachse des K\u00f6rpers, wodurch Ihr K\u00f6rper wie eine Geschenkbox mit einer kleinen ge\u00f6ffneten L\u00fccke wird.<\/p>","protected":false},"featured_media":30971,"template":"","meta":[],"product_brand":[],"product_cat":[406,405,404],"product_tag":[518,446,447,504],"class_list":{"0":"post-30969","1":"product","2":"type-product","3":"status-publish","4":"has-post-thumbnail","6":"product_cat-wholesale-fishnet-dress","7":"product_cat-wholesale-bodystocking","8":"product_cat-sexy-stocking","9":"product_tag-mesh-lingerie","10":"product_tag-wholesale-sexy-see-through-lingerie","11":"product_tag-wholesale-strappy-sexy-lingerie","12":"product_tag-ultra-sexy","13":"pa_color-black","14":"pa_size-free","16":"first","17":"instock","18":"taxable","19":"shipping-taxable","20":"purchasable","21":"product-type-variable"},"tiered_pricing_type":"fixed","tiered_pricing_fixed_rules":[],"tiered_pricing_product_settings":{"layout":"default","base_unit_name":{"singular":null,"plural":null},"default_variation":null},"tiered_pricing_minimum_quantity":null,"tiered_pricing_roles_data":{"default_wholesaler":{"product_id":30969,"role":"default_wholesaler","pricing_type":"flat","regular_price":null,"sale_price":null,"discount":null,"discount_type":"sale_price","tiered_pricing_type":"fixed","percentage_rules":[],"fixed_rules":{"2":"2.19","30":"1.79","500":"1.39"},"minimum":null},"dropshippinger":{"product_id":30969,"role":"dropshippinger","pricing_type":"flat","regular_price":null,"sale_price":null,"discount":null,"discount_type":"sale_price","tiered_pricing_type":"fixed","percentage_rules":[],"fixed_rules":{"1":"2.69","5":"2.19","30":"1.59"},"minimum":null}},"tiered_pricing_percentage_rules":[],"tiered_pricing_maximum_quantity":null,"tiered_pricing_quantity_step":null,"_links":{"self":[{"href":"https:\/\/gretasexylingerie.com\/de\/wp-json\/wp\/v2\/product\/30969","targetHints":{"allow":["GET"]}}],"collection":[{"href":"https:\/\/gretasexylingerie.com\/de\/wp-json\/wp\/v2\/product"}],"about":[{"href":"https:\/\/gretasexylingerie.com\/de\/wp-json\/wp\/v2\/types\/product"}],"wp:featuredmedia":[{"embeddable":true,"href":"https:\/\/gretasexylingerie.com\/de\/wp-json\/wp\/v2\/media\/30971"}],"wp:attachment":[{"href":"https:\/\/gretasexylingerie.com\/de\/wp-json\/wp\/v2\/media?parent=30969"}],"wp:term":[{"taxonomy":"product_brand","embeddable":true,"href":"https:\/\/gretasexylingerie.com\/de\/wp-json\/wp\/v2\/product_brand?post=30969"},{"taxonomy":"product_cat","embeddable":true,"href":"https:\/\/gretasexylingerie.com\/de\/wp-json\/wp\/v2\/product_cat?post=30969"},{"taxonomy":"product_tag","embeddable":true,"href":"https:\/\/gretasexylingerie.com\/de\/wp-json\/wp\/v2\/product_tag?post=30969"}],"curies":[{"name":"wp","href":"https:\/\/api.w.org\/{rel}","templated":true}]}}