{"id":30941,"date":"2023-01-29T10:05:30","date_gmt":"2023-01-29T02:05:30","guid":{"rendered":"https:\/\/gretasexylingerie.com\/?post_type=product&#038;p=30941"},"modified":"2024-01-22T12:48:09","modified_gmt":"2024-01-22T04:48:09","slug":"bodystocking-mit-ouvert-und-strapsen","status":"publish","type":"product","link":"https:\/\/gretasexylingerie.com\/de\/products\/crotchless-perspective-suspender-bodystocking\/","title":{"rendered":"Perspektivischer Straps-Bodystocking ohne Schritt"},"content":{"rendered":"<p>Merkmale:<\/p>\n\n\n\n<p>* Ouvert Perspektive Suspender Bodystocking ist aus hochwertigem Nylon und Spandex, das weich, dehnbar und langlebig ist. Sein Material ist sehr glatt und sorgt daf\u00fcr, dass Sie sich weich und bequem f\u00fchlen.<br>* Uspender Bodystocking ist Einheitsgr\u00f6\u00dfe, dehnbar, Einheitsgr\u00f6\u00dfe, schmeichelt Ihrer Figur.<br>* Gute Geschenkauswahl: Netzunterw\u00e4schestr\u00fcmpfe k\u00f6nnen Ihren Freundinnen und besten Freunden auf Festivals geschenkt werden, zeigen Sie Ihre Weiblichkeit und sorgen Sie f\u00fcr Spa\u00df am s\u00fc\u00dfen Valentinstag, Jubil\u00e4um und anderen Festivals<br>* Modedesign: Fischnetz-Bodysocken Mode durchsichtig, das Design bringt visuelle Wirkung, spiegelt Wildheit und Sch\u00e4rfe wider, Sie k\u00f6nnen es mit t\u00e4glichen R\u00f6cken oder Hot Pants, B\u00fchnenauftritten und Cosplay-Partys kombinieren, Ihre Figur zeigen und Ihr Selbstvertrauen wecken.<\/p>","protected":false},"excerpt":{"rendered":"<p>Dieser atemberaubende Straps-Bodystocking mit offenem Schritt verf\u00fcgt \u00fcber einen U-Ausschnitt, feinmaschiges Gewebe, wundersch\u00f6n gemusterte Verzierungen an Brust, Taille und Oberschenkeln und ein ouvert-Design f\u00fcr zus\u00e4tzliche Sexiness (kein H\u00f6schen).<\/p>","protected":false},"featured_media":30943,"template":"","meta":[],"product_brand":[],"product_cat":[410,407,367,404],"product_tag":[528,451,446,447,504],"class_list":{"0":"post-30941","1":"product","2":"type-product","3":"status-publish","4":"has-post-thumbnail","6":"product_cat-wholesale-suspender-bodystocking","7":"product_cat-wholesale-full-body-stocking","8":"product_cat-sexy-lingerie","9":"product_cat-sexy-stocking","10":"product_tag-halter-lingerie","11":"product_tag-wholesale-revealing-lingerie","12":"product_tag-wholesale-sexy-see-through-lingerie","13":"product_tag-wholesale-strappy-sexy-lingerie","14":"product_tag-ultra-sexy","15":"pa_color-black","16":"pa_size-free","18":"first","19":"instock","20":"taxable","21":"shipping-taxable","22":"purchasable","23":"product-type-variable"},"tiered_pricing_type":"fixed","tiered_pricing_fixed_rules":[],"tiered_pricing_product_settings":{"layout":"default","base_unit_name":{"singular":null,"plural":null},"default_variation":null},"tiered_pricing_minimum_quantity":null,"tiered_pricing_roles_data":{"default_wholesaler":{"product_id":30941,"role":"default_wholesaler","pricing_type":"flat","regular_price":null,"sale_price":null,"discount":null,"discount_type":"sale_price","tiered_pricing_type":"fixed","percentage_rules":[],"fixed_rules":{"2":"2.19","30":"1.79","500":"1.39"},"minimum":null},"dropshippinger":{"product_id":30941,"role":"dropshippinger","pricing_type":"flat","regular_price":null,"sale_price":null,"discount":null,"discount_type":"sale_price","tiered_pricing_type":"fixed","percentage_rules":[],"fixed_rules":{"1":"2.69","5":"2.19","30":"1.59"},"minimum":null}},"tiered_pricing_percentage_rules":[],"tiered_pricing_maximum_quantity":null,"tiered_pricing_quantity_step":null,"_links":{"self":[{"href":"https:\/\/gretasexylingerie.com\/de\/wp-json\/wp\/v2\/product\/30941","targetHints":{"allow":["GET"]}}],"collection":[{"href":"https:\/\/gretasexylingerie.com\/de\/wp-json\/wp\/v2\/product"}],"about":[{"href":"https:\/\/gretasexylingerie.com\/de\/wp-json\/wp\/v2\/types\/product"}],"wp:featuredmedia":[{"embeddable":true,"href":"https:\/\/gretasexylingerie.com\/de\/wp-json\/wp\/v2\/media\/30943"}],"wp:attachment":[{"href":"https:\/\/gretasexylingerie.com\/de\/wp-json\/wp\/v2\/media?parent=30941"}],"wp:term":[{"taxonomy":"product_brand","embeddable":true,"href":"https:\/\/gretasexylingerie.com\/de\/wp-json\/wp\/v2\/product_brand?post=30941"},{"taxonomy":"product_cat","embeddable":true,"href":"https:\/\/gretasexylingerie.com\/de\/wp-json\/wp\/v2\/product_cat?post=30941"},{"taxonomy":"product_tag","embeddable":true,"href":"https:\/\/gretasexylingerie.com\/de\/wp-json\/wp\/v2\/product_tag?post=30941"}],"curies":[{"name":"wp","href":"https:\/\/api.w.org\/{rel}","templated":true}]}}