{"id":30932,"date":"2023-01-28T16:31:39","date_gmt":"2023-01-28T08:31:39","guid":{"rendered":"https:\/\/gretasexylingerie.com\/?post_type=product&#038;p=30932"},"modified":"2023-09-05T20:50:34","modified_gmt":"2023-09-05T12:50:34","slug":"bodystocking-mit-strapsen-und-strasssteinen","status":"publish","type":"product","link":"https:\/\/gretasexylingerie.com\/de\/products\/suspender-rhinestone-body-stocking\/","title":{"rendered":"Hosentr\u00e4ger Strass Body Stocking"},"content":{"rendered":"<p>Merkmale:<\/p>\n\n\n\n<p>* Aush\u00f6hlen Hosentr\u00e4ger Strass Body Stocking ist aus hochwertigem Nylon und Spandex, das weich, dehnbar und langlebig ist. Sein Material ist sehr glatt und sorgt daf\u00fcr, dass Sie sich weich und bequem f\u00fchlen.<br>* Strass-Bodystocking ist Einheitsgr\u00f6\u00dfe, dehnbar, Einheitsgr\u00f6\u00dfe, schmeichelt Ihrer Figur.<br>* Gute Geschenkauswahl: Netzunterw\u00e4schestr\u00fcmpfe k\u00f6nnen Ihren Freundinnen und besten Freunden auf Festivals geschenkt werden, zeigen Sie Ihre Weiblichkeit und sorgen Sie f\u00fcr Spa\u00df am s\u00fc\u00dfen Valentinstag, Jubil\u00e4um und anderen Festivals<br>* Modedesign: Fischnetz-Bodysocken Mode durchsichtig, das Design bringt visuelle Wirkung, spiegelt Wildheit und Sch\u00e4rfe wider, Sie k\u00f6nnen es mit t\u00e4glichen R\u00f6cken oder Hot Pants, B\u00fchnenauftritten und Cosplay-Partys kombinieren, Ihre Figur zeigen und Ihr Selbstvertrauen wecken.<\/p>","protected":false},"excerpt":{"rendered":"<p>Dieser gl\u00e4nzende, aush\u00f6hlende Straps-Strass-Bodystocking verf\u00fcgt \u00fcber ein zweiteiliges Design, das Oberteil ist ein lang\u00e4rmliges, schulterfreies Hemd mit regelm\u00e4\u00dfigen L\u00f6chern, das Unterteil ist ein einteiliges Strumpfband-Design (kein H\u00f6schen) und ist mit gl\u00e4nzenden Strasssteinen bedeckt.<\/p>","protected":false},"featured_media":30936,"template":"","meta":[],"product_brand":[],"product_cat":[410,405,924,408,404],"product_tag":[518,451,525,446,504],"class_list":{"0":"post-30932","1":"product","2":"type-product","3":"status-publish","4":"has-post-thumbnail","6":"product_cat-wholesale-suspender-bodystocking","7":"product_cat-wholesale-bodystocking","8":"product_cat-wholesale-bodystocking-sets","9":"product_cat-wholesale-rhinestone-bodystocking","10":"product_cat-sexy-stocking","11":"product_tag-mesh-lingerie","12":"product_tag-wholesale-revealing-lingerie","13":"product_tag-rhinestone-lingerie","14":"product_tag-wholesale-sexy-see-through-lingerie","15":"product_tag-ultra-sexy","16":"pa_color-black","17":"pa_size-free","19":"first","20":"instock","21":"taxable","22":"shipping-taxable","23":"purchasable","24":"product-type-variable"},"tiered_pricing_type":"fixed","tiered_pricing_fixed_rules":[],"tiered_pricing_product_settings":{"layout":"default","base_unit_name":{"singular":null,"plural":null},"default_variation":null},"tiered_pricing_minimum_quantity":null,"tiered_pricing_roles_data":{"default_wholesaler":{"product_id":30932,"role":"default_wholesaler","pricing_type":"flat","regular_price":null,"sale_price":null,"discount":null,"discount_type":"sale_price","tiered_pricing_type":"fixed","percentage_rules":[],"fixed_rules":{"2":"4.39","30":"3.59","500":"2.69"},"minimum":null},"dropshippinger":{"product_id":30932,"role":"dropshippinger","pricing_type":"flat","regular_price":null,"sale_price":null,"discount":null,"discount_type":"sale_price","tiered_pricing_type":"fixed","percentage_rules":[],"fixed_rules":{"1":"5.39","5":"4.39","30":"3.09"},"minimum":null}},"tiered_pricing_percentage_rules":[],"tiered_pricing_maximum_quantity":null,"tiered_pricing_quantity_step":null,"_links":{"self":[{"href":"https:\/\/gretasexylingerie.com\/de\/wp-json\/wp\/v2\/product\/30932","targetHints":{"allow":["GET"]}}],"collection":[{"href":"https:\/\/gretasexylingerie.com\/de\/wp-json\/wp\/v2\/product"}],"about":[{"href":"https:\/\/gretasexylingerie.com\/de\/wp-json\/wp\/v2\/types\/product"}],"wp:featuredmedia":[{"embeddable":true,"href":"https:\/\/gretasexylingerie.com\/de\/wp-json\/wp\/v2\/media\/30936"}],"wp:attachment":[{"href":"https:\/\/gretasexylingerie.com\/de\/wp-json\/wp\/v2\/media?parent=30932"}],"wp:term":[{"taxonomy":"product_brand","embeddable":true,"href":"https:\/\/gretasexylingerie.com\/de\/wp-json\/wp\/v2\/product_brand?post=30932"},{"taxonomy":"product_cat","embeddable":true,"href":"https:\/\/gretasexylingerie.com\/de\/wp-json\/wp\/v2\/product_cat?post=30932"},{"taxonomy":"product_tag","embeddable":true,"href":"https:\/\/gretasexylingerie.com\/de\/wp-json\/wp\/v2\/product_tag?post=30932"}],"curies":[{"name":"wp","href":"https:\/\/api.w.org\/{rel}","templated":true}]}}