{"id":30913,"date":"2023-01-28T15:48:31","date_gmt":"2023-01-28T07:48:31","guid":{"rendered":"https:\/\/gretasexylingerie.com\/?post_type=product&#038;p=30913"},"modified":"2023-09-05T20:50:33","modified_gmt":"2023-09-05T12:50:33","slug":"huftwickelkleid-aus-netzstoff-mit-strass","status":"publish","type":"product","link":"https:\/\/gretasexylingerie.com\/de\/products\/hhip-wrap-fishnet-rhinestone-dress\/","title":{"rendered":"H\u00fcftwickelkleid aus Fischnetz und Strass"},"content":{"rendered":"<p>Besonderheit:<\/p>\n\n\n\n<p>* H\u00fcftwickel-Fischnetz-Strasskleid besteht aus hochwertigem Nylon und Spandex, das weich, dehnbar und langlebig ist. Sein Material ist sehr glatt und sorgt daf\u00fcr, dass Sie sich weich und bequem f\u00fchlen.<br>* Fischnetz-Strasskleid ist Einheitsgr\u00f6\u00dfe, dehnbar, Einheitsgr\u00f6\u00dfe, schmeichelt Ihrer Figur.<br>* Gute Geschenkauswahl: Netzunterw\u00e4schestr\u00fcmpfe k\u00f6nnen Ihren Freundinnen und besten Freunden auf Festivals geschenkt werden, zeigen Sie Ihre Weiblichkeit und sorgen Sie f\u00fcr Spa\u00df am s\u00fc\u00dfen Valentinstag, Jubil\u00e4um und anderen Festivals<br>* Modedesign: Fischnetz-Bodysocken Mode durchsichtig, das Design bringt visuelle Wirkung, spiegelt Wildheit und Sch\u00e4rfe wider, Sie k\u00f6nnen es mit t\u00e4glichen R\u00f6cken oder Hot Pants, B\u00fchnenauftritten und Cosplay-Partys kombinieren, Ihre Figur zeigen und Ihr Selbstvertrauen wecken.<\/p>","protected":false},"excerpt":{"rendered":"<p>Genie\u00dfen Sie romantische Momente mit diesem aush\u00f6hlen-H\u00fcftwickel-Fischnetz-Strasskleid. Die Netzstruktur wird verwendet, um den K\u00f6rper mit einem sexy Schleier zu bedecken, und das offene Design von Brust und Bauch verwendet eine Netzstruktur. Verziert an Brust und Rock und funkelnd mit Strasssteinen.<\/p>","protected":false},"featured_media":30917,"template":"","meta":[],"product_brand":[],"product_cat":[408,405,406,404],"product_tag":[521,451,525,446,447],"class_list":{"0":"post-30913","1":"product","2":"type-product","3":"status-publish","4":"has-post-thumbnail","6":"product_cat-wholesale-rhinestone-bodystocking","7":"product_cat-wholesale-bodystocking","8":"product_cat-wholesale-fishnet-dress","9":"product_cat-sexy-stocking","10":"product_tag-deep-v-lingerie","11":"product_tag-wholesale-revealing-lingerie","12":"product_tag-rhinestone-lingerie","13":"product_tag-wholesale-sexy-see-through-lingerie","14":"product_tag-wholesale-strappy-sexy-lingerie","15":"pa_color-black","16":"pa_size-free","18":"first","19":"instock","20":"taxable","21":"shipping-taxable","22":"purchasable","23":"product-type-variable"},"tiered_pricing_type":"fixed","tiered_pricing_fixed_rules":[],"tiered_pricing_product_settings":{"layout":"default","base_unit_name":{"singular":null,"plural":null},"default_variation":null},"tiered_pricing_minimum_quantity":null,"tiered_pricing_roles_data":{"default_wholesaler":{"product_id":30913,"role":"default_wholesaler","pricing_type":"flat","regular_price":null,"sale_price":null,"discount":null,"discount_type":"sale_price","tiered_pricing_type":"fixed","percentage_rules":[],"fixed_rules":{"2":"3.09","30":"2.59","500":"1.99"},"minimum":null},"dropshippinger":{"product_id":30913,"role":"dropshippinger","pricing_type":"flat","regular_price":null,"sale_price":null,"discount":null,"discount_type":"sale_price","tiered_pricing_type":"fixed","percentage_rules":[],"fixed_rules":{"1":"3.89","5":"3.09","30":"2.29"},"minimum":null}},"tiered_pricing_percentage_rules":[],"tiered_pricing_maximum_quantity":null,"tiered_pricing_quantity_step":null,"_links":{"self":[{"href":"https:\/\/gretasexylingerie.com\/de\/wp-json\/wp\/v2\/product\/30913","targetHints":{"allow":["GET"]}}],"collection":[{"href":"https:\/\/gretasexylingerie.com\/de\/wp-json\/wp\/v2\/product"}],"about":[{"href":"https:\/\/gretasexylingerie.com\/de\/wp-json\/wp\/v2\/types\/product"}],"wp:featuredmedia":[{"embeddable":true,"href":"https:\/\/gretasexylingerie.com\/de\/wp-json\/wp\/v2\/media\/30917"}],"wp:attachment":[{"href":"https:\/\/gretasexylingerie.com\/de\/wp-json\/wp\/v2\/media?parent=30913"}],"wp:term":[{"taxonomy":"product_brand","embeddable":true,"href":"https:\/\/gretasexylingerie.com\/de\/wp-json\/wp\/v2\/product_brand?post=30913"},{"taxonomy":"product_cat","embeddable":true,"href":"https:\/\/gretasexylingerie.com\/de\/wp-json\/wp\/v2\/product_cat?post=30913"},{"taxonomy":"product_tag","embeddable":true,"href":"https:\/\/gretasexylingerie.com\/de\/wp-json\/wp\/v2\/product_tag?post=30913"}],"curies":[{"name":"wp","href":"https:\/\/api.w.org\/{rel}","templated":true}]}}