{"id":30887,"date":"2023-01-27T19:39:08","date_gmt":"2023-01-27T11:39:08","guid":{"rendered":"https:\/\/gretasexylingerie.com\/?post_type=product&#038;p=30887"},"modified":"2023-09-05T20:50:31","modified_gmt":"2023-09-05T12:50:31","slug":"nachtclub-ausgehohlter-bodysuit-strumpf","status":"publish","type":"product","link":"https:\/\/gretasexylingerie.com\/de\/products\/nightclub-hollow-out-body-suit-stocking\/","title":{"rendered":"Nachtclub aush\u00f6hlen Body Suit Strumpf"},"content":{"rendered":"<p>* Nightclub Hollow Out Body Suit Stocking besteht aus hochwertigem Nylon und Spandex, das weich, dehnbar und langlebig ist. Sein Material ist sehr glatt und sorgt daf\u00fcr, dass Sie sich weich und bequem f\u00fchlen.<\/p>\n\n\n\n<ul class=\"wp-block-list\">\n<li>Der ausgeh\u00f6hlte Body-Anzugsstrumpf ist eine Einheitsgr\u00f6\u00dfe, dehnbar, eine Einheitsgr\u00f6\u00dfe, schmeichelt Ihrer Figur gut.<\/li>\n\n\n\n<li>Gute Geschenkauswahl: Netzunterw\u00e4schestr\u00fcmpfe k\u00f6nnen Ihren Freundinnen und besten Freunden auf Festivals geschenkt werden, zeigen Sie Ihre Weiblichkeit und sorgen Sie f\u00fcr Spa\u00df am s\u00fc\u00dfen Valentinstag, Jubil\u00e4um und anderen Festivals<\/li>\n\n\n\n<li>Modedesign: Netz-Body-Socken, modisch, durchsichtig, das Design bringt visuelle Wirkung, spiegelt Wildheit und Sch\u00e4rfe wider, Sie k\u00f6nnen es mit t\u00e4glichen R\u00f6cken oder Hotpants, B\u00fchnenauftritten und Cosplay-Partys kombinieren, zeigen Sie Ihre Figur und inspirieren Sie Ihr Selbstvertrauen<\/li>\n<\/ul>","protected":false},"excerpt":{"rendered":"<p>Der neu gestaltete Nightclub Hollow Out Body Suit Strumpf l\u00e4sst Sie im Mittelpunkt stehen und Ihre Sch\u00f6nheit freisetzen. Half-Cup-Konstruktion mit Mesh an Brust und H\u00f6schen und Netz an anderer Stelle. Das Brustkreuz-Design macht Ihre Br\u00fcste praller.<\/p>","protected":false},"featured_media":30889,"template":"","meta":[],"product_brand":[],"product_cat":[409,405,404],"product_tag":[521,448,528,518,451,446,447,504],"class_list":{"0":"post-30887","1":"product","2":"type-product","3":"status-publish","4":"has-post-thumbnail","6":"product_cat-wholesale-stocking-bodysuit","7":"product_cat-wholesale-bodystocking","8":"product_cat-sexy-stocking","9":"product_tag-deep-v-lingerie","10":"product_tag-wholesale-elegant-sexy-lingerie","11":"product_tag-halter-lingerie","12":"product_tag-mesh-lingerie","13":"product_tag-wholesale-revealing-lingerie","14":"product_tag-wholesale-sexy-see-through-lingerie","15":"product_tag-wholesale-strappy-sexy-lingerie","16":"product_tag-ultra-sexy","17":"pa_color-black","18":"pa_cup-full-cup","19":"pa_size-free","21":"first","22":"instock","23":"taxable","24":"shipping-taxable","25":"purchasable","26":"product-type-variable"},"tiered_pricing_type":"fixed","tiered_pricing_fixed_rules":[],"tiered_pricing_product_settings":{"layout":"default","base_unit_name":{"singular":null,"plural":null},"default_variation":null},"tiered_pricing_minimum_quantity":null,"tiered_pricing_roles_data":{"default_wholesaler":{"product_id":30887,"role":"default_wholesaler","pricing_type":"flat","regular_price":null,"sale_price":null,"discount":null,"discount_type":"sale_price","tiered_pricing_type":"fixed","percentage_rules":[],"fixed_rules":{"2":"1.89","30":"1.59","500":"1.19"},"minimum":null},"dropshippinger":{"product_id":30887,"role":"dropshippinger","pricing_type":"flat","regular_price":null,"sale_price":null,"discount":null,"discount_type":"sale_price","tiered_pricing_type":"fixed","percentage_rules":[],"fixed_rules":{"1":"2.39","5":"1.89","30":"1.39"},"minimum":null}},"tiered_pricing_percentage_rules":[],"tiered_pricing_maximum_quantity":null,"tiered_pricing_quantity_step":null,"_links":{"self":[{"href":"https:\/\/gretasexylingerie.com\/de\/wp-json\/wp\/v2\/product\/30887","targetHints":{"allow":["GET"]}}],"collection":[{"href":"https:\/\/gretasexylingerie.com\/de\/wp-json\/wp\/v2\/product"}],"about":[{"href":"https:\/\/gretasexylingerie.com\/de\/wp-json\/wp\/v2\/types\/product"}],"wp:featuredmedia":[{"embeddable":true,"href":"https:\/\/gretasexylingerie.com\/de\/wp-json\/wp\/v2\/media\/30889"}],"wp:attachment":[{"href":"https:\/\/gretasexylingerie.com\/de\/wp-json\/wp\/v2\/media?parent=30887"}],"wp:term":[{"taxonomy":"product_brand","embeddable":true,"href":"https:\/\/gretasexylingerie.com\/de\/wp-json\/wp\/v2\/product_brand?post=30887"},{"taxonomy":"product_cat","embeddable":true,"href":"https:\/\/gretasexylingerie.com\/de\/wp-json\/wp\/v2\/product_cat?post=30887"},{"taxonomy":"product_tag","embeddable":true,"href":"https:\/\/gretasexylingerie.com\/de\/wp-json\/wp\/v2\/product_tag?post=30887"}],"curies":[{"name":"wp","href":"https:\/\/api.w.org\/{rel}","templated":true}]}}