{"id":30849,"date":"2023-01-27T18:43:28","date_gmt":"2023-01-27T10:43:28","guid":{"rendered":"https:\/\/gretasexylingerie.com\/?post_type=product&#038;p=30849"},"modified":"2024-02-15T22:50:42","modified_gmt":"2024-02-15T14:50:42","slug":"dunkelrosa-netz-bodystocking-mit-schleife","status":"publish","type":"product","link":"https:\/\/gretasexylingerie.com\/de\/products\/deep-pink-bowknot-fishnet-full-bodystocking\/","title":{"rendered":"Dunkelrosa Netz-Bodystocking mit Schleife"},"content":{"rendered":"<ul class=\"wp-block-list\">\n<li>Der Owknot-Netz-Bodystocking besteht aus hochwertigem Nylon und Spandex, das weich, dehnbar und langlebig ist. Das Material ist sehr glatt und sorgt f\u00fcr ein weiches und angenehmes Gef\u00fchl.<\/li>\n\n\n\n<li>Der Ganzk\u00f6rper-Body hat eine Einheitsgr\u00f6\u00dfe, ist dehnbar, eine Einheitsgr\u00f6\u00dfe und schmeichelt Ihrer Figur gut.<\/li>\n\n\n\n<li>Gute Geschenkauswahl: Netzunterw\u00e4schestr\u00fcmpfe k\u00f6nnen Ihren Freundinnen und besten Freunden auf Festivals geschenkt werden, zeigen Sie Ihre Weiblichkeit und sorgen Sie f\u00fcr Spa\u00df am s\u00fc\u00dfen Valentinstag, Jubil\u00e4um und anderen Festivals<\/li>\n\n\n\n<li>Modedesign: Netz-Body-Socken, modisch, durchsichtig, das Design bringt visuelle Wirkung, spiegelt Wildheit und Sch\u00e4rfe wider, Sie k\u00f6nnen es mit t\u00e4glichen R\u00f6cken oder Hotpants, B\u00fchnenauftritten und Cosplay-Partys kombinieren, zeigen Sie Ihre Figur und inspirieren Sie Ihr Selbstvertrauen<\/li>\n<\/ul>","protected":false},"excerpt":{"rendered":"<p>Versch\u00f6nern Sie Ihre Abende in diesem s\u00fc\u00dfen und sexy tiefrosa Fischnetz-Body mit Schleife. Es hat ein offenes Design, eine Schleife an der Brust, R\u00fcschen um die K\u00f6rbchen, ein zartes florales Oberteil und eine Netzsocke.<\/p>","protected":false},"featured_media":30852,"template":"","meta":[],"product_brand":[],"product_cat":[407,405,367,404],"product_tag":[512,541,518,446,449],"class_list":{"0":"post-30849","1":"product","2":"type-product","3":"status-publish","4":"has-post-thumbnail","6":"product_cat-wholesale-full-body-stocking","7":"product_cat-wholesale-bodystocking","8":"product_cat-sexy-lingerie","9":"product_cat-sexy-stocking","10":"product_tag-bow-lingerie","11":"product_tag-fishnet-lingerie","12":"product_tag-mesh-lingerie","13":"product_tag-wholesale-sexy-see-through-lingerie","14":"product_tag-wholesale-sexy-crotchless-lingerie","15":"pa_color-deep-pink-women-sexy-lingerie","16":"pa_size-free","18":"first","19":"instock","20":"taxable","21":"shipping-taxable","22":"purchasable","23":"product-type-variable"},"tiered_pricing_type":"fixed","tiered_pricing_fixed_rules":[],"tiered_pricing_product_settings":{"layout":"table","base_unit_name":{"singular":null,"plural":null},"default_variation":null},"tiered_pricing_minimum_quantity":null,"tiered_pricing_roles_data":{"default_wholesaler":{"product_id":30849,"role":"default_wholesaler","pricing_type":"flat","regular_price":null,"sale_price":null,"discount":null,"discount_type":"sale_price","tiered_pricing_type":"fixed","percentage_rules":[],"fixed_rules":{"2":"1.59","30":"1.29","500":"0.99"},"minimum":null},"dropshippinger":{"product_id":30849,"role":"dropshippinger","pricing_type":"flat","regular_price":null,"sale_price":null,"discount":null,"discount_type":"sale_price","tiered_pricing_type":"fixed","percentage_rules":[],"fixed_rules":{"1":"1.99","5":"1.59","30":"1.19"},"minimum":null}},"tiered_pricing_percentage_rules":[],"tiered_pricing_maximum_quantity":null,"tiered_pricing_quantity_step":null,"_links":{"self":[{"href":"https:\/\/gretasexylingerie.com\/de\/wp-json\/wp\/v2\/product\/30849","targetHints":{"allow":["GET"]}}],"collection":[{"href":"https:\/\/gretasexylingerie.com\/de\/wp-json\/wp\/v2\/product"}],"about":[{"href":"https:\/\/gretasexylingerie.com\/de\/wp-json\/wp\/v2\/types\/product"}],"wp:featuredmedia":[{"embeddable":true,"href":"https:\/\/gretasexylingerie.com\/de\/wp-json\/wp\/v2\/media\/30852"}],"wp:attachment":[{"href":"https:\/\/gretasexylingerie.com\/de\/wp-json\/wp\/v2\/media?parent=30849"}],"wp:term":[{"taxonomy":"product_brand","embeddable":true,"href":"https:\/\/gretasexylingerie.com\/de\/wp-json\/wp\/v2\/product_brand?post=30849"},{"taxonomy":"product_cat","embeddable":true,"href":"https:\/\/gretasexylingerie.com\/de\/wp-json\/wp\/v2\/product_cat?post=30849"},{"taxonomy":"product_tag","embeddable":true,"href":"https:\/\/gretasexylingerie.com\/de\/wp-json\/wp\/v2\/product_tag?post=30849"}],"curies":[{"name":"wp","href":"https:\/\/api.w.org\/{rel}","templated":true}]}}