{"id":30840,"date":"2023-01-27T18:25:39","date_gmt":"2023-01-27T10:25:39","guid":{"rendered":"https:\/\/gretasexylingerie.com\/?post_type=product&#038;p=30840"},"modified":"2023-09-05T20:50:26","modified_gmt":"2023-09-05T12:50:26","slug":"sexy-netz-bodystocking-mit-offenem-schritt","status":"publish","type":"product","link":"https:\/\/gretasexylingerie.com\/de\/products\/sexy-crotchless-fishnet-bodystocking\/","title":{"rendered":"Sexy Netz-Bodystocking ohne Schritt"},"content":{"rendered":"<ul class=\"wp-block-list\">\n<li>Der Netz-Bodystocking mit Neckholder im Schritt besteht aus hochwertigem Nylon und Spandex, das weich, dehnbar und langlebig ist. Das Material ist sehr glatt und sorgt f\u00fcr ein weiches und angenehmes Gef\u00fchl.<\/li>\n\n\n\n<li>Ouvert-Netz-Bodystocking ist eine Einheitsgr\u00f6\u00dfe, dehnbar, eine Einheitsgr\u00f6\u00dfe, schmeichelt Ihrer Figur gut.<\/li>\n\n\n\n<li>Gute Geschenkauswahl: Netzunterw\u00e4schestr\u00fcmpfe k\u00f6nnen Ihren Freundinnen und besten Freunden auf Festivals geschenkt werden, zeigen Sie Ihre Weiblichkeit und sorgen Sie f\u00fcr Spa\u00df am s\u00fc\u00dfen Valentinstag, Jubil\u00e4um und anderen Festivals<br>*Modedesign: Netz-Body-Socken, modisch, durchsichtig, das Design bringt visuelle Wirkung, spiegelt Wildheit und Sch\u00e4rfe wider, Sie k\u00f6nnen es mit t\u00e4glichen R\u00f6cken oder Hotpants, B\u00fchnenauftritten und Cosplay-Partys kombinieren, zeigen Sie Ihre Figur und wecken Sie Ihr Selbstvertrauen<\/li>\n<\/ul>","protected":false},"excerpt":{"rendered":"<p>Arbeiten Sie schwarze Magie in Ihren Flitterwochen in dem sexy Neckholder-Crotchless-Fischnetz-Bodystocking. Ausgestattet mit einem koketten Fischnetz-Design mit floralen Details an Brust und Bauch, floralen Details an den Knien und einem Neckholder-Stil.<\/p>","protected":false},"featured_media":30842,"template":"","meta":[],"product_brand":[],"product_cat":[407,405,404],"product_tag":[448,528,518,451,446,449],"class_list":{"0":"post-30840","1":"product","2":"type-product","3":"status-publish","4":"has-post-thumbnail","6":"product_cat-wholesale-full-body-stocking","7":"product_cat-wholesale-bodystocking","8":"product_cat-sexy-stocking","9":"product_tag-wholesale-elegant-sexy-lingerie","10":"product_tag-halter-lingerie","11":"product_tag-mesh-lingerie","12":"product_tag-wholesale-revealing-lingerie","13":"product_tag-wholesale-sexy-see-through-lingerie","14":"product_tag-wholesale-sexy-crotchless-lingerie","15":"pa_color-black","16":"pa_size-free","18":"first","19":"instock","20":"taxable","21":"shipping-taxable","22":"purchasable","23":"product-type-variable"},"tiered_pricing_type":"fixed","tiered_pricing_fixed_rules":[],"tiered_pricing_product_settings":{"layout":"default","base_unit_name":{"singular":null,"plural":null},"default_variation":{}},"tiered_pricing_minimum_quantity":null,"tiered_pricing_roles_data":{"default_wholesaler":{"product_id":30840,"role":"default_wholesaler","pricing_type":"flat","regular_price":null,"sale_price":null,"discount":null,"discount_type":"sale_price","tiered_pricing_type":"fixed","percentage_rules":[],"fixed_rules":{"2":"2.69","30":"2.19","500":"1.69"},"minimum":null},"dropshippinger":{"product_id":30840,"role":"dropshippinger","pricing_type":"flat","regular_price":3.27,"sale_price":null,"discount":null,"discount_type":"sale_price","tiered_pricing_type":"fixed","percentage_rules":[],"fixed_rules":{"1":"3.29","5":"2.69","30":"1.89"},"minimum":null}},"tiered_pricing_percentage_rules":[],"tiered_pricing_maximum_quantity":null,"tiered_pricing_quantity_step":null,"_links":{"self":[{"href":"https:\/\/gretasexylingerie.com\/de\/wp-json\/wp\/v2\/product\/30840","targetHints":{"allow":["GET"]}}],"collection":[{"href":"https:\/\/gretasexylingerie.com\/de\/wp-json\/wp\/v2\/product"}],"about":[{"href":"https:\/\/gretasexylingerie.com\/de\/wp-json\/wp\/v2\/types\/product"}],"wp:featuredmedia":[{"embeddable":true,"href":"https:\/\/gretasexylingerie.com\/de\/wp-json\/wp\/v2\/media\/30842"}],"wp:attachment":[{"href":"https:\/\/gretasexylingerie.com\/de\/wp-json\/wp\/v2\/media?parent=30840"}],"wp:term":[{"taxonomy":"product_brand","embeddable":true,"href":"https:\/\/gretasexylingerie.com\/de\/wp-json\/wp\/v2\/product_brand?post=30840"},{"taxonomy":"product_cat","embeddable":true,"href":"https:\/\/gretasexylingerie.com\/de\/wp-json\/wp\/v2\/product_cat?post=30840"},{"taxonomy":"product_tag","embeddable":true,"href":"https:\/\/gretasexylingerie.com\/de\/wp-json\/wp\/v2\/product_tag?post=30840"}],"curies":[{"name":"wp","href":"https:\/\/api.w.org\/{rel}","templated":true}]}}