{"id":30827,"date":"2023-01-26T12:37:12","date_gmt":"2023-01-26T04:37:12","guid":{"rendered":"https:\/\/gretasexylingerie.com\/?post_type=product&#038;p=30827"},"modified":"2023-09-05T20:50:26","modified_gmt":"2023-09-05T12:50:26","slug":"miss-schwarzer-bodysuit-mit-offenem-rucken-und-nackter-brust-und-harness","status":"publish","type":"product","link":"https:\/\/gretasexylingerie.com\/de\/products\/miss-open-back-bare-breast-black-harness-bodysuit\/","title":{"rendered":"Miss Open Back Bare Breast Black Harness Bodysuit"},"content":{"rendered":"<p>Merkmale:<\/p>\n\n\n\n<p>1. Mit hochwertigen Gummib\u00e4ndern kann jedes Teil frei eingestellt werden. Obwohl es nur eine Gr\u00f6\u00dfe gibt, kann es f\u00fcr S-XL-Figuren verwendet werden.<br>2. Der Schultergurt und der h\u00e4ngende Hals sind aus einem St\u00fcck gefertigt und durch einen Metallring verbunden. Das hohle Full-Cup-Design macht Ihre Br\u00fcste praller und sexy.<br>3. Verstellbarer elastischer Bund. Am Vorderteil befinden sich 3 Metallringe, die jeweils durch elastische B\u00e4nder mit den Metallringen verbunden sind. Z-f\u00f6rmige Schnalle f\u00fcr einfaches An- und Ausziehen.<br>4. Unterw\u00e4sche mit offenem Schritt, im Schritt befinden sich zwei Metallringe, die durch das Gummiband mit dem Bund verbunden sind. Das Ges\u00e4\u00df ist nicht bedeckt oder in irgendeiner Weise modifiziert.<\/p>","protected":false},"excerpt":{"rendered":"<p>Der Complex Miss Open Back Bare Breast Women Black Harness Bodysuit scheint Ihrem K\u00f6rper eine hohle R\u00fcstung hinzuzuf\u00fcgen. Mit hochwertigen kurzen Gummib\u00e4ndern kann jedes Gummiband frei eingestellt werden, hohles Vollschalen-Design, integriertes Design von Schultergurten und Neckholder, verstellbarer elastischer Bund, Unterw\u00e4sche mit offenem Schritt.<\/p>","protected":false},"featured_media":30829,"template":"","meta":[],"product_brand":[],"product_cat":[379,377,367],"product_tag":[448,446,449,533,447],"class_list":{"0":"post-30827","1":"product","2":"type-product","3":"status-publish","4":"has-post-thumbnail","6":"product_cat-wholesale-harness-bodysuit","7":"product_cat-harness-lingerie","8":"product_cat-sexy-lingerie","9":"product_tag-wholesale-elegant-sexy-lingerie","10":"product_tag-wholesale-sexy-see-through-lingerie","11":"product_tag-wholesale-sexy-crotchless-lingerie","12":"product_tag-sexy-cupless-lingerie","13":"product_tag-wholesale-strappy-sexy-lingerie","14":"pa_color-black","15":"pa_size-free","17":"first","18":"instock","19":"taxable","20":"shipping-taxable","21":"purchasable","22":"product-type-variable"},"tiered_pricing_type":"fixed","tiered_pricing_fixed_rules":[],"tiered_pricing_product_settings":{"layout":"default","base_unit_name":{"singular":null,"plural":null},"default_variation":null},"tiered_pricing_minimum_quantity":null,"tiered_pricing_roles_data":{"default_wholesaler":{"product_id":30827,"role":"default_wholesaler","pricing_type":"flat","regular_price":null,"sale_price":null,"discount":null,"discount_type":"sale_price","tiered_pricing_type":"fixed","percentage_rules":[],"fixed_rules":{"2":"9.39","30":"8.29","500":"7.29"},"minimum":null},"dropshippinger":{"product_id":30827,"role":"dropshippinger","pricing_type":"flat","regular_price":null,"sale_price":null,"discount":null,"discount_type":"sale_price","tiered_pricing_type":"fixed","percentage_rules":[],"fixed_rules":{"1":"13.19","5":"10.99","30":"8.29"},"minimum":null}},"tiered_pricing_percentage_rules":[],"tiered_pricing_maximum_quantity":null,"tiered_pricing_quantity_step":null,"_links":{"self":[{"href":"https:\/\/gretasexylingerie.com\/de\/wp-json\/wp\/v2\/product\/30827","targetHints":{"allow":["GET"]}}],"collection":[{"href":"https:\/\/gretasexylingerie.com\/de\/wp-json\/wp\/v2\/product"}],"about":[{"href":"https:\/\/gretasexylingerie.com\/de\/wp-json\/wp\/v2\/types\/product"}],"wp:featuredmedia":[{"embeddable":true,"href":"https:\/\/gretasexylingerie.com\/de\/wp-json\/wp\/v2\/media\/30829"}],"wp:attachment":[{"href":"https:\/\/gretasexylingerie.com\/de\/wp-json\/wp\/v2\/media?parent=30827"}],"wp:term":[{"taxonomy":"product_brand","embeddable":true,"href":"https:\/\/gretasexylingerie.com\/de\/wp-json\/wp\/v2\/product_brand?post=30827"},{"taxonomy":"product_cat","embeddable":true,"href":"https:\/\/gretasexylingerie.com\/de\/wp-json\/wp\/v2\/product_cat?post=30827"},{"taxonomy":"product_tag","embeddable":true,"href":"https:\/\/gretasexylingerie.com\/de\/wp-json\/wp\/v2\/product_tag?post=30827"}],"curies":[{"name":"wp","href":"https:\/\/api.w.org\/{rel}","templated":true}]}}