{"id":30753,"date":"2023-01-25T16:55:10","date_gmt":"2023-01-25T08:55:10","guid":{"rendered":"https:\/\/gretasexylingerie.com\/?post_type=product&#038;p=30753"},"modified":"2023-09-05T20:50:22","modified_gmt":"2023-09-05T12:50:22","slug":"schwarzer-funktioneller-strumpfgurtel-mit-schlaufenriemen","status":"publish","type":"product","link":"https:\/\/gretasexylingerie.com\/de\/products\/black-thigh-loop-strap-functional-garter-belt\/","title":{"rendered":"Funktioneller Strumpfg\u00fcrtel mit schwarzem Oberschenkelschlaufenriemen"},"content":{"rendered":"<p>Merkmale:<\/p>\n\n\n\n<p>1. Es wird ein hochwertiger elastischer G\u00fcrtel verwendet, der an vielen Stellen frei eingestellt werden kann, und jeder Teil des Strumpfg\u00fcrtels kann Ihren Bed\u00fcrfnissen angepasst werden.<br>2. Doppellagiger G\u00fcrtel, Cross-Style-Design, vorne und hinten durch Metallringe verbunden, jedes Teil kann frei eingestellt werden.<br>3. Zwei elastische Hosentr\u00e4ger, deren L\u00e4nge frei eingestellt werden kann. (H\u00f6schen nicht enthalten).<br>4. Die Gr\u00f6\u00dfe kann frei eingestellt werden, geeignet f\u00fcr S-XL.<\/p>","protected":false},"excerpt":{"rendered":"<p>Schwarzer Oberschenkelschlaufengurt Funktioneller Strumpfg\u00fcrtel mit schlichtem Design ist die beste Dekoration f\u00fcr Ihre Dessous. Hochwertiges Gummiband, P-f\u00f6rmiges Design, 3-lagiger verstellbarer H\u00fcftgurt, verbunden durch Schnalle, ausgestattet mit zwei Hosentr\u00e4gern.<\/p>","protected":false},"featured_media":30755,"template":"","meta":[],"product_brand":[],"product_cat":[378,377,367],"product_tag":[532,447,504],"class_list":{"0":"post-30753","1":"product","2":"type-product","3":"status-publish","4":"has-post-thumbnail","6":"product_cat-wholesale-garter-straps","7":"product_cat-harness-lingerie","8":"product_cat-sexy-lingerie","9":"product_tag-lingerie-suspender-set","10":"product_tag-wholesale-strappy-sexy-lingerie","11":"product_tag-ultra-sexy","12":"pa_color-black","13":"pa_size-free","15":"first","16":"instock","17":"taxable","18":"shipping-taxable","19":"purchasable","20":"product-type-variable"},"tiered_pricing_type":"fixed","tiered_pricing_fixed_rules":[],"tiered_pricing_product_settings":{"layout":"default","base_unit_name":{"singular":null,"plural":null},"default_variation":null},"tiered_pricing_minimum_quantity":null,"tiered_pricing_roles_data":{"default_wholesaler":{"product_id":30753,"role":"default_wholesaler","pricing_type":"flat","regular_price":null,"sale_price":null,"discount":null,"discount_type":"sale_price","tiered_pricing_type":"fixed","percentage_rules":[],"fixed_rules":{"2":"3.59","30":"3.19","500":"2.79"},"minimum":null},"dropshippinger":{"product_id":30753,"role":"dropshippinger","pricing_type":"flat","regular_price":null,"sale_price":null,"discount":null,"discount_type":"sale_price","tiered_pricing_type":"fixed","percentage_rules":[],"fixed_rules":{"1":"4.99","5":"4.19","30":"3.19"},"minimum":null}},"tiered_pricing_percentage_rules":[],"tiered_pricing_maximum_quantity":null,"tiered_pricing_quantity_step":null,"_links":{"self":[{"href":"https:\/\/gretasexylingerie.com\/de\/wp-json\/wp\/v2\/product\/30753","targetHints":{"allow":["GET"]}}],"collection":[{"href":"https:\/\/gretasexylingerie.com\/de\/wp-json\/wp\/v2\/product"}],"about":[{"href":"https:\/\/gretasexylingerie.com\/de\/wp-json\/wp\/v2\/types\/product"}],"wp:featuredmedia":[{"embeddable":true,"href":"https:\/\/gretasexylingerie.com\/de\/wp-json\/wp\/v2\/media\/30755"}],"wp:attachment":[{"href":"https:\/\/gretasexylingerie.com\/de\/wp-json\/wp\/v2\/media?parent=30753"}],"wp:term":[{"taxonomy":"product_brand","embeddable":true,"href":"https:\/\/gretasexylingerie.com\/de\/wp-json\/wp\/v2\/product_brand?post=30753"},{"taxonomy":"product_cat","embeddable":true,"href":"https:\/\/gretasexylingerie.com\/de\/wp-json\/wp\/v2\/product_cat?post=30753"},{"taxonomy":"product_tag","embeddable":true,"href":"https:\/\/gretasexylingerie.com\/de\/wp-json\/wp\/v2\/product_tag?post=30753"}],"curies":[{"name":"wp","href":"https:\/\/api.w.org\/{rel}","templated":true}]}}