{"id":30744,"date":"2023-01-25T16:45:41","date_gmt":"2023-01-25T08:45:41","guid":{"rendered":"https:\/\/gretasexylingerie.com\/?post_type=product&#038;p=30744"},"modified":"2023-09-05T20:50:21","modified_gmt":"2023-09-05T12:50:21","slug":"elastischer-huftlift-strumpfgurtel-mit-spikes","status":"publish","type":"product","link":"https:\/\/gretasexylingerie.com\/de\/products\/hip-lift-elastic-garter-belt-with-spikes\/","title":{"rendered":"Hip Lift Elastischer Strumpfg\u00fcrtel mit Spikes"},"content":{"rendered":"<p>Merkmale:<\/p>\n\n\n\n<p>1. Hochelastischer gewebter G\u00fcrtel, weiche Innenschicht. Obwohl es nur eine Gr\u00f6\u00dfe gibt, kann es viele K\u00f6rpertypen aufnehmen. Sie werden sich nicht unwohl f\u00fchlen.<br>2. Das 3-lagige G\u00fcrteldesign macht das Strumpfband st\u00e4rker. Metallringe werden verwendet, um den H\u00fcftgurt zu verbinden, der nicht nur bequem, sondern auch stabil ist. Jedes Gelenk ist mit einer Niete verziert.<br>3. Der Beinring ist direkt mit dem Strumpfg\u00fcrtel verbunden, um peinliche Situationen zu vermeiden.<br>4. Die Gr\u00f6\u00dfe kann frei eingestellt werden, geeignet f\u00fcr S-XL.<\/p>","protected":false},"excerpt":{"rendered":"<p>Entfesseln Sie Ihre sexuelle Natur mit dem elastischen Strumpfg\u00fcrtel mit H\u00fcftlift und Spikes. Mit hochwertigen Riemen verbinden zwei Metallringe 3 G\u00fcrtel, jede Schnittstelle ist mit Nieten und einteiligen Beinschlaufen verbunden. (ohne H\u00f6schen)<\/p>","protected":false},"featured_media":30747,"template":"","meta":[],"product_brand":[],"product_cat":[378,377,367],"product_tag":[524,447,504],"class_list":{"0":"post-30744","1":"product","2":"type-product","3":"status-publish","4":"has-post-thumbnail","6":"product_cat-wholesale-garter-straps","7":"product_cat-harness-lingerie","8":"product_cat-sexy-lingerie","9":"product_tag-metal-lingerie","10":"product_tag-wholesale-strappy-sexy-lingerie","11":"product_tag-ultra-sexy","12":"pa_color-black","13":"pa_size-free","15":"first","16":"instock","17":"taxable","18":"shipping-taxable","19":"purchasable","20":"product-type-variable"},"tiered_pricing_type":"fixed","tiered_pricing_fixed_rules":[],"tiered_pricing_product_settings":{"layout":"default","base_unit_name":{"singular":null,"plural":null},"default_variation":null},"tiered_pricing_minimum_quantity":null,"tiered_pricing_roles_data":{"default_wholesaler":{"product_id":30744,"role":"default_wholesaler","pricing_type":"flat","regular_price":null,"sale_price":null,"discount":null,"discount_type":"sale_price","tiered_pricing_type":"fixed","percentage_rules":[],"fixed_rules":{"2":"3.19","30":"2.79","500":"2.49"},"minimum":null},"dropshippinger":{"product_id":30744,"role":"dropshippinger","pricing_type":"flat","regular_price":null,"sale_price":null,"discount":null,"discount_type":"sale_price","tiered_pricing_type":"fixed","percentage_rules":[],"fixed_rules":{"1":"4.39","5":"3.69","30":"2.79"},"minimum":null}},"tiered_pricing_percentage_rules":[],"tiered_pricing_maximum_quantity":null,"tiered_pricing_quantity_step":null,"_links":{"self":[{"href":"https:\/\/gretasexylingerie.com\/de\/wp-json\/wp\/v2\/product\/30744","targetHints":{"allow":["GET"]}}],"collection":[{"href":"https:\/\/gretasexylingerie.com\/de\/wp-json\/wp\/v2\/product"}],"about":[{"href":"https:\/\/gretasexylingerie.com\/de\/wp-json\/wp\/v2\/types\/product"}],"wp:featuredmedia":[{"embeddable":true,"href":"https:\/\/gretasexylingerie.com\/de\/wp-json\/wp\/v2\/media\/30747"}],"wp:attachment":[{"href":"https:\/\/gretasexylingerie.com\/de\/wp-json\/wp\/v2\/media?parent=30744"}],"wp:term":[{"taxonomy":"product_brand","embeddable":true,"href":"https:\/\/gretasexylingerie.com\/de\/wp-json\/wp\/v2\/product_brand?post=30744"},{"taxonomy":"product_cat","embeddable":true,"href":"https:\/\/gretasexylingerie.com\/de\/wp-json\/wp\/v2\/product_cat?post=30744"},{"taxonomy":"product_tag","embeddable":true,"href":"https:\/\/gretasexylingerie.com\/de\/wp-json\/wp\/v2\/product_tag?post=30744"}],"curies":[{"name":"wp","href":"https:\/\/api.w.org\/{rel}","templated":true}]}}