{"id":30735,"date":"2023-01-25T16:22:58","date_gmt":"2023-01-25T08:22:58","guid":{"rendered":"https:\/\/gretasexylingerie.com\/?post_type=product&#038;p=30735"},"modified":"2023-09-05T20:50:20","modified_gmt":"2023-09-05T12:50:20","slug":"schwarzer-hottie-bodysuit-mit-harness","status":"publish","type":"product","link":"https:\/\/gretasexylingerie.com\/de\/products\/black-harnessed-hottie-bodysuit\/","title":{"rendered":"Schwarzer Hottie-Bodysuit mit Geschirr"},"content":{"rendered":"<p>Merkmale:<\/p>\n\n\n\n<p>1. Entwerfen Sie einen auff\u00e4lligen Riemenstil mit hochelastischen Riemen und mehreren verstellbaren Designs. Obwohl es nur eine Gr\u00f6\u00dfe gibt, passt es f\u00fcr alle K\u00f6rpertypen.<br>2, 3 Lagen verstellbare Halsringe, verbunden durch Metallringe, sehr sexy.<br>3. Doppeltes Schultergurt-Design, die dreieckige Tasse kann die Brust nicht nur praller, sondern auch stabiler machen.<br>4. Unterw\u00e4sche mit offenem Schritt, zweilagiges Design mit verstellbarem H\u00fcftgurt; Jedes Teil kann frei eingestellt und mit Metallringen verbunden werden, um Sie bequemer zu machen.<br>5. 4 Schichten verstellbare elastische Beinringe, die mit Metallringen verbunden sind.<\/p>","protected":false},"excerpt":{"rendered":"<p>B\u00fcndeln Sie sich und schenken Sie es einem geliebten Menschen in dem auff\u00e4lligen schwarzen Harnessed Hottie Bodysuit. Durch die Verwendung hochwertiger Gummib\u00e4nder und mehrfach verstellbarer Designs k\u00f6nnen mehr Figuren, 3-lagige Tr\u00e4ger mit Neckholder-Design, verstellbare doppelte Schultergurte, jede Verbindung mit einem Metallring, Unterw\u00e4sche mit offenem Schritt und 4 Schichten elastischer Beinschlaufen aufgenommen werden.<\/p>","protected":false},"featured_media":30739,"template":"","meta":[],"product_brand":[],"product_cat":[380,377,367],"product_tag":[448,514,451,446,449,533,447,504],"class_list":{"0":"post-30735","1":"product","2":"type-product","3":"status-publish","4":"has-post-thumbnail","6":"product_cat-wholesale-harness-bra-and-panty-set","7":"product_cat-harness-lingerie","8":"product_cat-sexy-lingerie","9":"product_tag-wholesale-elegant-sexy-lingerie","10":"product_tag-four-pcs-set","11":"product_tag-wholesale-revealing-lingerie","12":"product_tag-wholesale-sexy-see-through-lingerie","13":"product_tag-wholesale-sexy-crotchless-lingerie","14":"product_tag-sexy-cupless-lingerie","15":"product_tag-wholesale-strappy-sexy-lingerie","16":"product_tag-ultra-sexy","17":"pa_color-black","18":"pa_cup-wholesale-cupness-women-sexy-lingerie","19":"pa_size-free","21":"first","22":"instock","23":"taxable","24":"shipping-taxable","25":"purchasable","26":"product-type-variable"},"tiered_pricing_type":"fixed","tiered_pricing_fixed_rules":[],"tiered_pricing_product_settings":{"layout":"default","base_unit_name":{"singular":null,"plural":null},"default_variation":null},"tiered_pricing_minimum_quantity":null,"tiered_pricing_roles_data":{"default_wholesaler":{"product_id":30735,"role":"default_wholesaler","pricing_type":"flat","regular_price":null,"sale_price":null,"discount":null,"discount_type":"sale_price","tiered_pricing_type":"fixed","percentage_rules":[],"fixed_rules":{"2":"13.69","30":"11.99","500":"10.59"},"minimum":null},"dropshippinger":{"product_id":30735,"role":"dropshippinger","pricing_type":"flat","regular_price":null,"sale_price":null,"discount":null,"discount_type":"sale_price","tiered_pricing_type":"fixed","percentage_rules":[],"fixed_rules":{"1":"19.09","5":"15.89","30":"11.99"},"minimum":null}},"tiered_pricing_percentage_rules":[],"tiered_pricing_maximum_quantity":null,"tiered_pricing_quantity_step":null,"_links":{"self":[{"href":"https:\/\/gretasexylingerie.com\/de\/wp-json\/wp\/v2\/product\/30735","targetHints":{"allow":["GET"]}}],"collection":[{"href":"https:\/\/gretasexylingerie.com\/de\/wp-json\/wp\/v2\/product"}],"about":[{"href":"https:\/\/gretasexylingerie.com\/de\/wp-json\/wp\/v2\/types\/product"}],"wp:featuredmedia":[{"embeddable":true,"href":"https:\/\/gretasexylingerie.com\/de\/wp-json\/wp\/v2\/media\/30739"}],"wp:attachment":[{"href":"https:\/\/gretasexylingerie.com\/de\/wp-json\/wp\/v2\/media?parent=30735"}],"wp:term":[{"taxonomy":"product_brand","embeddable":true,"href":"https:\/\/gretasexylingerie.com\/de\/wp-json\/wp\/v2\/product_brand?post=30735"},{"taxonomy":"product_cat","embeddable":true,"href":"https:\/\/gretasexylingerie.com\/de\/wp-json\/wp\/v2\/product_cat?post=30735"},{"taxonomy":"product_tag","embeddable":true,"href":"https:\/\/gretasexylingerie.com\/de\/wp-json\/wp\/v2\/product_tag?post=30735"}],"curies":[{"name":"wp","href":"https:\/\/api.w.org\/{rel}","templated":true}]}}