{"id":30674,"date":"2023-01-25T12:31:07","date_gmt":"2023-01-25T04:31:07","guid":{"rendered":"https:\/\/gretasexylingerie.com\/?post_type=product&#038;p=30674"},"modified":"2023-12-09T21:34:59","modified_gmt":"2023-12-09T13:34:59","slug":"trager-perspektive-sling-mesh-chemise","status":"publish","type":"product","link":"https:\/\/gretasexylingerie.com\/de\/products\/strap-perspective-sling-mesh-chemise\/","title":{"rendered":"Gro\u00dfhandel Strap Perspective Sling Mesh Chemise"},"content":{"rendered":"<p>Merkmale:<\/p>\n\n\n\n<p>1. Das hochelastische transparente Netz kann Ihren K\u00f6rper sehr gut zur\u00fcckhalten, und das h\u00fcftumh\u00fcllende Design schr\u00e4nkt Ihre Bewegung nicht ein.<br>2. Verstellbare breite Schultergurte, Pull-up-Design, machen Ihre Brust praller.<br>3. Die Linien aus mehreren breiten B\u00e4ndern machen Ihren K\u00f6rper optisch sch\u00f6ner. Es gibt zwei verl\u00e4ngerte Riemen.<\/p>\n\n\n\n<figure class=\"wp-block-table is-style-stripes\"><table><tbody><tr><td colspan=\"4\">Standortdiagramm (CM)<\/td><\/tr><tr><td>Gr\u00f6\u00dfe<\/td><td>Unter Fehlschlag<\/td><td>Taille<\/td><td>L\u00e4nge<\/td><\/tr><tr><td>S<\/td><td>64-90<\/td><td>64-84<\/td><td>72<\/td><\/tr><tr><td>M<\/td><td>68-94<\/td><td>68-88<\/td><td>74<\/td><\/tr><tr><td>L<\/td><td>72-98<\/td><td>72-92<\/td><td>76<\/td><\/tr><tr><td colspan=\"4\">Site-Diagramm (Zoll)<\/td><\/tr><tr><td>Gr\u00f6\u00dfe<\/td><td>Unter Fehlschlag<\/td><td>Taille<\/td><td>Taille<\/td><\/tr><tr><td>S<\/td><td>25.6-36<\/td><td>25.6-36<\/td><td>28.8<\/td><\/tr><tr><td>M<\/td><td>27.2-37.6<\/td><td>27.2-37.6<\/td><td>29.6<\/td><\/tr><tr><td>L<\/td><td>28.8-39.2<\/td><td>28.8-39.2<\/td><td>30.4<\/td><\/tr><tr><td colspan=\"4\">Hinweis: 1. Je nach Gr\u00f6\u00dfe, Lage und Dehnung des Stoffes kann es zu Abweichungen von 1-2 cm kommen. Die Gr\u00f6\u00dfentabelle dient nur als Referenz, es kann zu kleinen Abweichungen bei dem, was Sie erhalten, kommen. 2. Es gibt 3 Arten von Elastizit\u00e4t: Hohe Elastizit\u00e4t (beidseitig gedehnt), Mittlere Elastizit\u00e4t (einseitig gedehnt) und Nichtelastisch (kann nicht gedehnt werden). 3. Die Farbe kann aufgrund der unterschiedlichen PC-Anzeige heller oder dunkler sein. 4. Waschen Sie es von Hand in 30-Grad-Wasser, h\u00e4ngen Sie es zum Trocknen im Schatten auf und verbieten Sie das Bleichen. 5. Es kann zu leichten Abweichungen im Detail und im Muster kommen.<\/td><\/tr><\/tbody><\/table><\/figure>","protected":false},"excerpt":{"rendered":"<p>Lassen Sie das Strap Perspective Sling Mesh Chemise einen geheimnisvollen Schuss \u00fcber Ihren K\u00f6rper werfen. Die Verwendung von hochelastischem feinem Netz kann Ihren K\u00f6rper schlanker machen, und das verstellbare breite Schultergurt-Design kann Ihren K\u00f6rper durch die Darstellung mehrerer breiter Tr\u00e4ger sexy machen.<\/p>\n<p>https:\/\/youtu.be\/UeoPEjfx1fU<\/p>","protected":false},"featured_media":30679,"template":"","meta":[],"product_brand":[],"product_cat":[394,422,367],"product_tag":[518,973,446,447],"class_list":{"0":"post-30674","1":"product","2":"type-product","3":"status-publish","4":"has-post-thumbnail","6":"product_cat-wholesale-mesh-chemise","7":"product_cat-sexy-chemise","8":"product_cat-sexy-lingerie","9":"product_tag-mesh-lingerie","10":"product_tag-oem","11":"product_tag-wholesale-sexy-see-through-lingerie","12":"product_tag-wholesale-strappy-sexy-lingerie","13":"pa_color-black","14":"pa_cup-wholesale-half-cup-women-sexy-lingerie","15":"pa_size-wholesale-large-size-women-sexy-lingerie","16":"pa_size-wholesale-medium-size-women-sexy-lingerie","17":"pa_size-wholesale-small-size-sexy-lingerie","19":"first","20":"outofstock","21":"taxable","22":"shipping-taxable","23":"purchasable","24":"product-type-variable"},"tiered_pricing_type":"fixed","tiered_pricing_fixed_rules":[],"tiered_pricing_product_settings":{"layout":"default","base_unit_name":{"singular":null,"plural":null},"default_variation":{}},"tiered_pricing_minimum_quantity":null,"tiered_pricing_roles_data":{"default_wholesaler":{"product_id":30674,"role":"default_wholesaler","pricing_type":"flat","regular_price":null,"sale_price":null,"discount":null,"discount_type":"sale_price","tiered_pricing_type":"fixed","percentage_rules":[],"fixed_rules":{"2":"9.69","30":"8.29","500":"7.29"},"minimum":null},"dropshippinger":{"product_id":30674,"role":"dropshippinger","pricing_type":"flat","regular_price":null,"sale_price":null,"discount":null,"discount_type":"sale_price","tiered_pricing_type":"fixed","percentage_rules":[],"fixed_rules":{"1":"11.59","5":"9.69","30":"8.29"},"minimum":null}},"tiered_pricing_percentage_rules":[],"tiered_pricing_maximum_quantity":null,"tiered_pricing_quantity_step":null,"_links":{"self":[{"href":"https:\/\/gretasexylingerie.com\/de\/wp-json\/wp\/v2\/product\/30674","targetHints":{"allow":["GET"]}}],"collection":[{"href":"https:\/\/gretasexylingerie.com\/de\/wp-json\/wp\/v2\/product"}],"about":[{"href":"https:\/\/gretasexylingerie.com\/de\/wp-json\/wp\/v2\/types\/product"}],"wp:featuredmedia":[{"embeddable":true,"href":"https:\/\/gretasexylingerie.com\/de\/wp-json\/wp\/v2\/media\/30679"}],"wp:attachment":[{"href":"https:\/\/gretasexylingerie.com\/de\/wp-json\/wp\/v2\/media?parent=30674"}],"wp:term":[{"taxonomy":"product_brand","embeddable":true,"href":"https:\/\/gretasexylingerie.com\/de\/wp-json\/wp\/v2\/product_brand?post=30674"},{"taxonomy":"product_cat","embeddable":true,"href":"https:\/\/gretasexylingerie.com\/de\/wp-json\/wp\/v2\/product_cat?post=30674"},{"taxonomy":"product_tag","embeddable":true,"href":"https:\/\/gretasexylingerie.com\/de\/wp-json\/wp\/v2\/product_tag?post=30674"}],"curies":[{"name":"wp","href":"https:\/\/api.w.org\/{rel}","templated":true}]}}