{"id":30638,"date":"2023-01-24T20:54:27","date_gmt":"2023-01-24T12:54:27","guid":{"rendered":"https:\/\/gretasexylingerie.com\/?post_type=product&#038;p=30638"},"modified":"2023-09-05T20:50:16","modified_gmt":"2023-09-05T12:50:16","slug":"sexy-langes-hemd-mit-tiefem-v-ausschnitt-und-seitenschlitz","status":"publish","type":"product","link":"https:\/\/gretasexylingerie.com\/de\/products\/deep-v-neck-side-slit-sexy-long-chemise\/","title":{"rendered":"Sexy langes Chemise mit tiefem V-Ausschnitt und Seitenschlitz"},"content":{"rendered":"<p>Merkmale:<\/p>\n\n\n\n<p>1. Hochwertige transparente Spitze, die Netzstruktur erh\u00f6ht die Elastizit\u00e4t des Materials und das Muster ist speziell entworfen.<br>2. Die Netzstruktur der Brust erh\u00f6ht nicht nur die Kapazit\u00e4t der Brust, sondern macht Ihre Brust auch sexy.<br>3. Der hochgeschlitzte Rock erm\u00f6glicht es Ihnen, Ihren charmanten Charme freier zu entfalten und eine wundervolle Nacht zu genie\u00dfen.<\/p>\n\n\n\n<figure class=\"wp-block-table is-style-stripes\"><table><tbody><tr><td colspan=\"4\">Standortdiagramm (CM)<\/td><\/tr><tr><td>Gr\u00f6\u00dfe<\/td><td>Unter Fehlschlag<\/td><td>L\u00e4nge<\/td><td>Taille<\/td><\/tr><tr><td>S<\/td><td>88<\/td><td>112<\/td><td>65<\/td><\/tr><tr><td>M<\/td><td>92<\/td><td>114<\/td><td>70<\/td><\/tr><tr><td>L<\/td><td>96<\/td><td>116<\/td><td>75<\/td><\/tr><tr><td>XL<\/td><td>100<\/td><td>118<\/td><td>80<\/td><\/tr><tr><td>XXL<\/td><td>104<\/td><td>120<\/td><td>85<\/td><\/tr><tr><td colspan=\"4\">Site-Diagramm (Zoll)<\/td><\/tr><tr><td>Gr\u00f6\u00dfe<\/td><td>Unter Fehlschlag<\/td><td>Cup-H\u00f6he<\/td><td>Taille<\/td><\/tr><tr><td>S<\/td><td>35.2<\/td><td>44.8<\/td><td>26<\/td><\/tr><tr><td>M<\/td><td>36.8<\/td><td>45.6<\/td><td>28<\/td><\/tr><tr><td>L<\/td><td>38.4<\/td><td>46.4<\/td><td>30<\/td><\/tr><tr><td>XL<\/td><td>40<\/td><td>47.2<\/td><td>32<\/td><\/tr><tr><td>XXL<\/td><td>41.6<\/td><td>48<\/td><td>34<\/td><\/tr><tr><td colspan=\"4\">Hinweis: 1. Je nach Gr\u00f6\u00dfe, Lage und Dehnung des Stoffes kann es zu Abweichungen von 1-2 cm kommen. Die Gr\u00f6\u00dfentabelle dient nur als Referenz, es kann zu kleinen Abweichungen bei dem, was Sie erhalten, kommen. 2. Es gibt 3 Arten von Elastizit\u00e4t: Hohe Elastizit\u00e4t (beidseitig gedehnt), Mittlere Elastizit\u00e4t (einseitig gedehnt) und Nichtelastisch (kann nicht gedehnt werden). 3. Die Farbe kann aufgrund der unterschiedlichen PC-Anzeige heller oder dunkler sein. 4. Waschen Sie es von Hand in 30-Grad-Wasser, h\u00e4ngen Sie es zum Trocknen im Schatten auf und verbieten Sie das Bleichen. 5. Es kann zu leichten Abweichungen im Detail und im Muster kommen.<\/td><\/tr><\/tbody><\/table><\/figure>","protected":false},"excerpt":{"rendered":"<p>Das Design des sexy langen Chemise mit tiefem V-Ausschnitt und Seitenschlitz ist vom japanischen Kimono inspiriert. Der transparente und sexy K\u00f6rper wird Sie sicher dazu bringen, aufzuh\u00f6ren. Es besteht aus hohlem Spitzenstoff und speziell entworfenen Mustern und bedeckt Ihren K\u00f6rper mit einer Schicht mysteri\u00f6ser Gaze. Der R\u00fccken besteht aus elastischem Netzgewebe mit verstellbaren d\u00fcnnen Schultergurten und passendem Tanga.<\/p>","protected":false},"featured_media":30640,"template":"","meta":[],"product_brand":[],"product_cat":[393,392,422,367],"product_tag":[452,516,446,504],"class_list":{"0":"post-30638","1":"product","2":"type-product","3":"status-publish","4":"has-post-thumbnail","6":"product_cat-wholesale-long-chemise","7":"product_cat-wholesale-lace-chemise","8":"product_cat-sexy-chemise","9":"product_cat-sexy-lingerie","10":"product_tag-wholesale-boudoir-lingerie","11":"product_tag-lace-lingerie","12":"product_tag-wholesale-sexy-see-through-lingerie","13":"product_tag-ultra-sexy","14":"pa_color-black","15":"pa_color-fire-brick-women-sexy-lingerie","16":"pa_color-sea-green-women-sexy-lingerie","17":"pa_color-white","18":"pa_cup-full-cup","19":"pa_size-wholesale-large-size-women-sexy-lingerie","20":"pa_size-wholesale-medium-size-women-sexy-lingerie","21":"pa_size-wholesale-small-size-sexy-lingerie","22":"pa_size-wholesale-extra-large-sexy-lingerie","23":"pa_size-extra-extra-large-sexy-lingerie","25":"first","26":"instock","27":"taxable","28":"shipping-taxable","29":"purchasable","30":"product-type-variable"},"tiered_pricing_type":"fixed","tiered_pricing_fixed_rules":[],"tiered_pricing_product_settings":{"layout":"default","base_unit_name":{"singular":null,"plural":null},"default_variation":null},"tiered_pricing_minimum_quantity":null,"tiered_pricing_roles_data":{"default_wholesaler":{"product_id":30638,"role":"default_wholesaler","pricing_type":"flat","regular_price":null,"sale_price":null,"discount":null,"discount_type":"sale_price","tiered_pricing_type":"fixed","percentage_rules":[],"fixed_rules":{"2":"7.29","30":"6.29","500":"5.49"},"minimum":null},"dropshippinger":{"product_id":30638,"role":"dropshippinger","pricing_type":"flat","regular_price":null,"sale_price":null,"discount":null,"discount_type":"sale_price","tiered_pricing_type":"fixed","percentage_rules":[],"fixed_rules":{"1":"8.79","5":"7.29","30":"6.29"},"minimum":null}},"tiered_pricing_percentage_rules":[],"tiered_pricing_maximum_quantity":null,"tiered_pricing_quantity_step":null,"_links":{"self":[{"href":"https:\/\/gretasexylingerie.com\/de\/wp-json\/wp\/v2\/product\/30638","targetHints":{"allow":["GET"]}}],"collection":[{"href":"https:\/\/gretasexylingerie.com\/de\/wp-json\/wp\/v2\/product"}],"about":[{"href":"https:\/\/gretasexylingerie.com\/de\/wp-json\/wp\/v2\/types\/product"}],"wp:featuredmedia":[{"embeddable":true,"href":"https:\/\/gretasexylingerie.com\/de\/wp-json\/wp\/v2\/media\/30640"}],"wp:attachment":[{"href":"https:\/\/gretasexylingerie.com\/de\/wp-json\/wp\/v2\/media?parent=30638"}],"wp:term":[{"taxonomy":"product_brand","embeddable":true,"href":"https:\/\/gretasexylingerie.com\/de\/wp-json\/wp\/v2\/product_brand?post=30638"},{"taxonomy":"product_cat","embeddable":true,"href":"https:\/\/gretasexylingerie.com\/de\/wp-json\/wp\/v2\/product_cat?post=30638"},{"taxonomy":"product_tag","embeddable":true,"href":"https:\/\/gretasexylingerie.com\/de\/wp-json\/wp\/v2\/product_tag?post=30638"}],"curies":[{"name":"wp","href":"https:\/\/api.w.org\/{rel}","templated":true}]}}