{"id":30544,"date":"2023-01-24T19:46:54","date_gmt":"2023-01-24T11:46:54","guid":{"rendered":"https:\/\/gretasexylingerie.com\/?post_type=product&#038;p=30544"},"modified":"2023-09-05T20:50:13","modified_gmt":"2023-09-05T12:50:13","slug":"sexy-nachthemd-set-aus-spitze-mit-strumpfband","status":"publish","type":"product","link":"https:\/\/gretasexylingerie.com\/de\/products\/sexy-garter-lace-chemise-set\/","title":{"rendered":"Sexy Strumpfhalter-Spitzen-Chemise-Set"},"content":{"rendered":"<p>Merkmale:<\/p>\n\n\n\n<p>1. Hochwertige Blumenspitze, hohles Design, schm\u00fccken die Vorderseite des K\u00f6rpers, setzen den Charme Ihres K\u00f6rpers frei.<br>2. Verstellbare Schultergurte, hochelastisches Netzgewebe auf der R\u00fcckseite und mehrere Schnallen erm\u00f6glichen eine einfachere Anpassung Ihres K\u00f6rpers.<br>3. Ausgestattet mit 4 Strumpfhaltern, hochelastischem Material und Unterw\u00e4sche aus Mesh, um Sie sexy zu machen.<\/p>\n\n\n\n<figure class=\"wp-block-table is-style-stripes\"><table><tbody><tr><td colspan=\"4\">Standortdiagramm (CM)<\/td><\/tr><tr><td>Gr\u00f6\u00dfe<\/td><td>Unter Fehlschlag<\/td><td>L\u00e4nge<\/td><td>Taille<\/td><\/tr><tr><td>S<\/td><td>86<\/td><td>59<\/td><td>65<\/td><\/tr><tr><td>M<\/td><td>91<\/td><td>61<\/td><td>70<\/td><\/tr><tr><td>L<\/td><td>96<\/td><td>62<\/td><td>75<\/td><\/tr><tr><td colspan=\"4\">Site-Diagramm (Zoll)<\/td><\/tr><tr><td>Gr\u00f6\u00dfe<\/td><td>Unter Fehlschlag<\/td><td>Cup-H\u00f6he<\/td><td>Taille<\/td><\/tr><tr><td>S<\/td><td>34.4<\/td><td>23.6<\/td><td>26<\/td><\/tr><tr><td>M<\/td><td>36.4<\/td><td>24.4<\/td><td>28<\/td><\/tr><tr><td>L<\/td><td>38.4<\/td><td>24.8<\/td><td>30<\/td><\/tr><tr><td colspan=\"4\">Hinweis: 1. Je nach Gr\u00f6\u00dfe, Lage und Dehnung des Stoffes kann es zu Abweichungen von 1-2 cm kommen. Die Gr\u00f6\u00dfentabelle dient nur als Referenz, es kann zu kleinen Abweichungen bei dem, was Sie erhalten, kommen. 2. Es gibt 3 Arten von Elastizit\u00e4t: Hohe Elastizit\u00e4t (beidseitig gedehnt), Mittlere Elastizit\u00e4t (einseitig gedehnt) und Nichtelastisch (kann nicht gedehnt werden). 3. Die Farbe kann aufgrund der unterschiedlichen PC-Anzeige heller oder dunkler sein. 4. Waschen Sie es von Hand in 30-Grad-Wasser, h\u00e4ngen Sie es zum Trocknen im Schatten auf und verbieten Sie das Bleichen. 5. Es kann zu leichten Abweichungen im Detail und im Muster kommen.<\/td><\/tr><\/tbody><\/table><\/figure>\n\n\n\n<p><\/p>","protected":false},"excerpt":{"rendered":"<p>Tragen Sie das sexy Garter Lace Matching Kit, damit jeder Mann Sie vergessen kann, indem Sie ausgeschnittene florale Spitzenbes\u00e4tze auf der Vorderseite des K\u00f6rpers und der Taille unter den Hosentr\u00e4gern mit passendem Tanga-H\u00f6schen schm\u00fccken.<\/p><\/p>","protected":false},"featured_media":30546,"template":"","meta":[],"product_brand":[],"product_cat":[392,422,367],"product_tag":[448,516,451,446],"class_list":{"0":"post-30544","1":"product","2":"type-product","3":"status-publish","4":"has-post-thumbnail","6":"product_cat-wholesale-lace-chemise","7":"product_cat-sexy-chemise","8":"product_cat-sexy-lingerie","9":"product_tag-wholesale-elegant-sexy-lingerie","10":"product_tag-lace-lingerie","11":"product_tag-wholesale-revealing-lingerie","12":"product_tag-wholesale-sexy-see-through-lingerie","13":"pa_color-black","14":"pa_color-white","15":"pa_cup-full-cup","16":"pa_size-wholesale-large-size-women-sexy-lingerie","17":"pa_size-wholesale-medium-size-women-sexy-lingerie","18":"pa_size-wholesale-small-size-sexy-lingerie","20":"first","21":"instock","22":"taxable","23":"shipping-taxable","24":"purchasable","25":"product-type-variable"},"tiered_pricing_type":"fixed","tiered_pricing_fixed_rules":[],"tiered_pricing_product_settings":{"layout":"default","base_unit_name":{"singular":null,"plural":null},"default_variation":null},"tiered_pricing_minimum_quantity":null,"tiered_pricing_roles_data":{"default_wholesaler":{"product_id":30544,"role":"default_wholesaler","pricing_type":"flat","regular_price":null,"sale_price":null,"discount":null,"discount_type":"sale_price","tiered_pricing_type":"fixed","percentage_rules":[],"fixed_rules":{"2":"6.79","30":"5.89","500":"5.09"},"minimum":null},"dropshippinger":{"product_id":30544,"role":"dropshippinger","pricing_type":"flat","regular_price":null,"sale_price":null,"discount":null,"discount_type":"sale_price","tiered_pricing_type":"fixed","percentage_rules":[],"fixed_rules":{"1":"8.19","5":"6.79","30":"5.89"},"minimum":null}},"tiered_pricing_percentage_rules":[],"tiered_pricing_maximum_quantity":null,"tiered_pricing_quantity_step":null,"_links":{"self":[{"href":"https:\/\/gretasexylingerie.com\/de\/wp-json\/wp\/v2\/product\/30544","targetHints":{"allow":["GET"]}}],"collection":[{"href":"https:\/\/gretasexylingerie.com\/de\/wp-json\/wp\/v2\/product"}],"about":[{"href":"https:\/\/gretasexylingerie.com\/de\/wp-json\/wp\/v2\/types\/product"}],"wp:featuredmedia":[{"embeddable":true,"href":"https:\/\/gretasexylingerie.com\/de\/wp-json\/wp\/v2\/media\/30546"}],"wp:attachment":[{"href":"https:\/\/gretasexylingerie.com\/de\/wp-json\/wp\/v2\/media?parent=30544"}],"wp:term":[{"taxonomy":"product_brand","embeddable":true,"href":"https:\/\/gretasexylingerie.com\/de\/wp-json\/wp\/v2\/product_brand?post=30544"},{"taxonomy":"product_cat","embeddable":true,"href":"https:\/\/gretasexylingerie.com\/de\/wp-json\/wp\/v2\/product_cat?post=30544"},{"taxonomy":"product_tag","embeddable":true,"href":"https:\/\/gretasexylingerie.com\/de\/wp-json\/wp\/v2\/product_tag?post=30544"}],"curies":[{"name":"wp","href":"https:\/\/api.w.org\/{rel}","templated":true}]}}