{"id":30468,"date":"2023-01-24T18:10:20","date_gmt":"2023-01-24T10:10:20","guid":{"rendered":"https:\/\/gretasexylingerie.com\/?post_type=product&#038;p=30468"},"modified":"2023-10-22T23:01:26","modified_gmt":"2023-10-22T15:01:26","slug":"sexy-spitzen-nachthemd-mit-groser-schleife","status":"publish","type":"product","link":"https:\/\/gretasexylingerie.com\/de\/products\/sexy-lace-chemise-nightgown-with-big-bow\/","title":{"rendered":"Sexy Nachthemd aus Spitze mit gro\u00dfer Schleife"},"content":{"rendered":"<p>Merkmale:<\/p>\n\n\n\n<p>1. Mit transparentem Mesh-Gewebe und hohler Blumenspitze.<br>2. Die Truhe ist mit einer gro\u00dfen Schleife als Dekoration gestaltet.<br>3. Verstellbare Spaghettitr\u00e4ger und passender Tanga.<\/p>\n\n\n\n<figure class=\"wp-block-table is-style-stripes\"><table><tbody><tr><td colspan=\"4\">Standortdiagramm (CM)<\/td><\/tr><tr><td>Gr\u00f6\u00dfe<\/td><td>Unter Fehlschlag<\/td><td>Taille<\/td><td>L\u00e4nge<\/td><\/tr><tr><td>S<\/td><td>66-92<\/td><td>67-94<\/td><td>49<\/td><\/tr><tr><td>M<\/td><td>70-96<\/td><td>71-98<\/td><td>50<\/td><\/tr><tr><td>L<\/td><td>74-100<\/td><td>75-102<\/td><td>51<\/td><\/tr><tr><td>XL<\/td><td>78-104<\/td><td>79-106<\/td><td>52<\/td><\/tr><tr><td>XXL<\/td><td>80-108<\/td><td>83-110<\/td><td>53<\/td><\/tr><tr><td colspan=\"4\">Site-Diagramm (Zoll)<\/td><\/tr><tr><td>Gr\u00f6\u00dfe<\/td><td>Unter Fehlschlag<\/td><td>Taille<\/td><td>Taille<\/td><\/tr><tr><td>S<\/td><td>26.4-36.8<\/td><td>26.8-37.6<\/td><td>19.6<\/td><\/tr><tr><td>M<\/td><td>28-38.4<\/td><td>28.4-39.2<\/td><td>20<\/td><\/tr><tr><td>L<\/td><td>29.6-40<\/td><td>30-40.8<\/td><td>20.4<\/td><\/tr><tr><td>XL<\/td><td>31.2-41.6<\/td><td>31.6-42.4<\/td><td>20.8<\/td><\/tr><tr><td>XXL<\/td><td>32-43.2<\/td><td>33.2-44<\/td><td>21.2<\/td><\/tr><tr><td colspan=\"4\">Hinweis: 1. Je nach Gr\u00f6\u00dfe, Lage und Dehnung des Stoffes kann es zu Abweichungen von 1-2 cm kommen. Die Gr\u00f6\u00dfentabelle dient nur als Referenz, es kann zu kleinen Abweichungen bei dem, was Sie erhalten, kommen. 2. Es gibt 3 Arten von Elastizit\u00e4t: Hohe Elastizit\u00e4t (beidseitig gedehnt), Mittlere Elastizit\u00e4t (einseitig gedehnt) und Nichtelastisch (kann nicht gedehnt werden). 3. Die Farbe kann aufgrund der unterschiedlichen PC-Anzeige heller oder dunkler sein. 4. Waschen Sie es von Hand in 30-Grad-Wasser, h\u00e4ngen Sie es zum Trocknen im Schatten auf und verbieten Sie das Bleichen. 5. Es kann zu leichten Abweichungen im Detail und im Muster kommen.<\/td><\/tr><\/tbody><\/table><\/figure>","protected":false},"excerpt":{"rendered":"<p>Tragen Sie das sexy Nachthemd aus Spitze mit gro\u00dfer Schleife und lassen Sie ihn sich nach Ihnen sehnen. Mit einem weichen, durchsichtigen Schleier, ausgeschnittener Blumenspitze, offener Brust, verstellbaren Spaghettitr\u00e4gern und einem Tanga-H\u00f6schen.<\/p>\n<p>https:\/\/youtu.be\/89ecYh4b9HI<\/p>","protected":false},"featured_media":30470,"template":"","meta":[],"product_brand":[],"product_cat":[383,385,382,367],"product_tag":[512,516,518,451,446,504],"class_list":{"0":"post-30468","1":"product","2":"type-product","3":"status-publish","4":"has-post-thumbnail","6":"product_cat-wholesale-flyaway-babydoll","7":"product_cat-wholesale-mesh-babydoll","8":"product_cat-sexy-babydoll","9":"product_cat-sexy-lingerie","10":"product_tag-bow-lingerie","11":"product_tag-lace-lingerie","12":"product_tag-mesh-lingerie","13":"product_tag-wholesale-revealing-lingerie","14":"product_tag-wholesale-sexy-see-through-lingerie","15":"product_tag-ultra-sexy","16":"pa_color-black","17":"pa_color-fire-brick-women-sexy-lingerie","18":"pa_color-green","19":"pa_color-pink-women-sexy-lingerie","20":"pa_color-red-women-sexy-lingerie","21":"pa_cup-wholesale-half-cup-women-sexy-lingerie","22":"pa_size-wholesale-large-size-women-sexy-lingerie","23":"pa_size-wholesale-medium-size-women-sexy-lingerie","24":"pa_size-wholesale-small-size-sexy-lingerie","25":"pa_size-wholesale-extra-large-sexy-lingerie","26":"pa_size-extra-extra-large-sexy-lingerie","28":"first","29":"instock","30":"taxable","31":"shipping-taxable","32":"purchasable","33":"product-type-variable"},"tiered_pricing_type":"fixed","tiered_pricing_fixed_rules":[],"tiered_pricing_product_settings":{"layout":"default","base_unit_name":{"singular":null,"plural":null},"default_variation":{}},"tiered_pricing_minimum_quantity":null,"tiered_pricing_roles_data":{"default_wholesaler":{"product_id":30468,"role":"default_wholesaler","pricing_type":"flat","regular_price":null,"sale_price":null,"discount":null,"discount_type":"sale_price","tiered_pricing_type":"fixed","percentage_rules":[],"fixed_rules":{"2":"7.09","30":"6.09","500":"5.29"},"minimum":null},"dropshippinger":{"product_id":30468,"role":"dropshippinger","pricing_type":"flat","regular_price":null,"sale_price":null,"discount":null,"discount_type":"sale_price","tiered_pricing_type":"fixed","percentage_rules":[],"fixed_rules":{"1":"8.49","5":"7.09","30":"6.09"},"minimum":null}},"tiered_pricing_percentage_rules":[],"tiered_pricing_maximum_quantity":null,"tiered_pricing_quantity_step":null,"_links":{"self":[{"href":"https:\/\/gretasexylingerie.com\/de\/wp-json\/wp\/v2\/product\/30468","targetHints":{"allow":["GET"]}}],"collection":[{"href":"https:\/\/gretasexylingerie.com\/de\/wp-json\/wp\/v2\/product"}],"about":[{"href":"https:\/\/gretasexylingerie.com\/de\/wp-json\/wp\/v2\/types\/product"}],"wp:featuredmedia":[{"embeddable":true,"href":"https:\/\/gretasexylingerie.com\/de\/wp-json\/wp\/v2\/media\/30470"}],"wp:attachment":[{"href":"https:\/\/gretasexylingerie.com\/de\/wp-json\/wp\/v2\/media?parent=30468"}],"wp:term":[{"taxonomy":"product_brand","embeddable":true,"href":"https:\/\/gretasexylingerie.com\/de\/wp-json\/wp\/v2\/product_brand?post=30468"},{"taxonomy":"product_cat","embeddable":true,"href":"https:\/\/gretasexylingerie.com\/de\/wp-json\/wp\/v2\/product_cat?post=30468"},{"taxonomy":"product_tag","embeddable":true,"href":"https:\/\/gretasexylingerie.com\/de\/wp-json\/wp\/v2\/product_tag?post=30468"}],"curies":[{"name":"wp","href":"https:\/\/api.w.org\/{rel}","templated":true}]}}