{"id":30403,"date":"2023-01-24T16:33:43","date_gmt":"2023-01-24T08:33:43","guid":{"rendered":"https:\/\/gretasexylingerie.com\/?post_type=product&#038;p=30403"},"modified":"2023-09-05T20:50:07","modified_gmt":"2023-09-05T12:50:07","slug":"durchsichtiges-hemdchen-mit-floraler-spitzenschleife","status":"publish","type":"product","link":"https:\/\/gretasexylingerie.com\/de\/products\/floral-lace-bow-see-through-chemise\/","title":{"rendered":"Durchsichtiges Chemise mit floraler Spitze und Schleife"},"content":{"rendered":"<p>Merkmale:<\/p>\n\n\n\n<p>1. Transparenter Netzstoff, sehr weich und sehr sexy.<br>2. Das hohle florale Spitzendesign macht Sie verlockender.<br>3. Die Vorderseite des Rocks kann ge\u00f6ffnet werden, sodass Sie das Gl\u00fcck ohne Barrieren genie\u00dfen k\u00f6nnen.<br><\/p>\n\n\n\n<figure class=\"wp-block-table is-style-stripes\"><table><tbody><tr><td colspan=\"4\">Standortdiagramm (CM)<\/td><\/tr><tr><td>Gr\u00f6\u00dfe<\/td><td>Unter Fehlschlag<\/td><td>Taille<\/td><td>L\u00e4nge<\/td><\/tr><tr><td>S<\/td><td>88<\/td><td>66<\/td><td>65<\/td><\/tr><tr><td>M<\/td><td>92<\/td><td>71<\/td><td>67<\/td><\/tr><tr><td>L<\/td><td>96<\/td><td>76<\/td><td>69<\/td><\/tr><tr><td>XL<\/td><td>100<\/td><td>81<\/td><td>71<\/td><\/tr><tr><td colspan=\"4\">Site-Diagramm (Zoll)<\/td><\/tr><tr><td>Gr\u00f6\u00dfe<\/td><td>Unter Fehlschlag<\/td><td>Taille<\/td><td>Taille<\/td><\/tr><tr><td>S<\/td><td>35.2<\/td><td>26.4<\/td><td>26<\/td><\/tr><tr><td>M<\/td><td>36.8<\/td><td>28.4<\/td><td>26.8<\/td><\/tr><tr><td>L<\/td><td>38.4<\/td><td>30.4<\/td><td>27.6<\/td><\/tr><tr><td>XL<\/td><td>40<\/td><td>32.4<\/td><td>28.4<\/td><\/tr><tr><td colspan=\"4\">Hinweis: 1. Je nach Gr\u00f6\u00dfe, Lage und Dehnung des Stoffes kann es zu Abweichungen von 1-2 cm kommen. Die Gr\u00f6\u00dfentabelle dient nur als Referenz, es kann zu kleinen Abweichungen bei dem, was Sie erhalten, kommen. 2. Es gibt 3 Arten von Elastizit\u00e4t: Hohe Elastizit\u00e4t (beidseitig gedehnt), Mittlere Elastizit\u00e4t (einseitig gedehnt) und Nichtelastisch (kann nicht gedehnt werden). 3. Die Farbe kann aufgrund der unterschiedlichen PC-Anzeige heller oder dunkler sein. 4. Waschen Sie es von Hand in 30-Grad-Wasser, h\u00e4ngen Sie es zum Trocknen im Schatten auf und verbieten Sie das Bleichen. 5. Es kann zu leichten Abweichungen im Detail und im Muster kommen.<\/td><\/tr><\/tbody><\/table><\/figure>","protected":false},"excerpt":{"rendered":"<p>Durchsichtiges Chemise mit floraler Spitzenschleife und extremer Transparenz, um Ihre Nacht noch sch\u00f6ner zu machen. Zartes, transparentes Mesh-Gewebe, ausgeschnittene Blumenspitze, Brustschleife, vordere St\u00fctz\u00f6ffnung, passender Tanga.<\/p>","protected":false},"featured_media":30409,"template":"","meta":[],"product_brand":[],"product_cat":[383,385,382,367],"product_tag":[512,516,518,451,446,504],"class_list":{"0":"post-30403","1":"product","2":"type-product","3":"status-publish","4":"has-post-thumbnail","6":"product_cat-wholesale-flyaway-babydoll","7":"product_cat-wholesale-mesh-babydoll","8":"product_cat-sexy-babydoll","9":"product_cat-sexy-lingerie","10":"product_tag-bow-lingerie","11":"product_tag-lace-lingerie","12":"product_tag-mesh-lingerie","13":"product_tag-wholesale-revealing-lingerie","14":"product_tag-wholesale-sexy-see-through-lingerie","15":"product_tag-ultra-sexy","16":"pa_color-aquamarine-women-sexy-lingerie","17":"pa_color-black","18":"pa_color-pink-women-sexy-lingerie","19":"pa_color-red-women-sexy-lingerie","20":"pa_color-white","21":"pa_cup-full-cup","22":"pa_size-wholesale-large-size-women-sexy-lingerie","23":"pa_size-wholesale-medium-size-women-sexy-lingerie","24":"pa_size-wholesale-small-size-sexy-lingerie","25":"pa_size-wholesale-extra-large-sexy-lingerie","27":"first","28":"instock","29":"taxable","30":"shipping-taxable","31":"purchasable","32":"product-type-variable"},"tiered_pricing_type":"fixed","tiered_pricing_fixed_rules":[],"tiered_pricing_product_settings":{"layout":"default","base_unit_name":{"singular":null,"plural":null},"default_variation":null},"tiered_pricing_minimum_quantity":null,"tiered_pricing_roles_data":{"default_wholesaler":{"product_id":30403,"role":"default_wholesaler","pricing_type":"flat","regular_price":null,"sale_price":null,"discount":null,"discount_type":"sale_price","tiered_pricing_type":"fixed","percentage_rules":[],"fixed_rules":{"2":"5.79","30":"4.99","500":"4.39"},"minimum":null},"dropshippinger":{"product_id":30403,"role":"dropshippinger","pricing_type":"flat","regular_price":null,"sale_price":null,"discount":null,"discount_type":"sale_price","tiered_pricing_type":"fixed","percentage_rules":[],"fixed_rules":{"1":"6.89","5":"5.79","30":"4.99"},"minimum":null}},"tiered_pricing_percentage_rules":[],"tiered_pricing_maximum_quantity":null,"tiered_pricing_quantity_step":null,"_links":{"self":[{"href":"https:\/\/gretasexylingerie.com\/de\/wp-json\/wp\/v2\/product\/30403","targetHints":{"allow":["GET"]}}],"collection":[{"href":"https:\/\/gretasexylingerie.com\/de\/wp-json\/wp\/v2\/product"}],"about":[{"href":"https:\/\/gretasexylingerie.com\/de\/wp-json\/wp\/v2\/types\/product"}],"wp:featuredmedia":[{"embeddable":true,"href":"https:\/\/gretasexylingerie.com\/de\/wp-json\/wp\/v2\/media\/30409"}],"wp:attachment":[{"href":"https:\/\/gretasexylingerie.com\/de\/wp-json\/wp\/v2\/media?parent=30403"}],"wp:term":[{"taxonomy":"product_brand","embeddable":true,"href":"https:\/\/gretasexylingerie.com\/de\/wp-json\/wp\/v2\/product_brand?post=30403"},{"taxonomy":"product_cat","embeddable":true,"href":"https:\/\/gretasexylingerie.com\/de\/wp-json\/wp\/v2\/product_cat?post=30403"},{"taxonomy":"product_tag","embeddable":true,"href":"https:\/\/gretasexylingerie.com\/de\/wp-json\/wp\/v2\/product_tag?post=30403"}],"curies":[{"name":"wp","href":"https:\/\/api.w.org\/{rel}","templated":true}]}}