{"id":30380,"date":"2023-01-23T21:28:11","date_gmt":"2023-01-23T13:28:11","guid":{"rendered":"https:\/\/gretasexylingerie.com\/?post_type=product&#038;p=30380"},"modified":"2023-09-05T20:50:06","modified_gmt":"2023-09-05T12:50:06","slug":"quaste-sexy-wimpern-spitze-badydoll","status":"publish","type":"product","link":"https:\/\/gretasexylingerie.com\/de\/products\/tassel-sexy-lashes-lace-badydoll\/","title":{"rendered":"Quaste Sexy Wimpern Spitze Badydoll"},"content":{"rendered":"<p>Merkmale:<\/p>\n\n\n\n<p>1. Transparente hochelastische Blumenspitze wird verwendet. Liniendesign, machen Sie Ihre Brust sch\u00f6ner.<br>2. Der Fransenrock aus hochelastischem Spitzenstoff macht jede Ihrer Bewegungen sexy und Ihr Liebhaber kann es kaum erwarten, ihn zu \u00f6ffnen.<br>3. Verstellbare d\u00fcnne Schultergurte und vervollst\u00e4ndigen das Kreuzdesign auf der R\u00fcckseite. Kommt mit Slips aus hochelastischem Mesh-Gewebe.<\/p>","protected":false},"excerpt":{"rendered":"<p>Stimmen Sie sich auf die unruhigen Herzen Ihres Liebhabers mit Quaste, sexy Wimpern, Spitze-Badydoll ein. Hochwertige transparente Blumenspitze zum Einrahmen Ihrer Brust, Fransenrock, verstellbare Spaghettitr\u00e4ger, die sich auf der R\u00fcckseite kreuzen, und H\u00f6schen aus elastischem Netz.<\/p>","protected":false},"featured_media":30382,"template":"","meta":[],"product_brand":[],"product_cat":[383,384,382,367],"product_tag":[448,516,451,446,531,504],"class_list":{"0":"post-30380","1":"product","2":"type-product","3":"status-publish","4":"has-post-thumbnail","6":"product_cat-wholesale-flyaway-babydoll","7":"product_cat-wholesale-lace-babydoll","8":"product_cat-sexy-babydoll","9":"product_cat-sexy-lingerie","10":"product_tag-wholesale-elegant-sexy-lingerie","11":"product_tag-lace-lingerie","12":"product_tag-wholesale-revealing-lingerie","13":"product_tag-wholesale-sexy-see-through-lingerie","14":"product_tag-tassel-lingerie","15":"product_tag-ultra-sexy","16":"pa_color-black","17":"pa_color-lime-women-sexy-lingerie","18":"pa_cup-full-cup","19":"pa_size-wholesale-large-size-women-sexy-lingerie","20":"pa_size-wholesale-medium-size-women-sexy-lingerie","21":"pa_size-wholesale-small-size-sexy-lingerie","22":"pa_size-wholesale-extra-large-sexy-lingerie","23":"pa_size-extra-extra-large-sexy-lingerie","25":"first","26":"instock","27":"taxable","28":"shipping-taxable","29":"purchasable","30":"product-type-variable"},"tiered_pricing_type":"fixed","tiered_pricing_fixed_rules":[],"tiered_pricing_product_settings":{"layout":"default","base_unit_name":{"singular":null,"plural":null},"default_variation":null},"tiered_pricing_minimum_quantity":null,"tiered_pricing_roles_data":{"default_wholesaler":{"product_id":30380,"role":"default_wholesaler","pricing_type":"flat","regular_price":null,"sale_price":null,"discount":null,"discount_type":"sale_price","tiered_pricing_type":"fixed","percentage_rules":[],"fixed_rules":{"2":"9.69","30":"6.59","500":"5.59"},"minimum":null},"dropshippinger":{"product_id":30380,"role":"dropshippinger","pricing_type":"flat","regular_price":null,"sale_price":null,"discount":null,"discount_type":"sale_price","tiered_pricing_type":"fixed","percentage_rules":[],"fixed_rules":{"1":"7.89","5":"6.59","30":"5.59"},"minimum":null}},"tiered_pricing_percentage_rules":[],"tiered_pricing_maximum_quantity":null,"tiered_pricing_quantity_step":null,"_links":{"self":[{"href":"https:\/\/gretasexylingerie.com\/de\/wp-json\/wp\/v2\/product\/30380","targetHints":{"allow":["GET"]}}],"collection":[{"href":"https:\/\/gretasexylingerie.com\/de\/wp-json\/wp\/v2\/product"}],"about":[{"href":"https:\/\/gretasexylingerie.com\/de\/wp-json\/wp\/v2\/types\/product"}],"wp:featuredmedia":[{"embeddable":true,"href":"https:\/\/gretasexylingerie.com\/de\/wp-json\/wp\/v2\/media\/30382"}],"wp:attachment":[{"href":"https:\/\/gretasexylingerie.com\/de\/wp-json\/wp\/v2\/media?parent=30380"}],"wp:term":[{"taxonomy":"product_brand","embeddable":true,"href":"https:\/\/gretasexylingerie.com\/de\/wp-json\/wp\/v2\/product_brand?post=30380"},{"taxonomy":"product_cat","embeddable":true,"href":"https:\/\/gretasexylingerie.com\/de\/wp-json\/wp\/v2\/product_cat?post=30380"},{"taxonomy":"product_tag","embeddable":true,"href":"https:\/\/gretasexylingerie.com\/de\/wp-json\/wp\/v2\/product_tag?post=30380"}],"curies":[{"name":"wp","href":"https:\/\/api.w.org\/{rel}","templated":true}]}}