{"id":30336,"date":"2023-01-23T21:14:11","date_gmt":"2023-01-23T13:14:11","guid":{"rendered":"https:\/\/gretasexylingerie.com\/?post_type=product&#038;p=30336"},"modified":"2023-09-05T20:50:05","modified_gmt":"2023-09-05T12:50:05","slug":"babydoll-mit-uberkreuzter-brustpartie-und-spitze","status":"publish","type":"product","link":"https:\/\/gretasexylingerie.com\/de\/products\/chest-cross-lace-babydoll\/","title":{"rendered":"Brust Kreuz Spitze Babydoll"},"content":{"rendered":"<p>Merkmale:<\/p>\n\n\n\n<p>1. Es nimmt hochwertiges florales Spitzendesign an, und die entworfene florale Textur macht Ihren K\u00f6rper sch\u00f6ner und voller Charme. Als Dekoration befinden sich Spitzenwimpern um den K\u00f6rper.<br>2. Brustkreuz-Design, verstellbare d\u00fcnne Schultergurte und komplettes Kreuz auf der R\u00fcckseite.<br>3. Passende Spitzenriemen, hohle Blumen und hohle Designs machen Ihren geheimen Garten sch\u00f6ner.<\/p>\n\n\n\n<figure class=\"wp-block-table is-style-stripes\"><table><tbody><tr><td colspan=\"4\">Standortdiagramm (CM)<\/td><\/tr><tr><td>Gr\u00f6\u00dfe<\/td><td>Unter Fehlschlag<\/td><td>Taille<\/td><td>L\u00e4nge<\/td><\/tr><tr><td>S<\/td><td>88<\/td><td>68<\/td><td>68<\/td><\/tr><tr><td>M<\/td><td>92<\/td><td>72<\/td><td>69<\/td><\/tr><tr><td>L<\/td><td>96<\/td><td>76<\/td><td>70<\/td><\/tr><tr><td>XL<\/td><td>100<\/td><td>80<\/td><td>71<\/td><\/tr><tr><td>XXL<\/td><td>105<\/td><td>84<\/td><td>72<\/td><\/tr><tr><td colspan=\"4\">Site-Diagramm (Zoll)<\/td><\/tr><tr><td>Gr\u00f6\u00dfe<\/td><td>Unter Fehlschlag<\/td><td>Taille<\/td><td>Taille<\/td><\/tr><tr><td>S<\/td><td>35.2<\/td><td>27.2<\/td><td>27.2<\/td><\/tr><tr><td>M<\/td><td>36.8<\/td><td>28.8<\/td><td>27.6<\/td><\/tr><tr><td>L<\/td><td>38.4<\/td><td>30.4<\/td><td>28<\/td><\/tr><tr><td>XL<\/td><td>40<\/td><td>32<\/td><td>28.4<\/td><\/tr><tr><td>XXL<\/td><td>42<\/td><td>33.6<\/td><td>28.8<\/td><\/tr><tr><td colspan=\"4\">Hinweis: 1. Je nach Gr\u00f6\u00dfe, Lage und Dehnung des Stoffes kann es zu Abweichungen von 1-2 cm kommen. Die Gr\u00f6\u00dfentabelle dient nur als Referenz, es kann zu kleinen Abweichungen bei dem, was Sie erhalten, kommen. 2. Es gibt 3 Arten von Elastizit\u00e4t: Hohe Elastizit\u00e4t (beidseitig gedehnt), Mittlere Elastizit\u00e4t (einseitig gedehnt) und Nichtelastisch (kann nicht gedehnt werden). 3. Die Farbe kann aufgrund der unterschiedlichen PC-Anzeige heller oder dunkler sein. 4. Waschen Sie es von Hand in 30-Grad-Wasser, h\u00e4ngen Sie es zum Trocknen im Schatten auf und verbieten Sie das Bleichen. 5. Es kann zu leichten Abweichungen im Detail und im Muster kommen.<\/td><\/tr><\/tbody><\/table><\/figure>","protected":false},"excerpt":{"rendered":"<p>Ein perfekter Abend in der Gesellschaft von Chest Cross Lace Babydoll. Hergestellt aus hochwertiger Cutout-Spitze, Blattstruktur, \u00fcberkreuzt auf der Brust, verstellbare \u00fcberkreuzte Tr\u00e4ger, Spitzen-Wimpernbesatz an der Brust, passender Spitzen-Tanga.<\/p>","protected":false},"featured_media":30338,"template":"","meta":[],"product_brand":[],"product_cat":[384,382,367],"product_tag":[448,516,451,446,504],"class_list":{"0":"post-30336","1":"product","2":"type-product","3":"status-publish","4":"has-post-thumbnail","6":"product_cat-wholesale-lace-babydoll","7":"product_cat-sexy-babydoll","8":"product_cat-sexy-lingerie","9":"product_tag-wholesale-elegant-sexy-lingerie","10":"product_tag-lace-lingerie","11":"product_tag-wholesale-revealing-lingerie","12":"product_tag-wholesale-sexy-see-through-lingerie","13":"product_tag-ultra-sexy","14":"pa_color-black","15":"pa_color-fire-brick-women-sexy-lingerie","16":"pa_color-purple-women-sexy-lingerie","17":"pa_color-red-women-sexy-lingerie","18":"pa_color-steel-blue-women-sexy-lingerie","19":"pa_cup-full-cup","20":"pa_size-wholesale-large-size-women-sexy-lingerie","21":"pa_size-wholesale-medium-size-women-sexy-lingerie","22":"pa_size-wholesale-small-size-sexy-lingerie","23":"pa_size-wholesale-extra-large-sexy-lingerie","24":"pa_size-extra-extra-large-sexy-lingerie","26":"first","27":"instock","28":"taxable","29":"shipping-taxable","30":"purchasable","31":"product-type-variable"},"tiered_pricing_type":"fixed","tiered_pricing_fixed_rules":[],"tiered_pricing_product_settings":{"layout":"default","base_unit_name":{"singular":null,"plural":null},"default_variation":null},"tiered_pricing_minimum_quantity":null,"tiered_pricing_roles_data":{"default_wholesaler":{"product_id":30336,"role":"default_wholesaler","pricing_type":"flat","regular_price":null,"sale_price":null,"discount":null,"discount_type":"sale_price","tiered_pricing_type":"fixed","percentage_rules":[],"fixed_rules":{"2":"6.79","30":"5.89","500":"5.09"},"minimum":null},"dropshippinger":{"product_id":30336,"role":"dropshippinger","pricing_type":"flat","regular_price":null,"sale_price":null,"discount":null,"discount_type":"sale_price","tiered_pricing_type":"fixed","percentage_rules":[],"fixed_rules":{"1":"8.19","5":"6.79","30":"5.89"},"minimum":null}},"tiered_pricing_percentage_rules":[],"tiered_pricing_maximum_quantity":null,"tiered_pricing_quantity_step":null,"_links":{"self":[{"href":"https:\/\/gretasexylingerie.com\/de\/wp-json\/wp\/v2\/product\/30336","targetHints":{"allow":["GET"]}}],"collection":[{"href":"https:\/\/gretasexylingerie.com\/de\/wp-json\/wp\/v2\/product"}],"about":[{"href":"https:\/\/gretasexylingerie.com\/de\/wp-json\/wp\/v2\/types\/product"}],"wp:featuredmedia":[{"embeddable":true,"href":"https:\/\/gretasexylingerie.com\/de\/wp-json\/wp\/v2\/media\/30338"}],"wp:attachment":[{"href":"https:\/\/gretasexylingerie.com\/de\/wp-json\/wp\/v2\/media?parent=30336"}],"wp:term":[{"taxonomy":"product_brand","embeddable":true,"href":"https:\/\/gretasexylingerie.com\/de\/wp-json\/wp\/v2\/product_brand?post=30336"},{"taxonomy":"product_cat","embeddable":true,"href":"https:\/\/gretasexylingerie.com\/de\/wp-json\/wp\/v2\/product_cat?post=30336"},{"taxonomy":"product_tag","embeddable":true,"href":"https:\/\/gretasexylingerie.com\/de\/wp-json\/wp\/v2\/product_tag?post=30336"}],"curies":[{"name":"wp","href":"https:\/\/api.w.org\/{rel}","templated":true}]}}