{"id":30324,"date":"2023-01-23T21:02:45","date_gmt":"2023-01-23T13:02:45","guid":{"rendered":"https:\/\/gretasexylingerie.com\/?post_type=product&#038;p=30324"},"modified":"2023-12-09T21:29:21","modified_gmt":"2023-12-09T13:29:21","slug":"babydoll-aus-spitze-in-mitternachtspassion","status":"publish","type":"product","link":"https:\/\/gretasexylingerie.com\/de\/products\/midnight-passion-lace-babydoll\/","title":{"rendered":"Midnight Passion Spitzen-Babydoll im Gro\u00dfhandel"},"content":{"rendered":"<p>Merkmale:<\/p>\n\n\n\n<p>1. Die Brust ist mit hohler Blumenspitze verziert, und 3 d\u00fcnne Krawatten werden verwendet, um die Brust anzuheben, wodurch Sie sexy werden.<br>2. Doppellagiges Rockdesign, die \u00e4u\u00dfere Schicht besteht aus exquisitem Blumenspitzenstoff und die innere Schicht aus feinem Netzstoff. Wird mit 4 Metallringen am BH befestigt.<br>3. Open Back Design, verstellbare d\u00fcnne Schultergurte, zweireihig. Kommt mit H\u00f6schen.<\/p>","protected":false},"excerpt":{"rendered":"<p>G\u00f6nnen Sie sich die ultimative Freude der Nacht mit dem Midnight Passion Lace Babydoll. Hohle Blumenspitze, BH im Kreuzstil, Doppelrock-Design, Spitzenau\u00dfenschicht, feinmaschige Innenschicht, verstellbare d\u00fcnne Schultergurte, zweireihige Kn\u00f6pfe, Ehepartner-Tanga-H\u00f6schen.<\/p>\n<p>https:\/\/youtu.be\/jqSIuYBdIqI<\/p>","protected":false},"featured_media":30325,"template":"","meta":[],"product_brand":[],"product_cat":[384,385,382,367],"product_tag":[448,516,973,451,446,504],"class_list":{"0":"post-30324","1":"product","2":"type-product","3":"status-publish","4":"has-post-thumbnail","6":"product_cat-wholesale-lace-babydoll","7":"product_cat-wholesale-mesh-babydoll","8":"product_cat-sexy-babydoll","9":"product_cat-sexy-lingerie","10":"product_tag-wholesale-elegant-sexy-lingerie","11":"product_tag-lace-lingerie","12":"product_tag-oem","13":"product_tag-wholesale-revealing-lingerie","14":"product_tag-wholesale-sexy-see-through-lingerie","15":"product_tag-ultra-sexy","16":"pa_color-black","17":"pa_color-red-women-sexy-lingerie","18":"pa_cup-wholesale-half-cup-women-sexy-lingerie","19":"pa_size-free","21":"first","22":"outofstock","23":"taxable","24":"shipping-taxable","25":"purchasable","26":"product-type-variable"},"tiered_pricing_type":"fixed","tiered_pricing_fixed_rules":[],"tiered_pricing_product_settings":{"layout":"default","base_unit_name":{"singular":null,"plural":null},"default_variation":{}},"tiered_pricing_minimum_quantity":null,"tiered_pricing_roles_data":{"default_wholesaler":{"product_id":30324,"role":"default_wholesaler","pricing_type":"flat","regular_price":null,"sale_price":null,"discount":null,"discount_type":"sale_price","tiered_pricing_type":"fixed","percentage_rules":[],"fixed_rules":{"2":"6.29","30":"5.39","500":"4.69"},"minimum":null},"dropshippinger":{"product_id":30324,"role":"dropshippinger","pricing_type":"flat","regular_price":null,"sale_price":null,"discount":null,"discount_type":"sale_price","tiered_pricing_type":"fixed","percentage_rules":[],"fixed_rules":{"1":"7.59","5":"6.29","30":"5.39"},"minimum":null}},"tiered_pricing_percentage_rules":[],"tiered_pricing_maximum_quantity":null,"tiered_pricing_quantity_step":null,"_links":{"self":[{"href":"https:\/\/gretasexylingerie.com\/de\/wp-json\/wp\/v2\/product\/30324","targetHints":{"allow":["GET"]}}],"collection":[{"href":"https:\/\/gretasexylingerie.com\/de\/wp-json\/wp\/v2\/product"}],"about":[{"href":"https:\/\/gretasexylingerie.com\/de\/wp-json\/wp\/v2\/types\/product"}],"wp:featuredmedia":[{"embeddable":true,"href":"https:\/\/gretasexylingerie.com\/de\/wp-json\/wp\/v2\/media\/30325"}],"wp:attachment":[{"href":"https:\/\/gretasexylingerie.com\/de\/wp-json\/wp\/v2\/media?parent=30324"}],"wp:term":[{"taxonomy":"product_brand","embeddable":true,"href":"https:\/\/gretasexylingerie.com\/de\/wp-json\/wp\/v2\/product_brand?post=30324"},{"taxonomy":"product_cat","embeddable":true,"href":"https:\/\/gretasexylingerie.com\/de\/wp-json\/wp\/v2\/product_cat?post=30324"},{"taxonomy":"product_tag","embeddable":true,"href":"https:\/\/gretasexylingerie.com\/de\/wp-json\/wp\/v2\/product_tag?post=30324"}],"curies":[{"name":"wp","href":"https:\/\/api.w.org\/{rel}","templated":true}]}}