{"id":30279,"date":"2023-01-23T20:49:46","date_gmt":"2023-01-23T12:49:46","guid":{"rendered":"https:\/\/gretasexylingerie.com\/?post_type=product&#038;p=30279"},"modified":"2026-03-04T01:07:30","modified_gmt":"2026-03-03T17:07:30","slug":"versuchung-perspektive-sexy-mesh-babydoll","status":"publish","type":"product","link":"https:\/\/gretasexylingerie.com\/de\/products\/temptation-perspective-sexy-mesh-babydoll\/","title":{"rendered":"Versuchung Perspektive Sexy Mesh Babydoll"},"content":{"rendered":"<p>Merkmale:<\/p>\n\n\n\n<p>1. Unter Verwendung von hochwertigem Mesh-Stoff ist die Brust mit hohler Blumenspitze gestaltet, um Ihre sexy Br\u00fcste zu schm\u00fccken.<br>2. Gut gestaltete Blumenrouten, lassen Sie Ihren geheimen Garten vor Ihrem Liebhaber zeigen.<br>3. Verstellbare Spaghettitr\u00e4ger, florale Einfassungen an Brust und Rock und passendes H\u00f6schen.<\/p>\n\n\n\n<p><\/p>","protected":false},"excerpt":{"rendered":"<p>Super sexy Temptation Perspective Sexy Mesh Babydol f\u00fcr einen guten Schlaf. Das Blumenmuster aus weichem Mesh-Stoff mit wundersch\u00f6nen Mustern wurde geschickt entworfen, um die verf\u00fchrerischsten Teile des K\u00f6rpers Ihren Lieben gegen\u00fcberzustellen.<\/p>","protected":false},"featured_media":30288,"template":"","meta":[],"product_brand":[],"product_cat":[385,384,382,367],"product_tag":[452,516,518,446],"class_list":{"0":"post-30279","1":"product","2":"type-product","3":"status-publish","4":"has-post-thumbnail","6":"product_cat-wholesale-mesh-babydoll","7":"product_cat-wholesale-lace-babydoll","8":"product_cat-sexy-babydoll","9":"product_cat-sexy-lingerie","10":"product_tag-wholesale-boudoir-lingerie","11":"product_tag-lace-lingerie","12":"product_tag-mesh-lingerie","13":"product_tag-wholesale-sexy-see-through-lingerie","14":"pa_color-aquamarine-women-sexy-lingerie","15":"pa_color-blue-women-sexy-lingerie","16":"pa_color-fire-brick-women-sexy-lingerie","17":"pa_color-pink-women-sexy-lingerie","18":"pa_color-purple-women-sexy-lingerie","19":"pa_cup-full-cup","20":"pa_size-wholesale-large-size-women-sexy-lingerie","21":"pa_size-wholesale-medium-size-women-sexy-lingerie","22":"pa_size-wholesale-small-size-sexy-lingerie","23":"pa_size-wholesale-extra-large-sexy-lingerie","24":"pa_size-extra-extra-large-sexy-lingerie","26":"first","27":"instock","28":"taxable","29":"shipping-taxable","30":"purchasable","31":"product-type-variable"},"tiered_pricing_type":"fixed","tiered_pricing_fixed_rules":[],"tiered_pricing_product_settings":{"layout":"table","base_unit_name":{"singular":null,"plural":null},"default_variation":null},"tiered_pricing_minimum_quantity":null,"tiered_pricing_roles_data":{"default_wholesaler":{"product_id":30279,"role":"default_wholesaler","pricing_type":"flat","regular_price":null,"sale_price":null,"discount":null,"discount_type":"sale_price","tiered_pricing_type":"fixed","percentage_rules":[],"fixed_rules":[],"minimum":null},"dropshippinger":{"product_id":30279,"role":"dropshippinger","pricing_type":"flat","regular_price":null,"sale_price":null,"discount":null,"discount_type":"sale_price","tiered_pricing_type":"fixed","percentage_rules":[],"fixed_rules":{"1":"7.59","5":"6.29","30":"5.39"},"minimum":null}},"tiered_pricing_percentage_rules":[],"tiered_pricing_maximum_quantity":null,"tiered_pricing_quantity_step":null,"_links":{"self":[{"href":"https:\/\/gretasexylingerie.com\/de\/wp-json\/wp\/v2\/product\/30279","targetHints":{"allow":["GET"]}}],"collection":[{"href":"https:\/\/gretasexylingerie.com\/de\/wp-json\/wp\/v2\/product"}],"about":[{"href":"https:\/\/gretasexylingerie.com\/de\/wp-json\/wp\/v2\/types\/product"}],"wp:featuredmedia":[{"embeddable":true,"href":"https:\/\/gretasexylingerie.com\/de\/wp-json\/wp\/v2\/media\/30288"}],"wp:attachment":[{"href":"https:\/\/gretasexylingerie.com\/de\/wp-json\/wp\/v2\/media?parent=30279"}],"wp:term":[{"taxonomy":"product_brand","embeddable":true,"href":"https:\/\/gretasexylingerie.com\/de\/wp-json\/wp\/v2\/product_brand?post=30279"},{"taxonomy":"product_cat","embeddable":true,"href":"https:\/\/gretasexylingerie.com\/de\/wp-json\/wp\/v2\/product_cat?post=30279"},{"taxonomy":"product_tag","embeddable":true,"href":"https:\/\/gretasexylingerie.com\/de\/wp-json\/wp\/v2\/product_tag?post=30279"}],"curies":[{"name":"wp","href":"https:\/\/api.w.org\/{rel}","templated":true}]}}