{"id":30261,"date":"2023-01-23T20:35:21","date_gmt":"2023-01-23T12:35:21","guid":{"rendered":"https:\/\/gretasexylingerie.com\/?post_type=product&#038;p=30261"},"modified":"2023-12-09T21:28:04","modified_gmt":"2023-12-09T13:28:04","slug":"ruckenfreies-babydoll-aus-netzstoff-mit-schlitz","status":"publish","type":"product","link":"https:\/\/gretasexylingerie.com\/de\/products\/backless-split-mesh-flyaway-babydoll\/","title":{"rendered":"Gro\u00dfhandel r\u00fcckenfreies Flyaway-Babydoll mit geteiltem Netzstoff"},"content":{"rendered":"<p>Merkmale:<\/p>\n\n\n\n<p>1. Verwenden Sie hochwertige Blumenspitze, um Ihre prallen Br\u00fcste zu dekorieren. Ausschnitt-Design, sorgf\u00e4ltig gestaltete Blumen, machen Ihre wichtigen Teile sexy.<br>2. Das transparente und feine Netz wird als Gruppenpendel verwendet, um das Geheimnis Ihres K\u00f6rpers zu erh\u00f6hen. Das offene Design erm\u00f6glicht es Ihnen, sich frei zu befreien.<br>3. Einfaches Tanga-Design mit demselben Netzstoff.<\/p>","protected":false},"excerpt":{"rendered":"<p>Das ultra-sexy r\u00fcckenfreie Split Mesh Flyaway Babydoll wird Sie jede Nacht unterhalten. Hochwertige ausgeschnittene florale Spitze trimmt Ihre volle Brust, durchsichtiger, solider, feinmaschiger Saum, offenes Design, verstellbare Spaghettitr\u00e4ger, passendes H\u00f6schen.<\/p>","protected":false},"featured_media":30263,"template":"","meta":[],"product_brand":[],"product_cat":[385,382,367],"product_tag":[448,518,973,451,446,504],"class_list":{"0":"post-30261","1":"product","2":"type-product","3":"status-publish","4":"has-post-thumbnail","6":"product_cat-wholesale-mesh-babydoll","7":"product_cat-sexy-babydoll","8":"product_cat-sexy-lingerie","9":"product_tag-wholesale-elegant-sexy-lingerie","10":"product_tag-mesh-lingerie","11":"product_tag-oem","12":"product_tag-wholesale-revealing-lingerie","13":"product_tag-wholesale-sexy-see-through-lingerie","14":"product_tag-ultra-sexy","15":"pa_color-black","16":"pa_color-red-women-sexy-lingerie","17":"pa_color-white","18":"pa_cup-wholesale-half-cup-women-sexy-lingerie","19":"pa_size-wholesale-large-size-women-sexy-lingerie","20":"pa_size-wholesale-medium-size-women-sexy-lingerie","21":"pa_size-wholesale-small-size-sexy-lingerie","23":"first","24":"outofstock","25":"taxable","26":"shipping-taxable","27":"purchasable","28":"product-type-variable"},"tiered_pricing_type":"fixed","tiered_pricing_fixed_rules":[],"tiered_pricing_product_settings":{"layout":"default","base_unit_name":{"singular":null,"plural":null},"default_variation":null},"tiered_pricing_minimum_quantity":null,"tiered_pricing_roles_data":{"default_wholesaler":{"product_id":30261,"role":"default_wholesaler","pricing_type":"flat","regular_price":null,"sale_price":null,"discount":null,"discount_type":"sale_price","tiered_pricing_type":"fixed","percentage_rules":[],"fixed_rules":{"2":"5.49","30":"4.69","500":"4.09"},"minimum":null},"dropshippinger":{"product_id":30261,"role":"dropshippinger","pricing_type":"flat","regular_price":null,"sale_price":null,"discount":null,"discount_type":"sale_price","tiered_pricing_type":"fixed","percentage_rules":[],"fixed_rules":{"1":"6.59","5":"5.49","30":"4.69"},"minimum":null}},"tiered_pricing_percentage_rules":[],"tiered_pricing_maximum_quantity":null,"tiered_pricing_quantity_step":null,"_links":{"self":[{"href":"https:\/\/gretasexylingerie.com\/de\/wp-json\/wp\/v2\/product\/30261","targetHints":{"allow":["GET"]}}],"collection":[{"href":"https:\/\/gretasexylingerie.com\/de\/wp-json\/wp\/v2\/product"}],"about":[{"href":"https:\/\/gretasexylingerie.com\/de\/wp-json\/wp\/v2\/types\/product"}],"wp:featuredmedia":[{"embeddable":true,"href":"https:\/\/gretasexylingerie.com\/de\/wp-json\/wp\/v2\/media\/30263"}],"wp:attachment":[{"href":"https:\/\/gretasexylingerie.com\/de\/wp-json\/wp\/v2\/media?parent=30261"}],"wp:term":[{"taxonomy":"product_brand","embeddable":true,"href":"https:\/\/gretasexylingerie.com\/de\/wp-json\/wp\/v2\/product_brand?post=30261"},{"taxonomy":"product_cat","embeddable":true,"href":"https:\/\/gretasexylingerie.com\/de\/wp-json\/wp\/v2\/product_cat?post=30261"},{"taxonomy":"product_tag","embeddable":true,"href":"https:\/\/gretasexylingerie.com\/de\/wp-json\/wp\/v2\/product_tag?post=30261"}],"curies":[{"name":"wp","href":"https:\/\/api.w.org\/{rel}","templated":true}]}}