{"id":30240,"date":"2023-01-23T20:18:03","date_gmt":"2023-01-23T12:18:03","guid":{"rendered":"https:\/\/gretasexylingerie.com\/?post_type=product&#038;p=30240"},"modified":"2023-09-05T20:49:58","modified_gmt":"2023-09-05T12:49:58","slug":"babydoll-aus-netzseide-mit-kontrastierender-spitze-und-harnisch","status":"publish","type":"product","link":"https:\/\/gretasexylingerie.com\/de\/products\/contrast-lace-harness-mesh-silk-babydoll\/","title":{"rendered":"Kontrast-Spitzen-Harness-Mesh-Seide-Babydoll"},"content":{"rendered":"<p>Merkmale:<\/p>\n\n\n\n<p>1. Hochwertiges transparentes Netzgewebe erm\u00f6glicht Ihnen eine anmutige Haltung.<br>2. Transparentes Spitzendesign macht Sie sch\u00f6ner und sexy.<br>3. Das Design mit offenem Rock erh\u00f6ht Ihren Charme.<\/p>","protected":false},"excerpt":{"rendered":"<p>Schnappen Sie sich Ihr Herz mit dem Kontrast-Spitzen-Harness-Mesh-Seiden-Babydoll. Transparenter Netzstoff, hochwertige ausgeschnittene Spitze an der Brust, hohe Taille, hoher Schlitz am Rock, d\u00fcnne verstellbare Schultergurte, passendes G-Stich-H\u00f6schen.<\/p>","protected":false},"featured_media":30243,"template":"","meta":[],"product_brand":[],"product_cat":[384,383,382,367],"product_tag":[452,454,516,518,446,504],"class_list":{"0":"post-30240","1":"product","2":"type-product","3":"status-publish","4":"has-post-thumbnail","6":"product_cat-wholesale-lace-babydoll","7":"product_cat-wholesale-flyaway-babydoll","8":"product_cat-sexy-babydoll","9":"product_cat-sexy-lingerie","10":"product_tag-wholesale-boudoir-lingerie","11":"product_tag-wholesale-sexy-embroidered-lingerie","12":"product_tag-lace-lingerie","13":"product_tag-mesh-lingerie","14":"product_tag-wholesale-sexy-see-through-lingerie","15":"product_tag-ultra-sexy","16":"pa_color-black","17":"pa_color-red-women-sexy-lingerie","18":"pa_cup-wholesale-half-cup-women-sexy-lingerie","19":"pa_size-wholesale-large-size-women-sexy-lingerie","20":"pa_size-wholesale-medium-size-women-sexy-lingerie","21":"pa_size-wholesale-small-size-sexy-lingerie","22":"pa_size-wholesale-extra-large-sexy-lingerie","24":"first","25":"instock","26":"taxable","27":"shipping-taxable","28":"purchasable","29":"product-type-variable"},"tiered_pricing_type":"fixed","tiered_pricing_fixed_rules":[],"tiered_pricing_product_settings":{"layout":"default","base_unit_name":{"singular":null,"plural":null},"default_variation":null},"tiered_pricing_minimum_quantity":null,"tiered_pricing_roles_data":{"default_wholesaler":{"product_id":30240,"role":"default_wholesaler","pricing_type":"flat","regular_price":null,"sale_price":null,"discount":null,"discount_type":"sale_price","tiered_pricing_type":"fixed","percentage_rules":[],"fixed_rules":{"2":"6.29","30":"5.39","500":"4.69"},"minimum":null},"dropshippinger":{"product_id":30240,"role":"dropshippinger","pricing_type":"flat","regular_price":null,"sale_price":null,"discount":null,"discount_type":"sale_price","tiered_pricing_type":"fixed","percentage_rules":[],"fixed_rules":{"1":"7.59","5":"6.29","30":"5.39"},"minimum":null}},"tiered_pricing_percentage_rules":[],"tiered_pricing_maximum_quantity":null,"tiered_pricing_quantity_step":null,"_links":{"self":[{"href":"https:\/\/gretasexylingerie.com\/de\/wp-json\/wp\/v2\/product\/30240","targetHints":{"allow":["GET"]}}],"collection":[{"href":"https:\/\/gretasexylingerie.com\/de\/wp-json\/wp\/v2\/product"}],"about":[{"href":"https:\/\/gretasexylingerie.com\/de\/wp-json\/wp\/v2\/types\/product"}],"wp:featuredmedia":[{"embeddable":true,"href":"https:\/\/gretasexylingerie.com\/de\/wp-json\/wp\/v2\/media\/30243"}],"wp:attachment":[{"href":"https:\/\/gretasexylingerie.com\/de\/wp-json\/wp\/v2\/media?parent=30240"}],"wp:term":[{"taxonomy":"product_brand","embeddable":true,"href":"https:\/\/gretasexylingerie.com\/de\/wp-json\/wp\/v2\/product_brand?post=30240"},{"taxonomy":"product_cat","embeddable":true,"href":"https:\/\/gretasexylingerie.com\/de\/wp-json\/wp\/v2\/product_cat?post=30240"},{"taxonomy":"product_tag","embeddable":true,"href":"https:\/\/gretasexylingerie.com\/de\/wp-json\/wp\/v2\/product_tag?post=30240"}],"curies":[{"name":"wp","href":"https:\/\/api.w.org\/{rel}","templated":true}]}}