{"id":30197,"date":"2023-01-23T20:05:16","date_gmt":"2023-01-23T12:05:16","guid":{"rendered":"https:\/\/gretasexylingerie.com\/?post_type=product&#038;p=30197"},"modified":"2023-11-14T20:48:40","modified_gmt":"2023-11-14T12:48:40","slug":"babydoll-set-aus-netzstoff-mit-tiefem-v-ausschnitt-und-spitze","status":"publish","type":"product","link":"https:\/\/gretasexylingerie.com\/de\/products\/deep-v-sling-mesh-lace-babydoll-set\/","title":{"rendered":"Deep V Sling Mesh-Spitze-Babydoll-Set"},"content":{"rendered":"<p>Merkmale:<\/p>\n\n\n\n<p>1. Das weiche transparente Netzgewebe ist nicht nur sexy, sondern auch besser zum Schlafen geeignet.<br>2. Das hohle Spitzendesign auf der Brust f\u00fcgt Ihren wichtigen Teilen mehr Inhalt hinzu.<br>3. Verstellbare d\u00fcnne Schultergurte f\u00fcr ein besseres Trageerlebnis.<\/p>\n\n\n\n<figure class=\"wp-block-table is-style-stripes\"><table><tbody><tr><td colspan=\"4\">Standortdiagramm (CM)<\/td><\/tr><tr><td>Gr\u00f6\u00dfe<\/td><td>Unter Fehlschlag<\/td><td>Taille<\/td><td>L\u00e4nge<\/td><\/tr><tr><td>S<\/td><td>72-100<\/td><td>68<\/td><td>73<\/td><\/tr><tr><td>M<\/td><td>76-104<\/td><td>72<\/td><td>75<\/td><\/tr><tr><td>L<\/td><td>80-108<\/td><td>76<\/td><td>77<\/td><\/tr><tr><td>XL<\/td><td>84-112<\/td><td>80<\/td><td>79<\/td><\/tr><tr><td>XXL<\/td><td>88-116<\/td><td>84<\/td><td>81<\/td><\/tr><tr><td colspan=\"4\">Site-Diagramm (Zoll)<\/td><\/tr><tr><td>Gr\u00f6\u00dfe<\/td><td>Unter Fehlschlag<\/td><td>Taille<\/td><td>Taille<\/td><\/tr><tr><td>S<\/td><td>28.8-40<\/td><td>27.2<\/td><td>29.2<\/td><\/tr><tr><td>M<\/td><td>30.4-41.6<\/td><td>28.8<\/td><td>30<\/td><\/tr><tr><td>L<\/td><td>32-43.2<\/td><td>30.4<\/td><td>30.8<\/td><\/tr><tr><td>XL<\/td><td>33.6-44.8<\/td><td>32<\/td><td>31.6<\/td><\/tr><tr><td>XXL<\/td><td>35.2-46.4<\/td><td>33.6<\/td><td>32.4<\/td><\/tr><tr><td colspan=\"4\">Hinweis: 1. Je nach Gr\u00f6\u00dfe, Lage und Dehnung des Stoffes kann es zu Abweichungen von 1-2 cm kommen. Die Gr\u00f6\u00dfentabelle dient nur als Referenz, es kann zu kleinen Abweichungen bei dem, was Sie erhalten, kommen. 2. Es gibt 3 Arten von Elastizit\u00e4t: Hohe Elastizit\u00e4t (beidseitig gedehnt), Mittlere Elastizit\u00e4t (einseitig gedehnt) und Nichtelastisch (kann nicht gedehnt werden). 3. Die Farbe kann aufgrund der unterschiedlichen PC-Anzeige heller oder dunkler sein. 4. Waschen Sie es von Hand in 30-Grad-Wasser, h\u00e4ngen Sie es zum Trocknen im Schatten auf und verbieten Sie das Bleichen. 5. Es kann zu leichten Abweichungen im Detail und im Muster kommen.<\/td><\/tr><\/tbody><\/table><\/figure>","protected":false},"excerpt":{"rendered":"<p>Zeigen Sie Ihre glamour\u00f6se Figur mit dem Sling-Mesh-Spitzen-Babydoll-Set, weichem, durchsichtigem, feinem Mesh-Stoff, hochwertiger ausgeschnittener Spitze, verstellbaren Spaghettitr\u00e4gern und passendem Tanga-H\u00f6schen.<br \/>\n<iframe width=\"840\" height=\"473\" src=\"https:\/\/www.youtube.com\/embed\/kCPYAbkB8cw\" title=\"Deep V Sling Mesh-Spitze-Babydoll-Set\" frameborder=\"0\" allow=\"accelerometer; autoplay; clipboard-write; encrypted-media; gyroscope; picture-in-picture; web-share\" allowfullscreen><\/iframe><\/p>","protected":false},"featured_media":30199,"template":"","meta":[],"product_brand":[],"product_cat":[367,384,385,382],"product_tag":[512,521,516,518,446,504],"class_list":{"0":"post-30197","1":"product","2":"type-product","3":"status-publish","4":"has-post-thumbnail","6":"product_cat-sexy-lingerie","7":"product_cat-wholesale-lace-babydoll","8":"product_cat-wholesale-mesh-babydoll","9":"product_cat-sexy-babydoll","10":"product_tag-bow-lingerie","11":"product_tag-deep-v-lingerie","12":"product_tag-lace-lingerie","13":"product_tag-mesh-lingerie","14":"product_tag-wholesale-sexy-see-through-lingerie","15":"product_tag-ultra-sexy","16":"pa_color-black","17":"pa_color-hot-pink-women-sexy-lingerie","18":"pa_color-pink-women-sexy-lingerie","19":"pa_color-red-women-sexy-lingerie","20":"pa_color-sea-green-women-sexy-lingerie","21":"pa_cup-wholesale-half-cup-women-sexy-lingerie","22":"pa_size-wholesale-large-size-women-sexy-lingerie","23":"pa_size-wholesale-medium-size-women-sexy-lingerie","24":"pa_size-wholesale-small-size-sexy-lingerie","25":"pa_size-wholesale-extra-large-sexy-lingerie","26":"pa_size-extra-extra-large-sexy-lingerie","28":"first","29":"instock","30":"taxable","31":"shipping-taxable","32":"purchasable","33":"product-type-variable"},"tiered_pricing_type":"fixed","tiered_pricing_fixed_rules":[],"tiered_pricing_product_settings":{"layout":"default","base_unit_name":{"singular":null,"plural":null},"default_variation":null},"tiered_pricing_minimum_quantity":null,"tiered_pricing_roles_data":{"default_wholesaler":{"product_id":30197,"role":"default_wholesaler","pricing_type":"flat","regular_price":null,"sale_price":null,"discount":null,"discount_type":"sale_price","tiered_pricing_type":"fixed","percentage_rules":[],"fixed_rules":{"2":"7.09","30":"6.09","500":"5.29"},"minimum":null},"dropshippinger":{"product_id":30197,"role":"dropshippinger","pricing_type":"flat","regular_price":null,"sale_price":null,"discount":null,"discount_type":"sale_price","tiered_pricing_type":"fixed","percentage_rules":[],"fixed_rules":{"1":"8.49","5":"7.09","20":"6.09"},"minimum":null}},"tiered_pricing_percentage_rules":[],"tiered_pricing_maximum_quantity":null,"tiered_pricing_quantity_step":null,"_links":{"self":[{"href":"https:\/\/gretasexylingerie.com\/de\/wp-json\/wp\/v2\/product\/30197","targetHints":{"allow":["GET"]}}],"collection":[{"href":"https:\/\/gretasexylingerie.com\/de\/wp-json\/wp\/v2\/product"}],"about":[{"href":"https:\/\/gretasexylingerie.com\/de\/wp-json\/wp\/v2\/types\/product"}],"wp:featuredmedia":[{"embeddable":true,"href":"https:\/\/gretasexylingerie.com\/de\/wp-json\/wp\/v2\/media\/30199"}],"wp:attachment":[{"href":"https:\/\/gretasexylingerie.com\/de\/wp-json\/wp\/v2\/media?parent=30197"}],"wp:term":[{"taxonomy":"product_brand","embeddable":true,"href":"https:\/\/gretasexylingerie.com\/de\/wp-json\/wp\/v2\/product_brand?post=30197"},{"taxonomy":"product_cat","embeddable":true,"href":"https:\/\/gretasexylingerie.com\/de\/wp-json\/wp\/v2\/product_cat?post=30197"},{"taxonomy":"product_tag","embeddable":true,"href":"https:\/\/gretasexylingerie.com\/de\/wp-json\/wp\/v2\/product_tag?post=30197"}],"curies":[{"name":"wp","href":"https:\/\/api.w.org\/{rel}","templated":true}]}}