{"id":30162,"date":"2023-01-21T15:19:11","date_gmt":"2023-01-21T07:19:11","guid":{"rendered":"https:\/\/gretasexylingerie.com\/?post_type=product&#038;p=30162"},"modified":"2024-04-04T15:52:57","modified_gmt":"2024-04-04T07:52:57","slug":"sexy-figurformender-teddy-anzug-mit-cut-outs-und-riemchen","status":"publish","type":"product","link":"https:\/\/gretasexylingerie.com\/de\/products\/sexy-cutout-body-sculpting-strappy-teddy-suit\/","title":{"rendered":"Sexy Cutout Body Sculpting Riemchen-Teddy-Anzug"},"content":{"rendered":"<p>Merkmale:<\/p>\n\n\n\n<p>1. Mit hochelastischem Riemchen durch exquisites Design umschlie\u00dft es Ihren K\u00f6rper fest.<br>2. Ausgeh\u00f6hltes Design, doppellagige Tr\u00e4ger werden verwendet, um die Brustwarzen auf der Brust zu bedecken. Full Cup Design macht Sie praller. Verstellbare Schultergurte und ein Snap-On-Design erleichtern das An- und Ausziehen.<br>3. \u00d6ffnen Sie das H\u00f6schen, die geheimen Teile sind nicht bedeckt, und hinter dem Ges\u00e4\u00df befinden sich zwei Riemchenst\u00fctzen, die es sexy machen.<\/p>\n\n\n\n<p>1. Alle unsere Produkte sind ausreichend vorr\u00e4tig. Sie k\u00f6nnen jederzeit eine Bestellung aufgeben. Wir best\u00e4tigen die Bestellung innerhalb von 24 Stunden, nachdem Sie die Bestellung aufgegeben haben.<\/p>\n\n\n\n<p>2. Es gibt keine MOQ-Anforderung f\u00fcr alle unsere Lagerprodukte, und wir unterst\u00fctzen den gemischten Gro\u00dfhandel. Nachdem Sie eine vollst\u00e4ndige SKU ausgew\u00e4hlt haben, zeigt das System automatisch die Preise an, die den verschiedenen Mengen entsprechen.<\/p>\n\n\n\n<p>3. Nach Best\u00e4tigung der Bestellung schlie\u00dfen wir die Lieferung in der Regel innerhalb von 2-3 Werktagen ab (au\u00dfer an Feiertagen oder anderen besonderen Gr\u00fcnden). Sie k\u00f6nnen Ihre Bestellung finden und im verfolgen <a href=\"https:\/\/gretasexylingerie.com\/de\/kontaktiere-uns\/\"><span class=\"s1\">Mein Konto<\/span><\/a>&nbsp;Buchseite.<\/p>\n\n\n\n<p>4. Unsere Standardversandmethode ist auf dem Luftweg, haupts\u00e4chlich \u00fcber Fedex, TNT, EMS, UPS, DHL oder andere Logistikdienstleister, h\u00e4ngt haupts\u00e4chlich von Ihrer Bestellung und Adresse ab. Wenn Sie eine g\u00fcnstigere Versandart ben\u00f6tigen oder Fragen zu den Versandkosten haben, k\u00f6nnen Sie sich gerne an uns wenden <a href=\"https:\/\/gretasexylingerie.com\/de\/mein-konto\/\"><span class=\"s1\">kontaktiere uns<\/span><\/a>.<\/p>\n\n\n\n<p>5. Wir zahlen standardm\u00e4\u00dfig keine Einfuhrsteuer f\u00fcr Ihre Bestellung. Sie m\u00fcssen die Zahlung gem\u00e4\u00df den Anforderungen Ihres Landes abschlie\u00dfen, wenn der Zoll Sie kontaktiert. Wenn Sie dies jedoch ben\u00f6tigen, vermerken Sie dies bitte bei der Bestellung, wir k\u00f6nnen Ihnen zus\u00e4tzliche Kosten berechnen.<\/p>\n\n\n\n<p>6. Unsere Bestellungen unterst\u00fctzen R\u00fccksendungen, bitte besuchen Sie unsere <a href=\"https:\/\/gretasexylingerie.com\/de\/rucknahmegarantie\/\"><span class=\"s1\">R\u00fcckgaberecht<\/span><\/a>&nbsp;f\u00fcr mehr Informationen.<\/p>\n\n\n\n<p>7. Wenn Sie h\u00e4ufiger gestellte Fragen wissen m\u00f6chten, besuchen Sie bitte <a href=\"https:\/\/gretasexylingerie.com\/de\/kundenhilfe\/\"><span class=\"s1\">Kundenhilfe<\/span><\/a>.<\/p>","protected":false},"excerpt":{"rendered":"<p>W\u00e4hlen Sie den Sexy Cutout Body Sculpting Strappyteddy Suit f\u00fcr die ultimative Happy Hour. Verf\u00fcgt \u00fcber einen hochelastischen Tr\u00e4ger, ein ausgeschnittenes Full-Cup-Design auf der Brust, verstellbare Schultergurte, eine abnehmbare Brustschnalle und einen offenen Schritt.<\/p>","protected":false},"featured_media":30170,"template":"","meta":[],"product_brand":[],"product_cat":[398,379,377,367,395],"product_tag":[448,973,451,446,449,447,504],"class_list":{"0":"post-30162","1":"product","2":"type-product","3":"status-publish","4":"has-post-thumbnail","6":"product_cat-wholesale-strappy-teddy","7":"product_cat-wholesale-harness-bodysuit","8":"product_cat-harness-lingerie","9":"product_cat-sexy-lingerie","10":"product_cat-sexy-teddy-suit","11":"product_tag-wholesale-elegant-sexy-lingerie","12":"product_tag-oem","13":"product_tag-wholesale-revealing-lingerie","14":"product_tag-wholesale-sexy-see-through-lingerie","15":"product_tag-wholesale-sexy-crotchless-lingerie","16":"product_tag-wholesale-strappy-sexy-lingerie","17":"product_tag-ultra-sexy","18":"pa_color-black","19":"pa_color-blue-women-sexy-lingerie","20":"pa_color-red-women-sexy-lingerie","21":"pa_cup-full-cup","22":"pa_size-wholesale-large-size-women-sexy-lingerie","23":"pa_size-wholesale-medium-size-women-sexy-lingerie","24":"pa_size-wholesale-small-size-sexy-lingerie","26":"first","27":"instock","28":"taxable","29":"shipping-taxable","30":"purchasable","31":"product-type-variable"},"tiered_pricing_type":"fixed","tiered_pricing_fixed_rules":[],"tiered_pricing_product_settings":{"layout":"table","base_unit_name":{"singular":null,"plural":null},"default_variation":null},"tiered_pricing_minimum_quantity":null,"tiered_pricing_roles_data":[],"tiered_pricing_percentage_rules":[],"tiered_pricing_maximum_quantity":null,"tiered_pricing_quantity_step":null,"_links":{"self":[{"href":"https:\/\/gretasexylingerie.com\/de\/wp-json\/wp\/v2\/product\/30162","targetHints":{"allow":["GET"]}}],"collection":[{"href":"https:\/\/gretasexylingerie.com\/de\/wp-json\/wp\/v2\/product"}],"about":[{"href":"https:\/\/gretasexylingerie.com\/de\/wp-json\/wp\/v2\/types\/product"}],"wp:featuredmedia":[{"embeddable":true,"href":"https:\/\/gretasexylingerie.com\/de\/wp-json\/wp\/v2\/media\/30170"}],"wp:attachment":[{"href":"https:\/\/gretasexylingerie.com\/de\/wp-json\/wp\/v2\/media?parent=30162"}],"wp:term":[{"taxonomy":"product_brand","embeddable":true,"href":"https:\/\/gretasexylingerie.com\/de\/wp-json\/wp\/v2\/product_brand?post=30162"},{"taxonomy":"product_cat","embeddable":true,"href":"https:\/\/gretasexylingerie.com\/de\/wp-json\/wp\/v2\/product_cat?post=30162"},{"taxonomy":"product_tag","embeddable":true,"href":"https:\/\/gretasexylingerie.com\/de\/wp-json\/wp\/v2\/product_tag?post=30162"}],"curies":[{"name":"wp","href":"https:\/\/api.w.org\/{rel}","templated":true}]}}