{"id":30111,"date":"2023-01-21T14:46:44","date_gmt":"2023-01-21T06:46:44","guid":{"rendered":"https:\/\/gretasexylingerie.com\/?post_type=product&#038;p=30111"},"modified":"2023-10-22T23:17:45","modified_gmt":"2023-10-22T15:17:45","slug":"floral-krawattenstreifen-teddy-anzug","status":"publish","type":"product","link":"https:\/\/gretasexylingerie.com\/de\/products\/floral-tie-stripe-teddy-suit\/","title":{"rendered":"Teddy-Anzug mit floralen Krawattenstreifen"},"content":{"rendered":"<p>Merkmale:<\/p>\n\n\n\n<p>1. Der hochelastische, d\u00fcnne, gewebte G\u00fcrtel wurde sorgf\u00e4ltig entworfen, um Ihre Figur mit der geringsten Struktur besser hervorzuheben.<br>2. Schneiden Sie die Blumen auf Ihrer Brust und in der Mitte des K\u00f6rpers aus. Verstecken Sie Ihre hei\u00dfesten Stellen f\u00fcr zus\u00e4tzliche Geheimnisse.<br>3. Verstellbare d\u00fcnne Schultergurte und zwei Lagen Kn\u00f6pfe erleichtern das An- und Ausziehen. Verstellbarer d\u00fcnner G\u00fcrtel an der Taille.<\/p>\n\n\n\n<figure class=\"wp-block-table is-style-stripes\"><table><tbody><tr><td colspan=\"4\">Standortdiagramm (CM)<\/td><\/tr><tr><td>Gr\u00f6\u00dfe<\/td><td>Unter Fehlschlag<\/td><td>Taille<\/td><td>L\u00e4nge<\/td><\/tr><tr><td>S<\/td><td>71<\/td><td>58<\/td><td>49<\/td><\/tr><tr><td>M<\/td><td>75<\/td><td>62<\/td><td>50<\/td><\/tr><tr><td>L<\/td><td>79<\/td><td>66<\/td><td>53<\/td><\/tr><tr><td colspan=\"4\">Site-Diagramm (Zoll)<\/td><\/tr><tr><td>Gr\u00f6\u00dfe<\/td><td>Unter Fehlschlag<\/td><td>Taille<\/td><td>Taille<\/td><\/tr><tr><td>S<\/td><td>28.4<\/td><td>23.2<\/td><td>19.6<\/td><\/tr><tr><td>M<\/td><td>30<\/td><td>24.8<\/td><td>20<\/td><\/tr><tr><td>L<\/td><td>31.6<\/td><td>26.4<\/td><td>21.2<\/td><\/tr><tr><td colspan=\"4\">Hinweis: 1. Je nach Gr\u00f6\u00dfe, Lage und Dehnung des Stoffes kann es zu Abweichungen von 1-2 cm kommen. Die Gr\u00f6\u00dfentabelle dient nur als Referenz, es kann zu kleinen Abweichungen bei dem, was Sie erhalten, kommen. 2. Es gibt 3 Arten von Elastizit\u00e4t: Hohe Elastizit\u00e4t (beidseitig gedehnt), Mittlere Elastizit\u00e4t (einseitig gedehnt) und Nichtelastisch (kann nicht gedehnt werden). 3. Die Farbe kann aufgrund der unterschiedlichen PC-Anzeige heller oder dunkler sein. 4. Waschen Sie es von Hand in 30-Grad-Wasser, h\u00e4ngen Sie es zum Trocknen im Schatten auf und verbieten Sie das Bleichen. 5. Es kann zu leichten Abweichungen im Detail und im Muster kommen.<\/td><\/tr><\/tbody><\/table><\/figure>","protected":false},"excerpt":{"rendered":"<p>Der ultimative sexy Teddy-Anzug mit floralen Krawattenstreifen, der Ihnen hilft, all Ihre Liebe f\u00fcr Ihren Liebhaber zu entfesseln. Als Hauptmaterial werden hochelastische, d\u00fcnne geflochtene Tr\u00e4ger verwendet, hohle Blumen schm\u00fccken die Brust und den mittleren Teil des K\u00f6rpers, d\u00fcnne, verstellbare Schultergurte und zweireihige Kn\u00f6pfe.<\/p>\n<p>https:\/\/youtu.be\/jJFBrHr12ww<\/p>","protected":false},"featured_media":30113,"template":"","meta":[],"product_brand":[],"product_cat":[398,367,395],"product_tag":[973,446,447,504],"class_list":{"0":"post-30111","1":"product","2":"type-product","3":"status-publish","4":"has-post-thumbnail","6":"product_cat-wholesale-strappy-teddy","7":"product_cat-sexy-lingerie","8":"product_cat-sexy-teddy-suit","9":"product_tag-oem","10":"product_tag-wholesale-sexy-see-through-lingerie","11":"product_tag-wholesale-strappy-sexy-lingerie","12":"product_tag-ultra-sexy","13":"pa_color-black","14":"pa_color-hot-pink-women-sexy-lingerie","15":"pa_color-red-women-sexy-lingerie","16":"pa_cup-wholesale-half-cup-women-sexy-lingerie","17":"pa_size-wholesale-large-size-women-sexy-lingerie","18":"pa_size-wholesale-medium-size-women-sexy-lingerie","19":"pa_size-wholesale-small-size-sexy-lingerie","21":"first","22":"instock","23":"taxable","24":"shipping-taxable","25":"purchasable","26":"product-type-variable"},"tiered_pricing_type":"fixed","tiered_pricing_fixed_rules":[],"tiered_pricing_product_settings":{"layout":"default","base_unit_name":{"singular":null,"plural":null},"default_variation":{}},"tiered_pricing_minimum_quantity":150,"tiered_pricing_roles_data":{"default_wholesaler":{"product_id":30111,"role":"default_wholesaler","pricing_type":"flat","regular_price":null,"sale_price":null,"discount":null,"discount_type":"sale_price","tiered_pricing_type":"fixed","percentage_rules":[],"fixed_rules":{"2":"7.89","30":"6.79","500":"5.89"},"minimum":null},"dropshippinger":{"product_id":30111,"role":"dropshippinger","pricing_type":"flat","regular_price":null,"sale_price":null,"discount":null,"discount_type":"sale_price","tiered_pricing_type":"fixed","percentage_rules":[],"fixed_rules":{"1":"9.39","5":"7.89","20":"6.79"},"minimum":null}},"tiered_pricing_percentage_rules":[],"tiered_pricing_maximum_quantity":null,"tiered_pricing_quantity_step":null,"_links":{"self":[{"href":"https:\/\/gretasexylingerie.com\/de\/wp-json\/wp\/v2\/product\/30111","targetHints":{"allow":["GET"]}}],"collection":[{"href":"https:\/\/gretasexylingerie.com\/de\/wp-json\/wp\/v2\/product"}],"about":[{"href":"https:\/\/gretasexylingerie.com\/de\/wp-json\/wp\/v2\/types\/product"}],"wp:featuredmedia":[{"embeddable":true,"href":"https:\/\/gretasexylingerie.com\/de\/wp-json\/wp\/v2\/media\/30113"}],"wp:attachment":[{"href":"https:\/\/gretasexylingerie.com\/de\/wp-json\/wp\/v2\/media?parent=30111"}],"wp:term":[{"taxonomy":"product_brand","embeddable":true,"href":"https:\/\/gretasexylingerie.com\/de\/wp-json\/wp\/v2\/product_brand?post=30111"},{"taxonomy":"product_cat","embeddable":true,"href":"https:\/\/gretasexylingerie.com\/de\/wp-json\/wp\/v2\/product_cat?post=30111"},{"taxonomy":"product_tag","embeddable":true,"href":"https:\/\/gretasexylingerie.com\/de\/wp-json\/wp\/v2\/product_tag?post=30111"}],"curies":[{"name":"wp","href":"https:\/\/api.w.org\/{rel}","templated":true}]}}