{"id":30085,"date":"2023-01-21T14:19:32","date_gmt":"2023-01-21T06:19:32","guid":{"rendered":"https:\/\/gretasexylingerie.com\/?post_type=product&#038;p=30085"},"modified":"2023-10-22T23:11:40","modified_gmt":"2023-10-22T15:11:40","slug":"rollkragen-armelloser-sheer-teddy-anzug","status":"publish","type":"product","link":"https:\/\/gretasexylingerie.com\/de\/products\/turtleneck-sleeveless-sheer-teddy-suit\/","title":{"rendered":"\u00c4rmelloser, transparenter Teddy-Anzug mit Rollkragen"},"content":{"rendered":"<p>Merkmale:<\/p>\n\n\n\n<p>1. Hochwertige Blumenspitze, Patchwork, Netzstruktur, schm\u00fccken Ihren sch\u00f6nen K\u00f6rper.<br>2. Schn\u00fcrhalfter-Design mit weicher Spitze, bequemer und einfacher an- und auszuziehen.<br>3. Open-Back-Design, verstellbarer d\u00fcnner G\u00fcrtel an der Taille und Design mit d\u00fcnnem, gewebtem Kreuzg\u00fcrtel, machen Ihren K\u00f6rper sch\u00f6ner.<\/p>\n\n\n\n<figure class=\"wp-block-table is-style-stripes\"><table><tbody><tr><td colspan=\"4\">Standortdiagramm (CM)<\/td><\/tr><tr><td>Gr\u00f6\u00dfe<\/td><td>Unter Fehlschlag<\/td><td>Taille<\/td><td>L\u00e4nge<\/td><\/tr><tr><td>S<\/td><td>66<\/td><td>66<\/td><td>66<\/td><\/tr><tr><td>M<\/td><td>70<\/td><td>70<\/td><td>67<\/td><\/tr><tr><td>L<\/td><td>74<\/td><td>74<\/td><td>68<\/td><\/tr><tr><td>XL<\/td><td>78<\/td><td>78<\/td><td>69<\/td><\/tr><tr><td>XXL<\/td><td>82<\/td><td>82<\/td><td>70<\/td><\/tr><tr><td colspan=\"4\">Site-Diagramm (Zoll)<\/td><\/tr><tr><td>Gr\u00f6\u00dfe<\/td><td>Unter Fehlschlag<\/td><td>Taille<\/td><td>Taille<\/td><\/tr><tr><td>S<\/td><td>26.4<\/td><td>26.4<\/td><td>26.4<\/td><\/tr><tr><td>M<\/td><td>28<\/td><td>28<\/td><td>26.8<\/td><\/tr><tr><td>L<\/td><td>29.6<\/td><td>29.6<\/td><td>27.2<\/td><\/tr><tr><td>XL<\/td><td>31.2<\/td><td>31.2<\/td><td>27.6<\/td><\/tr><tr><td>XXL<\/td><td>32.8<\/td><td>32.8<\/td><td>28<\/td><\/tr><tr><td colspan=\"4\">Hinweis: 1. Je nach Gr\u00f6\u00dfe, Lage und Dehnung des Stoffes kann es zu Abweichungen von 1-2 cm kommen. Die Gr\u00f6\u00dfentabelle dient nur als Referenz, es kann zu kleinen Abweichungen bei dem, was Sie erhalten, kommen. 2. Es gibt 3 Arten von Elastizit\u00e4t: Hohe Elastizit\u00e4t (beidseitig gedehnt), Mittlere Elastizit\u00e4t (einseitig gedehnt) und Nichtelastisch (kann nicht gedehnt werden). 3. Die Farbe kann aufgrund der unterschiedlichen PC-Anzeige heller oder dunkler sein. 4. Waschen Sie es von Hand in 30-Grad-Wasser, h\u00e4ngen Sie es zum Trocknen im Schatten auf und verbieten Sie das Bleichen. 5. Es kann zu leichten Abweichungen im Detail und im Muster kommen.<\/td><\/tr><\/tbody><\/table><\/figure>","protected":false},"excerpt":{"rendered":"<p>Der \u00e4rmellose, transparente Teddy-Anzug mit Rollkragen hilft Ihnen, sich auf unvergessliche Flitterwochen vorzubereiten. Hergestellt aus hochwertiger Blumenspitze, ist es mit regelm\u00e4\u00dfigen Wellen um den Umfang getrimmt, mit einem Neckholder zum Schn\u00fcren, einem verstellbaren d\u00fcnnen G\u00fcrtel auf der R\u00fcckseite und einem kreuz und quer verlaufenden Zopf auf der R\u00fcckseite der H\u00fcften.\u00a0<\/p>\n<p>https:\/\/youtu.be\/egRw8gS7mig<\/p>","protected":false},"featured_media":30092,"template":"","meta":[],"product_brand":[],"product_cat":[397,367,395],"product_tag":[452,528,516],"class_list":{"0":"post-30085","1":"product","2":"type-product","3":"status-publish","4":"has-post-thumbnail","6":"product_cat-wholesale-sexy-lace-teddy","7":"product_cat-sexy-lingerie","8":"product_cat-sexy-teddy-suit","9":"product_tag-wholesale-boudoir-lingerie","10":"product_tag-halter-lingerie","11":"product_tag-lace-lingerie","12":"pa_color-black","13":"pa_color-fire-brick-women-sexy-lingerie","14":"pa_color-green","15":"pa_cup-full-cup","16":"pa_size-wholesale-large-size-women-sexy-lingerie","17":"pa_size-wholesale-medium-size-women-sexy-lingerie","18":"pa_size-wholesale-small-size-sexy-lingerie","19":"pa_size-wholesale-extra-large-sexy-lingerie","20":"pa_size-extra-extra-large-sexy-lingerie","22":"first","23":"instock","24":"taxable","25":"shipping-taxable","26":"purchasable","27":"product-type-variable"},"tiered_pricing_type":"fixed","tiered_pricing_fixed_rules":[],"tiered_pricing_product_settings":{"layout":"default","base_unit_name":{"singular":null,"plural":null},"default_variation":{}},"tiered_pricing_minimum_quantity":null,"tiered_pricing_roles_data":{"default_wholesaler":{"product_id":30085,"role":"default_wholesaler","pricing_type":"flat","regular_price":null,"sale_price":null,"discount":null,"discount_type":"sale_price","tiered_pricing_type":"fixed","percentage_rules":[],"fixed_rules":{"2":"6.79","30":"5.89","500":"5.09"},"minimum":null},"dropshippinger":{"product_id":30085,"role":"dropshippinger","pricing_type":"flat","regular_price":null,"sale_price":null,"discount":null,"discount_type":"sale_price","tiered_pricing_type":"fixed","percentage_rules":[],"fixed_rules":{"1":"8.19","5":"6.79","20":"5.89"},"minimum":null}},"tiered_pricing_percentage_rules":[],"tiered_pricing_maximum_quantity":null,"tiered_pricing_quantity_step":null,"_links":{"self":[{"href":"https:\/\/gretasexylingerie.com\/de\/wp-json\/wp\/v2\/product\/30085","targetHints":{"allow":["GET"]}}],"collection":[{"href":"https:\/\/gretasexylingerie.com\/de\/wp-json\/wp\/v2\/product"}],"about":[{"href":"https:\/\/gretasexylingerie.com\/de\/wp-json\/wp\/v2\/types\/product"}],"wp:featuredmedia":[{"embeddable":true,"href":"https:\/\/gretasexylingerie.com\/de\/wp-json\/wp\/v2\/media\/30092"}],"wp:attachment":[{"href":"https:\/\/gretasexylingerie.com\/de\/wp-json\/wp\/v2\/media?parent=30085"}],"wp:term":[{"taxonomy":"product_brand","embeddable":true,"href":"https:\/\/gretasexylingerie.com\/de\/wp-json\/wp\/v2\/product_brand?post=30085"},{"taxonomy":"product_cat","embeddable":true,"href":"https:\/\/gretasexylingerie.com\/de\/wp-json\/wp\/v2\/product_cat?post=30085"},{"taxonomy":"product_tag","embeddable":true,"href":"https:\/\/gretasexylingerie.com\/de\/wp-json\/wp\/v2\/product_tag?post=30085"}],"curies":[{"name":"wp","href":"https:\/\/api.w.org\/{rel}","templated":true}]}}