{"id":30052,"date":"2023-01-21T14:01:03","date_gmt":"2023-01-21T06:01:03","guid":{"rendered":"https:\/\/gretasexylingerie.com\/?post_type=product&#038;p=30052"},"modified":"2023-09-05T20:49:54","modified_gmt":"2023-09-05T12:49:54","slug":"sexy-teddy-mit-netzkragen","status":"publish","type":"product","link":"https:\/\/gretasexylingerie.com\/de\/products\/mesh-collar-sexy-teddy\/","title":{"rendered":"Netzkragen Sexy Teddy"},"content":{"rendered":"<p>Merkmale:<\/p>\n\n\n\n<p>1. Hochwertige Blumenspitze, hohles Design, erh\u00f6hen das Geheimnis des K\u00f6rpers und kontrastierende Farbmuster, um wichtige Teile zu dekorieren.<br>2. Lace Hanging Neck Design, zwei Paar d\u00fcnne gewebte G\u00fcrtel zur Fixierung der Brust, bequemer zu tragen und dich praller zu machen.<br>3. An der Taille befindet sich ein verstellbarer d\u00fcnner G\u00fcrtel, und ein gewebter G\u00fcrtel an der Vorderseite kann die Taille nach Belieben kontrollieren.<\/p>\n\n\n\n<figure class=\"wp-block-table is-style-stripes\"><table><tbody><tr><td colspan=\"4\">Standortdiagramm (CM)<\/td><\/tr><tr><td>Gr\u00f6\u00dfe<\/td><td>Unter Fehlschlag<\/td><td>Taille<\/td><td>L\u00e4nge<\/td><\/tr><tr><td>S<\/td><td>68<\/td><td>55<\/td><td>57<\/td><\/tr><tr><td>M<\/td><td>72<\/td><td>60<\/td><td>58<\/td><\/tr><tr><td>L<\/td><td>76<\/td><td>65<\/td><td>59<\/td><\/tr><tr><td>XL<\/td><td>80<\/td><td>70<\/td><td>60<\/td><\/tr><tr><td>XXL<\/td><td>84<\/td><td>75<\/td><td>61<\/td><\/tr><tr><td colspan=\"4\">Site-Diagramm (Zoll)<\/td><\/tr><tr><td>Gr\u00f6\u00dfe<\/td><td>Unter Fehlschlag<\/td><td>Taille<\/td><td>Taille<\/td><\/tr><tr><td>S<\/td><td>27.2<\/td><td>22<\/td><td>22.8<\/td><\/tr><tr><td>M<\/td><td>28.8<\/td><td>24<\/td><td>23.2<\/td><\/tr><tr><td>L<\/td><td>30.4<\/td><td>26<\/td><td>23.6<\/td><\/tr><tr><td>XL<\/td><td>32<\/td><td>28<\/td><td>24<\/td><\/tr><tr><td>XXL<\/td><td>33.6<\/td><td>30<\/td><td>24.4<\/td><\/tr><tr><td colspan=\"4\">Hinweis: 1. Je nach Gr\u00f6\u00dfe, Lage und Dehnung des Stoffes kann es zu Abweichungen von 1-2 cm kommen. Die Gr\u00f6\u00dfentabelle dient nur als Referenz, es kann zu kleinen Abweichungen bei dem, was Sie erhalten, kommen. 2. Es gibt 3 Arten von Elastizit\u00e4t: Hohe Elastizit\u00e4t (beidseitig gedehnt), Mittlere Elastizit\u00e4t (einseitig gedehnt) und Nichtelastisch (kann nicht gedehnt werden). 3. Die Farbe kann aufgrund der unterschiedlichen PC-Anzeige heller oder dunkler sein. 4. Waschen Sie es von Hand in 30-Grad-Wasser, h\u00e4ngen Sie es zum Trocknen im Schatten auf und verbieten Sie das Bleichen. 5. Es kann zu leichten Abweichungen im Detail und im Muster kommen.<\/td><\/tr><\/tbody><\/table><\/figure>","protected":false},"excerpt":{"rendered":"<p>Lassen Sie sich von Mesh Collar Sexy Teddy dabei unterst\u00fctzen, Ihren sexy Glow zu entfesseln. Hergestellt aus durchbrochener floraler Spitze, gestickten Blumen in kontrastierenden Farben an wichtigen Punkten, Neckholder-Design aus Spitze, 2 Paar d\u00fcnner geflochtener Tr\u00e4ger zum Befestigen der Brust und verstellbarem G\u00fcrtel an der Taille.<\/p>","protected":false},"featured_media":30062,"template":"","meta":[],"product_brand":[],"product_cat":[397,370,396,371,367,395],"product_tag":[448,454,516,451,446],"class_list":{"0":"post-30052","1":"product","2":"type-product","3":"status-publish","4":"has-post-thumbnail","6":"product_cat-wholesale-sexy-lace-teddy","7":"product_cat-bodysuit","8":"product_cat-wholesale-see-through-teddy","9":"product_cat-wholesale-sexy-lace-bodysuit","10":"product_cat-sexy-lingerie","11":"product_cat-sexy-teddy-suit","12":"product_tag-wholesale-elegant-sexy-lingerie","13":"product_tag-wholesale-sexy-embroidered-lingerie","14":"product_tag-lace-lingerie","15":"product_tag-wholesale-revealing-lingerie","16":"product_tag-wholesale-sexy-see-through-lingerie","17":"pa_color-blue-women-sexy-lingerie","18":"pa_color-fire-brick-women-sexy-lingerie","19":"pa_color-green","20":"pa_cup-wholesale-half-cup-women-sexy-lingerie","21":"pa_size-wholesale-large-size-women-sexy-lingerie","22":"pa_size-wholesale-medium-size-women-sexy-lingerie","23":"pa_size-wholesale-small-size-sexy-lingerie","24":"pa_size-wholesale-extra-large-sexy-lingerie","25":"pa_size-extra-extra-large-sexy-lingerie","27":"first","28":"instock","29":"taxable","30":"shipping-taxable","31":"purchasable","32":"product-type-variable"},"tiered_pricing_type":"fixed","tiered_pricing_fixed_rules":[],"tiered_pricing_product_settings":{"layout":"default","base_unit_name":{"singular":null,"plural":null},"default_variation":null},"tiered_pricing_minimum_quantity":null,"tiered_pricing_roles_data":{"default_wholesaler":{"product_id":30052,"role":"default_wholesaler","pricing_type":"flat","regular_price":null,"sale_price":null,"discount":null,"discount_type":"sale_price","tiered_pricing_type":"fixed","percentage_rules":[],"fixed_rules":{"2":"7.59","30":"6.49","500":"5.69"},"minimum":null},"dropshippinger":{"product_id":30052,"role":"dropshippinger","pricing_type":"flat","regular_price":null,"sale_price":null,"discount":null,"discount_type":"sale_price","tiered_pricing_type":"fixed","percentage_rules":[],"fixed_rules":{"1":"9.09","5":"7.59","20":"6.49"},"minimum":null}},"tiered_pricing_percentage_rules":[],"tiered_pricing_maximum_quantity":null,"tiered_pricing_quantity_step":null,"_links":{"self":[{"href":"https:\/\/gretasexylingerie.com\/de\/wp-json\/wp\/v2\/product\/30052","targetHints":{"allow":["GET"]}}],"collection":[{"href":"https:\/\/gretasexylingerie.com\/de\/wp-json\/wp\/v2\/product"}],"about":[{"href":"https:\/\/gretasexylingerie.com\/de\/wp-json\/wp\/v2\/types\/product"}],"wp:featuredmedia":[{"embeddable":true,"href":"https:\/\/gretasexylingerie.com\/de\/wp-json\/wp\/v2\/media\/30062"}],"wp:attachment":[{"href":"https:\/\/gretasexylingerie.com\/de\/wp-json\/wp\/v2\/media?parent=30052"}],"wp:term":[{"taxonomy":"product_brand","embeddable":true,"href":"https:\/\/gretasexylingerie.com\/de\/wp-json\/wp\/v2\/product_brand?post=30052"},{"taxonomy":"product_cat","embeddable":true,"href":"https:\/\/gretasexylingerie.com\/de\/wp-json\/wp\/v2\/product_cat?post=30052"},{"taxonomy":"product_tag","embeddable":true,"href":"https:\/\/gretasexylingerie.com\/de\/wp-json\/wp\/v2\/product_tag?post=30052"}],"curies":[{"name":"wp","href":"https:\/\/api.w.org\/{rel}","templated":true}]}}