{"id":29974,"date":"2023-01-20T20:47:47","date_gmt":"2023-01-20T12:47:47","guid":{"rendered":"https:\/\/gretasexylingerie.com\/?post_type=product&#038;p=29974"},"modified":"2023-09-05T20:49:52","modified_gmt":"2023-09-05T12:49:52","slug":"transparente-bestickte-sexy-teddys-fur-frauen","status":"publish","type":"product","link":"https:\/\/gretasexylingerie.com\/de\/products\/transparent-embroidered-sexy-teddies-for-women\/","title":{"rendered":"Transparent bestickte sexy Teddys f\u00fcr Frauen"},"content":{"rendered":"<p>Merkmale:<\/p>\n\n\n\n<p>1. Hochelastisches Netzgewebe, wie nackt.<br>2. Rosenstickmuster, schm\u00fccken Sie jeden Zentimeter Ihrer Haut.<br>3. Verstellbare Schultergurte und H\u00fcftgurte erm\u00f6glichen es Ihnen, zu tun, was Sie wollen.<\/p>\n\n\n\n<figure class=\"wp-block-table is-style-stripes\"><table><tbody><tr><td colspan=\"4\">Standortdiagramm (CM)<\/td><\/tr><tr><td>Gr\u00f6\u00dfe<\/td><td>Unter Fehlschlag<\/td><td>Taille<\/td><td>L\u00e4nge<\/td><\/tr><tr><td>S<\/td><td>88<\/td><td>64-94<\/td><td>56<\/td><\/tr><tr><td>M<\/td><td>92<\/td><td>68-98<\/td><td>57<\/td><\/tr><tr><td>L<\/td><td>96<\/td><td>72-102<\/td><td>58<\/td><\/tr><tr><td colspan=\"4\">Site-Diagramm (Zoll)<\/td><\/tr><tr><td>Gr\u00f6\u00dfe<\/td><td>Unter Fehlschlag<\/td><td>Taille<\/td><td>Taille<\/td><\/tr><tr><td>S<\/td><td>35.2<\/td><td>25.6-37.6<\/td><td>22.4<\/td><\/tr><tr><td>M<\/td><td>36.8<\/td><td>27.2-39.2<\/td><td>22.8<\/td><\/tr><tr><td>L<\/td><td>38.4<\/td><td>28.8-40.8<\/td><td>23.2<\/td><\/tr><tr><td colspan=\"4\">Hinweis: 1. Je nach Gr\u00f6\u00dfe, Lage und Dehnung des Stoffes kann es zu Abweichungen von 1-2 cm kommen. Die Gr\u00f6\u00dfentabelle dient nur als Referenz, es kann zu kleinen Abweichungen bei dem, was Sie erhalten, kommen. 2. Es gibt 3 Arten von Elastizit\u00e4t: Hohe Elastizit\u00e4t (beidseitig gedehnt), Mittlere Elastizit\u00e4t (einseitig gedehnt) und Nichtelastisch (kann nicht gedehnt werden). 3. Die Farbe kann aufgrund der unterschiedlichen PC-Anzeige heller oder dunkler sein. 4. Waschen Sie es von Hand in 30-Grad-Wasser, h\u00e4ngen Sie es zum Trocknen im Schatten auf und verbieten Sie das Bleichen. 5. Es kann zu leichten Abweichungen im Detail und im Muster kommen.<\/td><\/tr><\/tbody><\/table><\/figure>","protected":false},"excerpt":{"rendered":"<p>Wie nackte transparente bestickte sexy Teddys f\u00fcr Frauen, lassen Sie ihn sich in Sie verlieben. Mit hautfarbenem, transparentem Mesh, bestickten Rosen, K\u00f6rbchen mit B\u00fcgeln, s\u00fc\u00dfen R\u00fcschen, verstellbaren Schulterriemen und Kordelzug in der Taille.<\/p>","protected":false},"featured_media":29980,"template":"","meta":[],"product_brand":[],"product_cat":[396,367,395],"product_tag":[454,451,446],"class_list":{"0":"post-29974","1":"product","2":"type-product","3":"status-publish","4":"has-post-thumbnail","6":"product_cat-wholesale-see-through-teddy","7":"product_cat-sexy-lingerie","8":"product_cat-sexy-teddy-suit","9":"product_tag-wholesale-sexy-embroidered-lingerie","10":"product_tag-wholesale-revealing-lingerie","11":"product_tag-wholesale-sexy-see-through-lingerie","12":"pa_color-bisque-women-sexy-lingerie","13":"pa_cup-full-cup","14":"pa_size-wholesale-large-size-women-sexy-lingerie","15":"pa_size-wholesale-medium-size-women-sexy-lingerie","16":"pa_size-wholesale-small-size-sexy-lingerie","18":"first","19":"instock","20":"taxable","21":"shipping-taxable","22":"purchasable","23":"product-type-variable"},"tiered_pricing_type":"fixed","tiered_pricing_fixed_rules":[],"tiered_pricing_product_settings":{"layout":"default","base_unit_name":{"singular":null,"plural":null},"default_variation":null},"tiered_pricing_minimum_quantity":null,"tiered_pricing_roles_data":{"default_wholesaler":{"product_id":29974,"role":"default_wholesaler","pricing_type":"flat","regular_price":null,"sale_price":null,"discount":null,"discount_type":"sale_price","tiered_pricing_type":"fixed","percentage_rules":[],"fixed_rules":{"2":"7.09","30":"6.09","500":"5.29"},"minimum":null},"dropshippinger":{"product_id":29974,"role":"dropshippinger","pricing_type":"flat","regular_price":null,"sale_price":null,"discount":null,"discount_type":"sale_price","tiered_pricing_type":"fixed","percentage_rules":[],"fixed_rules":{"1":"8.49","5":"7.09","20":"6.09"},"minimum":null}},"tiered_pricing_percentage_rules":[],"tiered_pricing_maximum_quantity":null,"tiered_pricing_quantity_step":null,"_links":{"self":[{"href":"https:\/\/gretasexylingerie.com\/de\/wp-json\/wp\/v2\/product\/29974","targetHints":{"allow":["GET"]}}],"collection":[{"href":"https:\/\/gretasexylingerie.com\/de\/wp-json\/wp\/v2\/product"}],"about":[{"href":"https:\/\/gretasexylingerie.com\/de\/wp-json\/wp\/v2\/types\/product"}],"wp:featuredmedia":[{"embeddable":true,"href":"https:\/\/gretasexylingerie.com\/de\/wp-json\/wp\/v2\/media\/29980"}],"wp:attachment":[{"href":"https:\/\/gretasexylingerie.com\/de\/wp-json\/wp\/v2\/media?parent=29974"}],"wp:term":[{"taxonomy":"product_brand","embeddable":true,"href":"https:\/\/gretasexylingerie.com\/de\/wp-json\/wp\/v2\/product_brand?post=29974"},{"taxonomy":"product_cat","embeddable":true,"href":"https:\/\/gretasexylingerie.com\/de\/wp-json\/wp\/v2\/product_cat?post=29974"},{"taxonomy":"product_tag","embeddable":true,"href":"https:\/\/gretasexylingerie.com\/de\/wp-json\/wp\/v2\/product_tag?post=29974"}],"curies":[{"name":"wp","href":"https:\/\/api.w.org\/{rel}","templated":true}]}}