{"id":29946,"date":"2023-01-20T20:34:07","date_gmt":"2023-01-20T12:34:07","guid":{"rendered":"https:\/\/gretasexylingerie.com\/?post_type=product&#038;p=29946"},"modified":"2023-12-09T21:22:15","modified_gmt":"2023-12-09T13:22:15","slug":"suses-sexy-spitzen-teddy-dessous-set","status":"publish","type":"product","link":"https:\/\/gretasexylingerie.com\/de\/products\/cute-sexy-lace-teddy-lingerie-set\/","title":{"rendered":"Niedliches sexy Spitzen-Teddyb\u00e4r-Dessous-Set im Gro\u00dfhandel"},"content":{"rendered":"<p>Merkmale:<\/p>\n\n\n\n<p>1. Hohler Spitzenstoff zum Dekorieren der wichtigsten Orte.<br>2. Weiches und hochelastisches Netzgewebe, das beim Modifizieren des K\u00f6rpers bequemer ist.<br>3. Das R\u00fcschen- und Metallring-Design verst\u00e4rkt Ihre Niedlichkeit und Sexiness.<\/p>\n\n\n\n<figure class=\"wp-block-table is-style-stripes\"><table><tbody><tr><td colspan=\"4\">Standortdiagramm (CM)<\/td><\/tr><tr><td>Gr\u00f6\u00dfe<\/td><td>Unter Fehlschlag<\/td><td>L\u00e4nge<\/td><td>Taille<\/td><\/tr><tr><td>S<\/td><td>64-74<\/td><td>24<\/td><td>60<\/td><\/tr><tr><td>M<\/td><td>68-78<\/td><td>25<\/td><td>64<\/td><\/tr><tr><td>L<\/td><td>72-82<\/td><td>26<\/td><td>68<\/td><\/tr><tr><td colspan=\"4\">Site-Diagramm (Zoll)<\/td><\/tr><tr><td>Gr\u00f6\u00dfe<\/td><td>Unter Fehlschlag<\/td><td>Cup-H\u00f6he<\/td><td>Taille<\/td><\/tr><tr><td>S<\/td><td>25.6-29.6<\/td><td>9.6<\/td><td>24<\/td><\/tr><tr><td>M<\/td><td>27.2-31.2<\/td><td>10<\/td><td>25.6<\/td><\/tr><tr><td>L<\/td><td>28.8-32.8<\/td><td>10.4<\/td><td>27.2<\/td><\/tr><tr><td colspan=\"4\">Hinweis: 1. Je nach Gr\u00f6\u00dfe, Lage und Dehnung des Stoffes kann es zu Abweichungen von 1-2 cm kommen. Die Gr\u00f6\u00dfentabelle dient nur als Referenz, es kann zu kleinen Abweichungen bei dem, was Sie erhalten, kommen. 2. Es gibt 3 Arten von Elastizit\u00e4t: Hohe Elastizit\u00e4t (beidseitig gedehnt), Mittlere Elastizit\u00e4t (einseitig gedehnt) und Nichtelastisch (kann nicht gedehnt werden). 3. Die Farbe kann aufgrund der unterschiedlichen PC-Anzeige heller oder dunkler sein. 4. Waschen Sie es von Hand in 30-Grad-Wasser, h\u00e4ngen Sie es zum Trocknen im Schatten auf und verbieten Sie das Bleichen. 5. Es kann zu leichten Abweichungen im Detail und im Muster kommen.<\/td><\/tr><\/tbody><\/table><\/figure>","protected":false},"excerpt":{"rendered":"<p>Tragen Sie das s\u00fc\u00dfe, sexy Spitzen-Teddy-Dessous-Set und erhalten Sie zus\u00e4tzliche Liebe voneinander. Hergestellt aus hochelastischem Spitzenstoff, erh\u00e4ltlich in 3 Farben, R\u00fcschenbesatz, inklusive Beinschlaufen, Halbschalen-Design, Metallring am Bauch.<\/p>\n<p>https:\/\/youtu.be\/6_rnm49BGa8<\/p>","protected":false},"featured_media":29960,"template":"","meta":[],"product_brand":[],"product_cat":[397,396,367,395],"product_tag":[452,516,518,446],"class_list":{"0":"post-29946","1":"product","2":"type-product","3":"status-publish","4":"has-post-thumbnail","6":"product_cat-wholesale-sexy-lace-teddy","7":"product_cat-wholesale-see-through-teddy","8":"product_cat-sexy-lingerie","9":"product_cat-sexy-teddy-suit","10":"product_tag-wholesale-boudoir-lingerie","11":"product_tag-lace-lingerie","12":"product_tag-mesh-lingerie","13":"product_tag-wholesale-sexy-see-through-lingerie","14":"pa_color-black","15":"pa_color-blue-women-sexy-lingerie","16":"pa_color-pink-women-sexy-lingerie","17":"pa_cup-wholesale-half-cup-women-sexy-lingerie","18":"pa_size-wholesale-large-size-women-sexy-lingerie","19":"pa_size-wholesale-medium-size-women-sexy-lingerie","20":"pa_size-wholesale-small-size-sexy-lingerie","22":"first","23":"instock","24":"taxable","25":"shipping-taxable","26":"purchasable","27":"product-type-variable"},"tiered_pricing_type":"fixed","tiered_pricing_fixed_rules":[],"tiered_pricing_product_settings":{"layout":"default","base_unit_name":{"singular":null,"plural":null},"default_variation":{}},"tiered_pricing_minimum_quantity":null,"tiered_pricing_roles_data":{"default_wholesaler":{"product_id":29946,"role":"default_wholesaler","pricing_type":"flat","regular_price":null,"sale_price":null,"discount":null,"discount_type":"sale_price","tiered_pricing_type":"fixed","percentage_rules":[],"fixed_rules":{"2":"9.39","30":"8.09","500":"7.09"},"minimum":null},"dropshippinger":{"product_id":29946,"role":"dropshippinger","pricing_type":"flat","regular_price":null,"sale_price":null,"discount":null,"discount_type":"sale_price","tiered_pricing_type":"fixed","percentage_rules":[],"fixed_rules":{"1":"11.29","5":"9.39","20":"8.09"},"minimum":null}},"tiered_pricing_percentage_rules":[],"tiered_pricing_maximum_quantity":null,"tiered_pricing_quantity_step":null,"_links":{"self":[{"href":"https:\/\/gretasexylingerie.com\/de\/wp-json\/wp\/v2\/product\/29946","targetHints":{"allow":["GET"]}}],"collection":[{"href":"https:\/\/gretasexylingerie.com\/de\/wp-json\/wp\/v2\/product"}],"about":[{"href":"https:\/\/gretasexylingerie.com\/de\/wp-json\/wp\/v2\/types\/product"}],"wp:featuredmedia":[{"embeddable":true,"href":"https:\/\/gretasexylingerie.com\/de\/wp-json\/wp\/v2\/media\/29960"}],"wp:attachment":[{"href":"https:\/\/gretasexylingerie.com\/de\/wp-json\/wp\/v2\/media?parent=29946"}],"wp:term":[{"taxonomy":"product_brand","embeddable":true,"href":"https:\/\/gretasexylingerie.com\/de\/wp-json\/wp\/v2\/product_brand?post=29946"},{"taxonomy":"product_cat","embeddable":true,"href":"https:\/\/gretasexylingerie.com\/de\/wp-json\/wp\/v2\/product_cat?post=29946"},{"taxonomy":"product_tag","embeddable":true,"href":"https:\/\/gretasexylingerie.com\/de\/wp-json\/wp\/v2\/product_tag?post=29946"}],"curies":[{"name":"wp","href":"https:\/\/api.w.org\/{rel}","templated":true}]}}