{"id":29908,"date":"2023-01-20T18:10:01","date_gmt":"2023-01-20T10:10:01","guid":{"rendered":"https:\/\/gretasexylingerie.com\/?post_type=product&#038;p=29908"},"modified":"2023-09-05T20:49:50","modified_gmt":"2023-09-05T12:49:50","slug":"schlichtes-spitze-aushohlen-sexy-dessous-set","status":"publish","type":"product","link":"https:\/\/gretasexylingerie.com\/de\/products\/simple-lace-hollow-out-sexy-lingerie-set\/","title":{"rendered":"Einfache Spitze aush\u00f6hlen sexy Dessous-Set"},"content":{"rendered":"<p>Merkmale:<\/p>\n\n\n\n<p>1. Die Brust ist mit hohler Blumenspitze verziert, und der flexible Brustring aus Metall macht Ihre Brust sexy.<br>2. Einteiliger BH, hochelastisches Netzgewebe, verstellbare d\u00fcnne Schultergurte und 4 extra lange Strumpfhalter.<br>3. Einfaches Mesh-H\u00f6schen, transparentes Mesh-Gewebe vorne und elastische d\u00fcnne Schn\u00fcrsenkel f\u00fcr den Rest.<\/p>\n\n\n\n<figure class=\"wp-block-table is-style-stripes\"><table><tbody><tr><td colspan=\"4\">Standortdiagramm (CM)<\/td><\/tr><tr><td>Gr\u00f6\u00dfe<\/td><td>Unter Fehlschlag<\/td><td>Obere B\u00fcste<\/td><td>L\u00e4nge<\/td><\/tr><tr><td>S<\/td><td>66<\/td><td>70<\/td><td>21<\/td><\/tr><tr><td>M<\/td><td>70<\/td><td>74<\/td><td>22<\/td><\/tr><tr><td>L<\/td><td>74<\/td><td>78<\/td><td>23<\/td><\/tr><tr><td colspan=\"4\">Site-Diagramm (Zoll)<\/td><\/tr><tr><td>Gr\u00f6\u00dfe<\/td><td>Unter Fehlschlag<\/td><td>Cup-H\u00f6he<\/td><td>Taille<\/td><\/tr><tr><td>S<\/td><td>26.4<\/td><td>28<\/td><td>8.4<\/td><\/tr><tr><td>M<\/td><td>28<\/td><td>29.6<\/td><td>8.8<\/td><\/tr><tr><td>L<\/td><td>29.6<\/td><td>31.2<\/td><td>9.2<\/td><\/tr><tr><td colspan=\"4\">Hinweis: 1. Je nach Gr\u00f6\u00dfe, Lage und Dehnung des Stoffes kann es zu Abweichungen von 1-2 cm kommen. Die Gr\u00f6\u00dfentabelle dient nur als Referenz, es kann zu kleinen Abweichungen bei dem, was Sie erhalten, kommen. 2. Es gibt 3 Arten von Elastizit\u00e4t: Hohe Elastizit\u00e4t (beidseitig gedehnt), Mittlere Elastizit\u00e4t (einseitig gedehnt) und Nichtelastisch (kann nicht gedehnt werden). 3. Die Farbe kann aufgrund der unterschiedlichen PC-Anzeige heller oder dunkler sein. 4. Waschen Sie es von Hand in 30-Grad-Wasser, h\u00e4ngen Sie es zum Trocknen im Schatten auf und verbieten Sie das Bleichen. 5. Es kann zu leichten Abweichungen im Detail und im Muster kommen.<\/td><\/tr><\/tbody><\/table><\/figure>","protected":false},"excerpt":{"rendered":"<p>Einfaches, aush\u00f6hlendes, sexy Dessous-Set aus Spitze macht Ihren K\u00f6rper sch\u00f6ner. Die Brust ist mit durchbrochener Blumenspitze verziert und der Rest besteht aus feinem Netzstoff, verstellbaren Spaghettitr\u00e4gern, vier extra langen Strumpfhaltern und einem einfachen Netzh\u00f6schen.<\/p>","protected":false},"featured_media":29918,"template":"","meta":[],"product_brand":[],"product_cat":[390,387,389,386,367],"product_tag":[516,518,451,446,509],"class_list":{"0":"post-29908","1":"product","2":"type-product","3":"status-publish","4":"has-post-thumbnail","6":"product_cat-wholesale-mesh-bustier","7":"product_cat-wholesale-bustier-bra-set","8":"product_cat-wholesale-lace-bustier","9":"product_cat-sexy-bustiers","10":"product_cat-sexy-lingerie","11":"product_tag-lace-lingerie","12":"product_tag-mesh-lingerie","13":"product_tag-wholesale-revealing-lingerie","14":"product_tag-wholesale-sexy-see-through-lingerie","15":"product_tag-two-pcs-set","16":"pa_color-black","17":"pa_color-hot-pink-women-sexy-lingerie","18":"pa_color-red-women-sexy-lingerie","19":"pa_color-white","20":"pa_cup-full-cup","21":"pa_size-wholesale-large-size-women-sexy-lingerie","22":"pa_size-wholesale-medium-size-women-sexy-lingerie","23":"pa_size-wholesale-small-size-sexy-lingerie","25":"first","26":"instock","27":"taxable","28":"shipping-taxable","29":"purchasable","30":"product-type-variable"},"tiered_pricing_type":"fixed","tiered_pricing_fixed_rules":[],"tiered_pricing_product_settings":{"layout":"default","base_unit_name":{"singular":null,"plural":null},"default_variation":null},"tiered_pricing_minimum_quantity":null,"tiered_pricing_roles_data":{"default_wholesaler":{"product_id":29908,"role":"default_wholesaler","pricing_type":"flat","regular_price":null,"sale_price":null,"discount":null,"discount_type":"sale_price","tiered_pricing_type":"fixed","percentage_rules":[],"fixed_rules":{"2":"6.59","30":"5.89","500":"4.89"},"minimum":null},"dropshippinger":{"product_id":29908,"role":"dropshippinger","pricing_type":"flat","regular_price":null,"sale_price":null,"discount":null,"discount_type":"sale_price","tiered_pricing_type":"fixed","percentage_rules":[],"fixed_rules":{"1":"9.99","5":"8.39","20":"7.19"},"minimum":null}},"tiered_pricing_percentage_rules":[],"tiered_pricing_maximum_quantity":null,"tiered_pricing_quantity_step":null,"_links":{"self":[{"href":"https:\/\/gretasexylingerie.com\/de\/wp-json\/wp\/v2\/product\/29908","targetHints":{"allow":["GET"]}}],"collection":[{"href":"https:\/\/gretasexylingerie.com\/de\/wp-json\/wp\/v2\/product"}],"about":[{"href":"https:\/\/gretasexylingerie.com\/de\/wp-json\/wp\/v2\/types\/product"}],"wp:featuredmedia":[{"embeddable":true,"href":"https:\/\/gretasexylingerie.com\/de\/wp-json\/wp\/v2\/media\/29918"}],"wp:attachment":[{"href":"https:\/\/gretasexylingerie.com\/de\/wp-json\/wp\/v2\/media?parent=29908"}],"wp:term":[{"taxonomy":"product_brand","embeddable":true,"href":"https:\/\/gretasexylingerie.com\/de\/wp-json\/wp\/v2\/product_brand?post=29908"},{"taxonomy":"product_cat","embeddable":true,"href":"https:\/\/gretasexylingerie.com\/de\/wp-json\/wp\/v2\/product_cat?post=29908"},{"taxonomy":"product_tag","embeddable":true,"href":"https:\/\/gretasexylingerie.com\/de\/wp-json\/wp\/v2\/product_tag?post=29908"}],"curies":[{"name":"wp","href":"https:\/\/api.w.org\/{rel}","templated":true}]}}