{"id":29890,"date":"2023-01-20T17:42:52","date_gmt":"2023-01-20T09:42:52","guid":{"rendered":"https:\/\/gretasexylingerie.com\/?post_type=product&#038;p=29890"},"modified":"2024-01-17T22:03:59","modified_gmt":"2024-01-17T14:03:59","slug":"push-up-bh-mit-stickerei-netz-bustier","status":"publish","type":"product","link":"https:\/\/gretasexylingerie.com\/de\/products\/embroidery-push-up-bra-mesh-bustier\/","title":{"rendered":"Stickerei Push-Up-BH Mesh-Bustier"},"content":{"rendered":"<p>Merkmale:<\/p>\n\n\n\n<p>1. Mit floraler Spitze und feinmaschigem N\u00e4hstoff. Blumenspitze auf der Brust, feines Mesh auf der Au\u00dfenseite und d\u00fcnne, \u00fcber Kreuz verstellbare Schultergurte.<br>2. Der Bauch ist ein Design mit offener Brust, die Vorderseite ist aus floraler Spitze, die Seite und der R\u00fccken sind aus Netzstoff und der G\u00fcrtel ist durch Metallringe verbunden.<br>3. Die Vorderseite der Tanga-Unterw\u00e4sche ist mit einem kleinen St\u00fcck Blumenspitze verziert, um den geheimen Garten zu schm\u00fccken, mit einem hohlen Design, einem d\u00fcnnen G\u00fcrteldesign und einer darauf gen\u00e4hten Schleife.<\/p>\n\n\n\n<figure class=\"wp-block-table\"><table><tbody><tr><td colspan=\"4\">Standortdiagramm (CM)<\/td><\/tr><tr><td>Gr\u00f6\u00dfe<\/td><td>Unter Fehlschlag<\/td><td>L\u00e4nge<\/td><td>Taille<\/td><\/tr><tr><td>S<\/td><td>66-92<\/td><td>24<\/td><td>64-96<\/td><\/tr><tr><td>M<\/td><td>70-96<\/td><td>25<\/td><td>68-100<\/td><\/tr><tr><td>L<\/td><td>74-100<\/td><td>26<\/td><td>74-104<\/td><\/tr><tr><td colspan=\"4\">Site-Diagramm (Zoll)<\/td><\/tr><tr><td>Gr\u00f6\u00dfe<\/td><td>Unter Fehlschlag<\/td><td>Cup-H\u00f6he<\/td><td>Taille<\/td><\/tr><tr><td>S<\/td><td>26.4-36.7<\/td><td>9.6<\/td><td>25.6-38.4<\/td><\/tr><tr><td>M<\/td><td>28-38.4<\/td><td>10<\/td><td>27.2-40<\/td><\/tr><tr><td>L<\/td><td>30.4-40<\/td><td>10.4<\/td><td>32.8-41.6<\/td><\/tr><tr><td colspan=\"4\">Hinweis: 1. Je nach Gr\u00f6\u00dfe, Lage und Dehnung des Stoffes kann es zu Abweichungen von 1-2 cm kommen. Die Gr\u00f6\u00dfentabelle dient nur als Referenz, es kann zu kleinen Abweichungen bei dem, was Sie erhalten, kommen. 2. Es gibt 3 Arten von Elastizit\u00e4t: Hohe Elastizit\u00e4t (beidseitig gedehnt), Mittlere Elastizit\u00e4t (einseitig gedehnt) und Nichtelastisch (kann nicht gedehnt werden). 3. Die Farbe kann aufgrund der unterschiedlichen PC-Anzeige heller oder dunkler sein. 4. Waschen Sie es von Hand in 30-Grad-Wasser, h\u00e4ngen Sie es zum Trocknen im Schatten auf und verbieten Sie das Bleichen. 5. Es kann zu leichten Abweichungen im Detail und im Muster kommen.<\/td><\/tr><\/tbody><\/table><\/figure>","protected":false},"excerpt":{"rendered":"<p>Entfesseln Sie den Glamour Ihres K\u00f6rpers mit dem bestickten Push-up-BH-Bustier aus Netzstoff. Spitzen- und Mesh-Eins\u00e4tze, zarte Blumenspitze auf der Brust, Mesh auf der Au\u00dfenseite, \u00fcberkreuzte Tr\u00e4ger, verstellbare Tr\u00e4ger und ein Tanga-H\u00f6schen.<\/p>","protected":false},"featured_media":29896,"template":"","meta":[],"product_brand":[],"product_cat":[390,386,367],"product_tag":[454,516,518,973,447,509],"class_list":{"0":"post-29890","1":"product","2":"type-product","3":"status-publish","4":"has-post-thumbnail","6":"product_cat-wholesale-mesh-bustier","7":"product_cat-sexy-bustiers","8":"product_cat-sexy-lingerie","9":"product_tag-wholesale-sexy-embroidered-lingerie","10":"product_tag-lace-lingerie","11":"product_tag-mesh-lingerie","12":"product_tag-oem","13":"product_tag-wholesale-strappy-sexy-lingerie","14":"product_tag-two-pcs-set","15":"pa_color-black","16":"pa_cup-wholesale-half-cup-women-sexy-lingerie","17":"pa_size-wholesale-large-size-women-sexy-lingerie","18":"pa_size-wholesale-medium-size-women-sexy-lingerie","19":"pa_size-wholesale-small-size-sexy-lingerie","21":"first","22":"outofstock","23":"taxable","24":"shipping-taxable","25":"purchasable","26":"product-type-variable"},"tiered_pricing_type":"fixed","tiered_pricing_fixed_rules":[],"tiered_pricing_product_settings":{"layout":"default","base_unit_name":{"singular":null,"plural":null},"default_variation":null},"tiered_pricing_minimum_quantity":null,"tiered_pricing_roles_data":{"default_wholesaler":{"product_id":29890,"role":"default_wholesaler","pricing_type":"flat","regular_price":null,"sale_price":null,"discount":null,"discount_type":"sale_price","tiered_pricing_type":"fixed","percentage_rules":[],"fixed_rules":{"2":"7.89","30":"6.79","500":"5.89"},"minimum":null},"dropshippinger":{"product_id":29890,"role":"dropshippinger","pricing_type":"flat","regular_price":null,"sale_price":null,"discount":null,"discount_type":"sale_price","tiered_pricing_type":"fixed","percentage_rules":[],"fixed_rules":{"1":"9.39","5":"7.89","20":"6.79"},"minimum":null}},"tiered_pricing_percentage_rules":[],"tiered_pricing_maximum_quantity":null,"tiered_pricing_quantity_step":null,"_links":{"self":[{"href":"https:\/\/gretasexylingerie.com\/de\/wp-json\/wp\/v2\/product\/29890","targetHints":{"allow":["GET"]}}],"collection":[{"href":"https:\/\/gretasexylingerie.com\/de\/wp-json\/wp\/v2\/product"}],"about":[{"href":"https:\/\/gretasexylingerie.com\/de\/wp-json\/wp\/v2\/types\/product"}],"wp:featuredmedia":[{"embeddable":true,"href":"https:\/\/gretasexylingerie.com\/de\/wp-json\/wp\/v2\/media\/29896"}],"wp:attachment":[{"href":"https:\/\/gretasexylingerie.com\/de\/wp-json\/wp\/v2\/media?parent=29890"}],"wp:term":[{"taxonomy":"product_brand","embeddable":true,"href":"https:\/\/gretasexylingerie.com\/de\/wp-json\/wp\/v2\/product_brand?post=29890"},{"taxonomy":"product_cat","embeddable":true,"href":"https:\/\/gretasexylingerie.com\/de\/wp-json\/wp\/v2\/product_cat?post=29890"},{"taxonomy":"product_tag","embeddable":true,"href":"https:\/\/gretasexylingerie.com\/de\/wp-json\/wp\/v2\/product_tag?post=29890"}],"curies":[{"name":"wp","href":"https:\/\/api.w.org\/{rel}","templated":true}]}}