{"id":29869,"date":"2023-01-20T17:29:20","date_gmt":"2023-01-20T09:29:20","guid":{"rendered":"https:\/\/gretasexylingerie.com\/?post_type=product&#038;p=29869"},"modified":"2024-04-04T16:35:40","modified_gmt":"2024-04-04T08:35:40","slug":"besticktes-tanga-sexy-bustier-bh-set","status":"publish","type":"product","link":"https:\/\/gretasexylingerie.com\/de\/products\/embroidered-thong-sexy-bustier-bra-set\/","title":{"rendered":"Bestickter Tanga, sexy Bustier-BH-Set"},"content":{"rendered":"<p>Merkmale:<\/p>\n\n\n\n<p>1. Das transparente und zarte Netzgewebe ist mit lebensechtem Huawei bestickt, um den sexy Teil Ihres K\u00f6rpers zu schm\u00fccken.<br>2. Verstellbare, hochelastische, d\u00fcnne Schultergurte, Haken mit 4 Schnallenreihen und Wiegen aus transparentem Netzgewebe.<br>3. Das H\u00f6schen nimmt ein passendes Stickereinetz an, der G\u00fcrtel nimmt einen verstellbaren d\u00fcnnen gewebten G\u00fcrtel an und der R\u00fccken nimmt einen d\u00fcnnen elastischen G\u00fcrtel an, der sehr sexy ist.<\/p>\n\n\n\n<figure class=\"wp-block-table is-style-stripes\"><table><tbody><tr><td colspan=\"4\">Standortdiagramm (CM)<\/td><\/tr><tr><td>Gr\u00f6\u00dfe<\/td><td>Unter Fehlschlag<\/td><td>L\u00e4nge<\/td><td>Taille<\/td><\/tr><tr><td>S<\/td><td>63-84<\/td><td>22<\/td><td>66-96<\/td><\/tr><tr><td>M<\/td><td>67-88<\/td><td>23<\/td><td>70-100<\/td><\/tr><tr><td>L<\/td><td>71-92<\/td><td>24<\/td><td>74-104<\/td><\/tr><tr><td colspan=\"4\">Site-Diagramm (Zoll)<\/td><\/tr><tr><td>Gr\u00f6\u00dfe<\/td><td>Unter Fehlschlag<\/td><td>Cup-H\u00f6he<\/td><td>Taille<\/td><\/tr><tr><td>S<\/td><td>25,2-33.6<\/td><td>8.8<\/td><td>26.4-38.4<\/td><\/tr><tr><td>M<\/td><td>26.8-35.2<\/td><td>9.2<\/td><td>28-40<\/td><\/tr><tr><td>L<\/td><td>30.4-36.8<\/td><td>9.6<\/td><td>20.4-41.6<\/td><\/tr><tr><td colspan=\"4\">Hinweis: 1. Je nach Gr\u00f6\u00dfe, Lage und Dehnung des Stoffes kann es zu Abweichungen von 1-2 cm kommen. Die Gr\u00f6\u00dfentabelle dient nur als Referenz, es kann zu kleinen Abweichungen bei dem, was Sie erhalten, kommen. 2. Es gibt 3 Arten von Elastizit\u00e4t: Hohe Elastizit\u00e4t (beidseitig gedehnt), Mittlere Elastizit\u00e4t (einseitig gedehnt) und Nichtelastisch (kann nicht gedehnt werden). 3. Die Farbe kann aufgrund der unterschiedlichen PC-Anzeige heller oder dunkler sein. 4. Waschen Sie es von Hand in 30-Grad-Wasser, h\u00e4ngen Sie es zum Trocknen im Schatten auf und verbieten Sie das Bleichen. 5. Es kann zu leichten Abweichungen im Detail und im Muster kommen.<\/td><\/tr><\/tbody><\/table><\/figure>","protected":false},"excerpt":{"rendered":"<p>Genie\u00dfen Sie jede s\u00fc\u00dfe Nacht mit dem sexy Bustier-BH-Set mit besticktem Tanga und wundersch\u00f6nen Mustern. Hergestellt aus einem leichten und feinen Netz mit zarten Blumen, die darauf gestickt sind, der Wiegenteil ist aus durchsichtigem Netzstoff, die verstellbaren d\u00fcnnen Schultergurte und der Haken hat einen 4-lagigen Knopf.<\/p>","protected":false},"featured_media":29880,"template":"","meta":[],"product_brand":[],"product_cat":[390,387,386,367],"product_tag":[454,518,451,446,509],"class_list":{"0":"post-29869","1":"product","2":"type-product","3":"status-publish","4":"has-post-thumbnail","6":"product_cat-wholesale-mesh-bustier","7":"product_cat-wholesale-bustier-bra-set","8":"product_cat-sexy-bustiers","9":"product_cat-sexy-lingerie","10":"product_tag-wholesale-sexy-embroidered-lingerie","11":"product_tag-mesh-lingerie","12":"product_tag-wholesale-revealing-lingerie","13":"product_tag-wholesale-sexy-see-through-lingerie","14":"product_tag-two-pcs-set","15":"pa_color-black","16":"pa_color-white","17":"pa_cup-full-cup","18":"pa_size-wholesale-large-size-women-sexy-lingerie","19":"pa_size-wholesale-medium-size-women-sexy-lingerie","20":"pa_size-wholesale-small-size-sexy-lingerie","22":"first","23":"instock","24":"taxable","25":"shipping-taxable","26":"purchasable","27":"product-type-variable"},"tiered_pricing_type":"fixed","tiered_pricing_fixed_rules":[],"tiered_pricing_product_settings":{"layout":"table","base_unit_name":{"singular":null,"plural":null},"default_variation":null},"tiered_pricing_minimum_quantity":null,"tiered_pricing_roles_data":{"default_wholesaler":{"product_id":29869,"role":"default_wholesaler","pricing_type":"flat","regular_price":null,"sale_price":null,"discount":null,"discount_type":"sale_price","tiered_pricing_type":"fixed","percentage_rules":[],"fixed_rules":{"2":"8.09","30":"6.99","500":"6.09"},"minimum":null},"dropshippinger":{"product_id":29869,"role":"dropshippinger","pricing_type":"flat","regular_price":null,"sale_price":null,"discount":null,"discount_type":"sale_price","tiered_pricing_type":"fixed","percentage_rules":[],"fixed_rules":{"1":"9.69","5":"8.09","20":"6.99"},"minimum":null}},"tiered_pricing_percentage_rules":[],"tiered_pricing_maximum_quantity":null,"tiered_pricing_quantity_step":null,"_links":{"self":[{"href":"https:\/\/gretasexylingerie.com\/de\/wp-json\/wp\/v2\/product\/29869","targetHints":{"allow":["GET"]}}],"collection":[{"href":"https:\/\/gretasexylingerie.com\/de\/wp-json\/wp\/v2\/product"}],"about":[{"href":"https:\/\/gretasexylingerie.com\/de\/wp-json\/wp\/v2\/types\/product"}],"wp:featuredmedia":[{"embeddable":true,"href":"https:\/\/gretasexylingerie.com\/de\/wp-json\/wp\/v2\/media\/29880"}],"wp:attachment":[{"href":"https:\/\/gretasexylingerie.com\/de\/wp-json\/wp\/v2\/media?parent=29869"}],"wp:term":[{"taxonomy":"product_brand","embeddable":true,"href":"https:\/\/gretasexylingerie.com\/de\/wp-json\/wp\/v2\/product_brand?post=29869"},{"taxonomy":"product_cat","embeddable":true,"href":"https:\/\/gretasexylingerie.com\/de\/wp-json\/wp\/v2\/product_cat?post=29869"},{"taxonomy":"product_tag","embeddable":true,"href":"https:\/\/gretasexylingerie.com\/de\/wp-json\/wp\/v2\/product_tag?post=29869"}],"curies":[{"name":"wp","href":"https:\/\/api.w.org\/{rel}","templated":true}]}}