{"id":29844,"date":"2023-01-19T16:46:55","date_gmt":"2023-01-19T08:46:55","guid":{"rendered":"https:\/\/gretasexylingerie.com\/?post_type=product&#038;p=29844"},"modified":"2023-12-09T21:15:18","modified_gmt":"2023-12-09T13:15:18","slug":"bustier-bh-set-mit-blumenstickerei-und-strumpfband-aus-netzstoff","status":"publish","type":"product","link":"https:\/\/gretasexylingerie.com\/de\/products\/mesh-flower-embroidery-garter-bustier-bra-set\/","title":{"rendered":"Gro\u00dfhandel mit Mesh-Blumenstickerei und Strumpfhalter-Bustier-BH-Set"},"content":{"rendered":"<p>Merkmale:<\/p>\n\n\n\n<p>1. Die Brustk\u00f6rbchen bestehen aus feinmaschiger Gaze und sind mit exquisiten Blumen bestickt, und die Wiege besteht aus gro\u00df\u00e4ugigem Netz und kann mit dicken Schn\u00fcrsenkeln frei eingestellt werden. Der Fl\u00fcgelteil verwendet 3 verstellbare d\u00fcnne Riemen.<br>2. Der Strumpfg\u00fcrtel besteht aus floralem Mesh und hat einen dicken Mesh-R\u00fcschenbesatz. Die Vorderseite hat eine verstellbare dicke Schn\u00fcrung und der Haken verwendet einen zweireihigen Knopf.<br>3. Verwenden Sie Blumennetz f\u00fcr den geheimen Teil des H\u00f6schens, um Ihren geheimen Teil zu dekorieren. Der Bundbereich besteht aus einem verstellbaren elastischen Gurtband<\/p>\n\n\n\n<figure class=\"wp-block-table is-style-stripes\"><table><tbody><tr><td colspan=\"4\">Standortdiagramm (CM)<\/td><\/tr><tr><td>Gr\u00f6\u00dfe<\/td><td>Unter Fehlschlag<\/td><td>L\u00e4nge<\/td><td>Taille<\/td><\/tr><tr><td>S<\/td><td>68-86<\/td><td>22<\/td><td>62-94<\/td><\/tr><tr><td>M<\/td><td>72-90<\/td><td>23<\/td><td>66-98<\/td><\/tr><tr><td>L<\/td><td>76-94<\/td><td>24<\/td><td>70-102<\/td><\/tr><tr><td colspan=\"4\">Site-Diagramm (Zoll)<\/td><\/tr><tr><td>Gr\u00f6\u00dfe<\/td><td>Unter Fehlschlag<\/td><td>Cup-H\u00f6he<\/td><td>Taille<\/td><\/tr><tr><td>S<\/td><td>27.2-34.4<\/td><td>8.8<\/td><td>24.8-37.6<\/td><\/tr><tr><td>M<\/td><td>28.8-36<\/td><td>9.2<\/td><td>26.4-39.2<\/td><\/tr><tr><td>L<\/td><td>30.4-37.6<\/td><td>9.6<\/td><td>30.4-40.8<\/td><\/tr><tr><td colspan=\"4\">Hinweis: 1. Je nach Gr\u00f6\u00dfe, Lage und Dehnung des Stoffes kann es zu Abweichungen von 1-2 cm kommen. Die Gr\u00f6\u00dfentabelle dient nur als Referenz, es kann zu kleinen Abweichungen bei dem, was Sie erhalten, kommen. 2. Es gibt 3 Arten von Elastizit\u00e4t: Hohe Elastizit\u00e4t (beidseitig gedehnt), Mittlere Elastizit\u00e4t (einseitig gedehnt) und Nichtelastisch (kann nicht gedehnt werden). 3. Die Farbe kann aufgrund der unterschiedlichen PC-Anzeige heller oder dunkler sein. 4. Waschen Sie es von Hand in 30-Grad-Wasser, h\u00e4ngen Sie es zum Trocknen im Schatten auf und verbieten Sie das Bleichen. 5. Es kann zu leichten Abweichungen im Detail und im Muster kommen.<\/td><\/tr><\/tbody><\/table><\/figure>","protected":false},"excerpt":{"rendered":"<p>Verbringen Sie einen wundervollen Abend mit Ihrem Schatz in dem floralen Ensemble aus Mesh-Blumenstickerei-Strumpfband-Bustier-BH-Set. Mit einem Halbschalen-Design mit einem feinen Netzstoff, der mit charmanten Blumen bestickt ist, hat der Cardle einen gro\u00dfen Netzstoff, und der Strumpfg\u00fcrtel und die Brust sind mit dicken Schn\u00fcrsenkeln frei verstellbar.<\/p>","protected":false},"featured_media":29849,"template":"","meta":[],"product_brand":[],"product_cat":[390,387,388,386,367],"product_tag":[507,448,454,518,973,451,446],"class_list":{"0":"post-29844","1":"product","2":"type-product","3":"status-publish","4":"has-post-thumbnail","6":"product_cat-wholesale-mesh-bustier","7":"product_cat-wholesale-bustier-bra-set","8":"product_cat-wholesale-gartered-corset","9":"product_cat-sexy-bustiers","10":"product_cat-sexy-lingerie","11":"product_tag-three-pcs-set","12":"product_tag-wholesale-elegant-sexy-lingerie","13":"product_tag-wholesale-sexy-embroidered-lingerie","14":"product_tag-mesh-lingerie","15":"product_tag-oem","16":"product_tag-wholesale-revealing-lingerie","17":"product_tag-wholesale-sexy-see-through-lingerie","18":"pa_color-black","19":"pa_color-fire-brick-women-sexy-lingerie","20":"pa_color-pink-women-sexy-lingerie","21":"pa_cup-full-cup","22":"pa_size-wholesale-large-size-women-sexy-lingerie","23":"pa_size-wholesale-medium-size-women-sexy-lingerie","24":"pa_size-wholesale-small-size-sexy-lingerie","25":"pa_size-wholesale-extra-large-sexy-lingerie","26":"pa_size-extra-extra-large-sexy-lingerie","28":"first","29":"instock","30":"taxable","31":"shipping-taxable","32":"purchasable","33":"product-type-variable"},"tiered_pricing_type":"fixed","tiered_pricing_fixed_rules":[],"tiered_pricing_product_settings":{"layout":"default","base_unit_name":{"singular":null,"plural":null},"default_variation":null},"tiered_pricing_minimum_quantity":null,"tiered_pricing_roles_data":{"default_wholesaler":{"product_id":29844,"role":"default_wholesaler","pricing_type":"flat","regular_price":null,"sale_price":null,"discount":null,"discount_type":"sale_price","tiered_pricing_type":"fixed","percentage_rules":[],"fixed_rules":{"2":"9.69","30":"8.29","500":"7.29"},"minimum":null},"dropshippinger":{"product_id":29844,"role":"dropshippinger","pricing_type":"flat","regular_price":null,"sale_price":null,"discount":null,"discount_type":"sale_price","tiered_pricing_type":"fixed","percentage_rules":[],"fixed_rules":{"1":"11.59","5":"9.69","20":"8.29"},"minimum":null}},"tiered_pricing_percentage_rules":[],"tiered_pricing_maximum_quantity":null,"tiered_pricing_quantity_step":null,"_links":{"self":[{"href":"https:\/\/gretasexylingerie.com\/de\/wp-json\/wp\/v2\/product\/29844","targetHints":{"allow":["GET"]}}],"collection":[{"href":"https:\/\/gretasexylingerie.com\/de\/wp-json\/wp\/v2\/product"}],"about":[{"href":"https:\/\/gretasexylingerie.com\/de\/wp-json\/wp\/v2\/types\/product"}],"wp:featuredmedia":[{"embeddable":true,"href":"https:\/\/gretasexylingerie.com\/de\/wp-json\/wp\/v2\/media\/29849"}],"wp:attachment":[{"href":"https:\/\/gretasexylingerie.com\/de\/wp-json\/wp\/v2\/media?parent=29844"}],"wp:term":[{"taxonomy":"product_brand","embeddable":true,"href":"https:\/\/gretasexylingerie.com\/de\/wp-json\/wp\/v2\/product_brand?post=29844"},{"taxonomy":"product_cat","embeddable":true,"href":"https:\/\/gretasexylingerie.com\/de\/wp-json\/wp\/v2\/product_cat?post=29844"},{"taxonomy":"product_tag","embeddable":true,"href":"https:\/\/gretasexylingerie.com\/de\/wp-json\/wp\/v2\/product_tag?post=29844"}],"curies":[{"name":"wp","href":"https:\/\/api.w.org\/{rel}","templated":true}]}}