{"id":29825,"date":"2023-01-19T16:29:36","date_gmt":"2023-01-19T08:29:36","guid":{"rendered":"https:\/\/gretasexylingerie.com\/?post_type=product&#038;p=29825"},"modified":"2023-09-05T20:49:46","modified_gmt":"2023-09-05T12:49:46","slug":"bustier-bh-set-aus-netzstoff-mit-gepunkteten-ruschen","status":"publish","type":"product","link":"https:\/\/gretasexylingerie.com\/de\/products\/mesh-polka-dot-ruffle-bustier-bra-set\/","title":{"rendered":"Mesh-Tupfen-Bustier-BH-Set mit R\u00fcschen"},"content":{"rendered":"<p>Merkmale:<\/p>\n\n\n\n<p>1. Transparentes schwarzes Netz, regelm\u00e4\u00dfig in schwarzen Tupfen verteilt, l\u00e4sst Sie sch\u00f6ner aussehen.<br>2. Verstellbare d\u00fcnne Schultergurte, drei Metallketten verbinden den Halsring mit dem BH und machen Ihren Oberk\u00f6rper sexy und stabiler.<br>3. Strumpfband mit R\u00fcschen, verziert mit Polka Dot Mesh. Das H\u00f6schen besteht ebenfalls aus geflecktem Mesh und der Bund ist ein verstellbarer d\u00fcnner gewebter G\u00fcrtel.<\/p>\n\n\n\n<p><\/p>\n\n\n\n<figure class=\"wp-block-table is-style-stripes\"><table><tbody><tr><td colspan=\"4\">Standortdiagramm (CM)<\/td><\/tr><tr><td>Gr\u00f6\u00dfe<\/td><td>Unter Fehlschlag<\/td><td>L\u00e4nge<\/td><td>Taille<\/td><\/tr><tr><td>S<\/td><td>68-86<\/td><td>22<\/td><td>62-94<\/td><\/tr><tr><td>M<\/td><td>72-90<\/td><td>23<\/td><td>66-98<\/td><\/tr><tr><td>L<\/td><td>76-94<\/td><td>24<\/td><td>70-102<\/td><\/tr><tr><td colspan=\"4\">Site-Diagramm (Zoll)<\/td><\/tr><tr><td>Gr\u00f6\u00dfe<\/td><td>Unter Fehlschlag<\/td><td>Cup-H\u00f6he<\/td><td>Taille<\/td><\/tr><tr><td>S<\/td><td>27.2-34.4<\/td><td>8.8<\/td><td>24.8-37.6<\/td><\/tr><tr><td>M<\/td><td>28.8-36<\/td><td>9.2<\/td><td>26.4-39.2<\/td><\/tr><tr><td>L<\/td><td>30.4-37.6<\/td><td>9.6<\/td><td>30.4-40.8<\/td><\/tr><tr><td colspan=\"4\">Hinweis: 1. Je nach Gr\u00f6\u00dfe, Lage und Dehnung des Stoffes kann es zu Abweichungen von 1-2 cm kommen. Die Gr\u00f6\u00dfentabelle dient nur als Referenz, es kann zu kleinen Abweichungen bei dem, was Sie erhalten, kommen. 2. Es gibt 3 Arten von Elastizit\u00e4t: Hohe Elastizit\u00e4t (beidseitig gedehnt), Mittlere Elastizit\u00e4t (einseitig gedehnt) und Nichtelastisch (kann nicht gedehnt werden). 3. Die Farbe kann aufgrund der unterschiedlichen PC-Anzeige heller oder dunkler sein. 4. Waschen Sie es von Hand in 30-Grad-Wasser, h\u00e4ngen Sie es zum Trocknen im Schatten auf und verbieten Sie das Bleichen. 5. Es kann zu leichten Abweichungen im Detail und im Muster kommen.<\/td><\/tr><\/tbody><\/table><\/figure>","protected":false},"excerpt":{"rendered":"<p>Solch ein sch\u00f6nes Bustier-BH-Set mit Spitzenpolka Dots und R\u00fcschen l\u00e4sst Sie die ganze Liebe Ihres Liebhabers ernten. Aus transparentem Mesh mit Polka Dot-Muster, feines schwarzes Mesh auf der R\u00fcckseite, 3 Metallketten verbinden den Halsring mit dem BH, und das Strumpfband hat Polka Dot Mesh als R\u00fcsche.<\/p>","protected":false},"featured_media":29831,"template":"","meta":[],"product_brand":[],"product_cat":[390,387,386,367],"product_tag":[507,454,518,524,451,446],"class_list":{"0":"post-29825","1":"product","2":"type-product","3":"status-publish","4":"has-post-thumbnail","6":"product_cat-wholesale-mesh-bustier","7":"product_cat-wholesale-bustier-bra-set","8":"product_cat-sexy-bustiers","9":"product_cat-sexy-lingerie","10":"product_tag-three-pcs-set","11":"product_tag-wholesale-sexy-embroidered-lingerie","12":"product_tag-mesh-lingerie","13":"product_tag-metal-lingerie","14":"product_tag-wholesale-revealing-lingerie","15":"product_tag-wholesale-sexy-see-through-lingerie","16":"pa_color-black","17":"pa_cup-full-cup","18":"pa_size-wholesale-large-size-women-sexy-lingerie","19":"pa_size-wholesale-medium-size-women-sexy-lingerie","20":"pa_size-wholesale-small-size-sexy-lingerie","22":"first","23":"instock","24":"taxable","25":"shipping-taxable","26":"purchasable","27":"product-type-variable"},"tiered_pricing_type":"fixed","tiered_pricing_fixed_rules":[],"tiered_pricing_product_settings":{"layout":"default","base_unit_name":{"singular":null,"plural":null},"default_variation":null},"tiered_pricing_minimum_quantity":null,"tiered_pricing_roles_data":{"default_wholesaler":{"product_id":29825,"role":"default_wholesaler","pricing_type":"flat","regular_price":null,"sale_price":null,"discount":null,"discount_type":"sale_price","tiered_pricing_type":"fixed","percentage_rules":[],"fixed_rules":{"2":"9.19","30":"7.89","500":"6.89"},"minimum":null},"dropshippinger":{"product_id":29825,"role":"dropshippinger","pricing_type":"flat","regular_price":null,"sale_price":null,"discount":null,"discount_type":"sale_price","tiered_pricing_type":"fixed","percentage_rules":[],"fixed_rules":{"1":"10.99","5":"9.19","20":"7.89"},"minimum":null}},"tiered_pricing_percentage_rules":[],"tiered_pricing_maximum_quantity":null,"tiered_pricing_quantity_step":null,"_links":{"self":[{"href":"https:\/\/gretasexylingerie.com\/de\/wp-json\/wp\/v2\/product\/29825","targetHints":{"allow":["GET"]}}],"collection":[{"href":"https:\/\/gretasexylingerie.com\/de\/wp-json\/wp\/v2\/product"}],"about":[{"href":"https:\/\/gretasexylingerie.com\/de\/wp-json\/wp\/v2\/types\/product"}],"wp:featuredmedia":[{"embeddable":true,"href":"https:\/\/gretasexylingerie.com\/de\/wp-json\/wp\/v2\/media\/29831"}],"wp:attachment":[{"href":"https:\/\/gretasexylingerie.com\/de\/wp-json\/wp\/v2\/media?parent=29825"}],"wp:term":[{"taxonomy":"product_brand","embeddable":true,"href":"https:\/\/gretasexylingerie.com\/de\/wp-json\/wp\/v2\/product_brand?post=29825"},{"taxonomy":"product_cat","embeddable":true,"href":"https:\/\/gretasexylingerie.com\/de\/wp-json\/wp\/v2\/product_cat?post=29825"},{"taxonomy":"product_tag","embeddable":true,"href":"https:\/\/gretasexylingerie.com\/de\/wp-json\/wp\/v2\/product_tag?post=29825"}],"curies":[{"name":"wp","href":"https:\/\/api.w.org\/{rel}","templated":true}]}}