{"id":29810,"date":"2023-01-19T16:10:14","date_gmt":"2023-01-19T08:10:14","guid":{"rendered":"https:\/\/gretasexylingerie.com\/?post_type=product&#038;p=29810"},"modified":"2023-09-05T20:49:46","modified_gmt":"2023-09-05T12:49:46","slug":"bustier-set-aus-glanzender-spitze-mit-herzen","status":"publish","type":"product","link":"https:\/\/gretasexylingerie.com\/de\/products\/shiny-heart-lace-bustier-set\/","title":{"rendered":"Gl\u00e4nzendes Herz-Spitzen-Bustier-Set"},"content":{"rendered":"<p><br>Merkmale:<\/p>\n\n\n\n<p>1. Hochwertige Blumenspitze, weich und transparent. Exquisites Design macht Ihren K\u00f6rper voller Charme.<br>2. Halbk\u00f6rbchen-Design mit drei herzf\u00f6rmigen Metallringen, die mit Strasssteinen auf Brust, Taille und Bauch eingelegt sind, um sie zu verbinden und zu dekorieren.<br>3. Die R\u00fcckseite nimmt ein offenes Design an. Verwenden Sie die drei Metallschlaufen, um die Schultergurte am Fl\u00fcgel zu befestigen. Verstellbarer G\u00fcrtel.<\/p>\n\n\n\n<p><\/p>\n\n\n\n<figure class=\"wp-block-table is-style-stripes\"><table><tbody><tr><td colspan=\"4\">Standortdiagramm (CM)<\/td><\/tr><tr><td>Gr\u00f6\u00dfe<\/td><td>Unter Fehlschlag<\/td><td>L\u00e4nge<\/td><td>Taille<\/td><\/tr><tr><td>S<\/td><td>68-86<\/td><td>40<\/td><td>62-94<\/td><\/tr><tr><td>M<\/td><td>72-90<\/td><td>41<\/td><td>66-98<\/td><\/tr><tr><td>L<\/td><td>76-94<\/td><td>42<\/td><td>70-102<\/td><\/tr><tr><td colspan=\"4\">Site-Diagramm (Zoll)<\/td><\/tr><tr><td>Gr\u00f6\u00dfe<\/td><td>Unter Fehlschlag<\/td><td>Cup-H\u00f6he<\/td><td>Taille<\/td><\/tr><tr><td>S<\/td><td>27.2-34.4<\/td><td>16<\/td><td>24.8-37.6<\/td><\/tr><tr><td>M<\/td><td>28.8-36<\/td><td>16.4<\/td><td>26.4-39.2<\/td><\/tr><tr><td>L<\/td><td>30.4-37.6<\/td><td>16.8<\/td><td>30.4-40.8<\/td><\/tr><tr><td colspan=\"4\">Hinweis: 1. Je nach Gr\u00f6\u00dfe, Lage und Dehnung des Stoffes kann es zu Abweichungen von 1-2 cm kommen. Die Gr\u00f6\u00dfentabelle dient nur als Referenz, es kann zu kleinen Abweichungen bei dem, was Sie erhalten, kommen. 2. Es gibt 3 Arten von Elastizit\u00e4t: Hohe Elastizit\u00e4t (beidseitig gedehnt), Mittlere Elastizit\u00e4t (einseitig gedehnt) und Nichtelastisch (kann nicht gedehnt werden). 3. Die Farbe kann aufgrund der unterschiedlichen PC-Anzeige heller oder dunkler sein. 4. Waschen Sie es von Hand in 30-Grad-Wasser, h\u00e4ngen Sie es zum Trocknen im Schatten auf und verbieten Sie das Bleichen. 5. Es kann zu leichten Abweichungen im Detail und im Muster kommen.<\/td><\/tr><\/tbody><\/table><\/figure>","protected":false},"excerpt":{"rendered":"<p>Tragen Sie ein Bustier aus gl\u00e4nzender Herzspitze und lassen Sie nachts funkeln. Hergestellt aus hochwertiger floraler Spitze, drei herzf\u00f6rmige Metallringe mit Strasssteinen am Bauch, verstellbare Schultergurte und Fl\u00fcgel sind durch Metallabschnitte verbunden, zwei Hakenschichten, verstellbarer G\u00fcrtel, 2 Strumpfhalter.<\/p>","protected":false},"featured_media":29813,"template":"","meta":[],"product_brand":[],"product_cat":[389,386,367],"product_tag":[448,516,524,451,525],"class_list":{"0":"post-29810","1":"product","2":"type-product","3":"status-publish","4":"has-post-thumbnail","6":"product_cat-wholesale-lace-bustier","7":"product_cat-sexy-bustiers","8":"product_cat-sexy-lingerie","9":"product_tag-wholesale-elegant-sexy-lingerie","10":"product_tag-lace-lingerie","11":"product_tag-metal-lingerie","12":"product_tag-wholesale-revealing-lingerie","13":"product_tag-rhinestone-lingerie","14":"pa_color-black","15":"pa_cup-wholesale-half-cup-women-sexy-lingerie","16":"pa_size-wholesale-large-size-women-sexy-lingerie","17":"pa_size-wholesale-medium-size-women-sexy-lingerie","18":"pa_size-wholesale-small-size-sexy-lingerie","20":"first","21":"instock","22":"taxable","23":"shipping-taxable","24":"purchasable","25":"product-type-variable"},"tiered_pricing_type":"fixed","tiered_pricing_fixed_rules":[],"tiered_pricing_product_settings":{"layout":"default","base_unit_name":{"singular":null,"plural":null},"default_variation":null},"tiered_pricing_minimum_quantity":null,"tiered_pricing_roles_data":{"default_wholesaler":{"product_id":29810,"role":"default_wholesaler","pricing_type":"flat","regular_price":null,"sale_price":null,"discount":null,"discount_type":"sale_price","tiered_pricing_type":"fixed","percentage_rules":[],"fixed_rules":{"2":"7.29","30":"6.59","500":"5.49"},"minimum":null},"dropshippinger":{"product_id":29810,"role":"dropshippinger","pricing_type":"flat","regular_price":null,"sale_price":null,"discount":null,"discount_type":"sale_price","tiered_pricing_type":"fixed","percentage_rules":[],"fixed_rules":{"1":"8.79","5":"7.29","20":"6.29"},"minimum":null}},"tiered_pricing_percentage_rules":[],"tiered_pricing_maximum_quantity":null,"tiered_pricing_quantity_step":null,"_links":{"self":[{"href":"https:\/\/gretasexylingerie.com\/de\/wp-json\/wp\/v2\/product\/29810","targetHints":{"allow":["GET"]}}],"collection":[{"href":"https:\/\/gretasexylingerie.com\/de\/wp-json\/wp\/v2\/product"}],"about":[{"href":"https:\/\/gretasexylingerie.com\/de\/wp-json\/wp\/v2\/types\/product"}],"wp:featuredmedia":[{"embeddable":true,"href":"https:\/\/gretasexylingerie.com\/de\/wp-json\/wp\/v2\/media\/29813"}],"wp:attachment":[{"href":"https:\/\/gretasexylingerie.com\/de\/wp-json\/wp\/v2\/media?parent=29810"}],"wp:term":[{"taxonomy":"product_brand","embeddable":true,"href":"https:\/\/gretasexylingerie.com\/de\/wp-json\/wp\/v2\/product_brand?post=29810"},{"taxonomy":"product_cat","embeddable":true,"href":"https:\/\/gretasexylingerie.com\/de\/wp-json\/wp\/v2\/product_cat?post=29810"},{"taxonomy":"product_tag","embeddable":true,"href":"https:\/\/gretasexylingerie.com\/de\/wp-json\/wp\/v2\/product_tag?post=29810"}],"curies":[{"name":"wp","href":"https:\/\/api.w.org\/{rel}","templated":true}]}}