{"id":29762,"date":"2023-01-18T21:21:58","date_gmt":"2023-01-18T13:21:58","guid":{"rendered":"https:\/\/gretasexylingerie.com\/?post_type=product&#038;p=29762"},"modified":"2024-04-04T16:32:01","modified_gmt":"2024-04-04T08:32:01","slug":"weises-spitzen-dessous-set-mit-ruschen","status":"publish","type":"product","link":"https:\/\/gretasexylingerie.com\/de\/products\/white-lace-ruffled-bridal-lingerie-set\/","title":{"rendered":"Wei\u00dfes Braut-Dessous-Set mit R\u00fcschen im Gro\u00dfhandel"},"content":{"rendered":"<p>Merkmale:<\/p>\n\n\n\n<p>1. Hochelastischer Blumenspitzenstoff, besser modifizieren Sie Ihre Figur.<br>2, Lotusblatt-Dekoration, machen Sie sexy.<br>3. Einteiliges Design, wird mit Strumpfg\u00fcrtel geliefert und das Produkt ist mit Beinschlaufen abgestimmt.<\/p>\n\n\n\n<figure class=\"wp-block-table is-style-stripes\"><table><tbody><tr><td colspan=\"4\">Standortdiagramm (CM)<\/td><\/tr><tr><td>Gr\u00f6\u00dfe<\/td><td>Unter Fehlschlag<\/td><td>L\u00e4nge<\/td><td>Taille<\/td><\/tr><tr><td>S<\/td><td>66-92<\/td><td>57<\/td><td>62-94<\/td><\/tr><tr><td>M<\/td><td>70-96<\/td><td>59<\/td><td>66-98<\/td><\/tr><tr><td>L<\/td><td>74-100<\/td><td>61<\/td><td>70-102<\/td><\/tr><tr><td colspan=\"4\">Site-Diagramm (Zoll)<\/td><\/tr><tr><td>Gr\u00f6\u00dfe<\/td><td>Unter Fehlschlag<\/td><td>Cup-H\u00f6he<\/td><td>Taille<\/td><\/tr><tr><td>S<\/td><td>26.4-36.8<\/td><td>22.8<\/td><td>24.8-37.6<\/td><\/tr><tr><td>M<\/td><td>28-38.4<\/td><td>23.6<\/td><td>26.4-39.2<\/td><\/tr><tr><td>L<\/td><td>29.6-40<\/td><td>24.4<\/td><td>30.4-40.8<\/td><\/tr><tr><td colspan=\"4\">Hinweis: 1. Je nach Gr\u00f6\u00dfe, Lage und Dehnung des Stoffes kann es zu Abweichungen von 1-2 cm kommen. Die Gr\u00f6\u00dfentabelle dient nur als Referenz, es kann zu kleinen Abweichungen bei dem, was Sie erhalten, kommen. 2. Es gibt 3 Arten von Elastizit\u00e4t: Hohe Elastizit\u00e4t (beidseitig gedehnt), Mittlere Elastizit\u00e4t (einseitig gedehnt) und Nichtelastisch (kann nicht gedehnt werden). 3. Die Farbe kann aufgrund der unterschiedlichen PC-Anzeige heller oder dunkler sein. 4. Waschen Sie es von Hand in 30-Grad-Wasser, h\u00e4ngen Sie es zum Trocknen im Schatten auf und verbieten Sie das Bleichen. 5. Es kann zu leichten Abweichungen im Detail und im Muster kommen.<\/td><\/tr><\/tbody><\/table><\/figure>","protected":false},"excerpt":{"rendered":"<p>Das Braut-Dessous-Set mit wei\u00dfen Spitzenr\u00fcschen ist so sexy! Als Hauptstoff wird hochwertige wei\u00dfe Blumenspitze verwendet, die bequem und sch\u00f6ner ist. Verwenden Sie R\u00fcschen, um die Taille und die Beinschlaufen des K\u00f6rpers zu k\u00fcrzen. Lasst uns gemeinsam eine sch\u00f6ne Zeit verbringen.<\/p>","protected":false},"featured_media":29798,"template":"","meta":[],"product_brand":[],"product_cat":[389,388,386,367],"product_tag":[448,516,451],"class_list":{"0":"post-29762","1":"product","2":"type-product","3":"status-publish","4":"has-post-thumbnail","6":"product_cat-wholesale-lace-bustier","7":"product_cat-wholesale-gartered-corset","8":"product_cat-sexy-bustiers","9":"product_cat-sexy-lingerie","10":"product_tag-wholesale-elegant-sexy-lingerie","11":"product_tag-lace-lingerie","12":"product_tag-wholesale-revealing-lingerie","13":"pa_color-white","14":"pa_cup-full-cup","15":"pa_size-wholesale-large-size-women-sexy-lingerie","16":"pa_size-wholesale-medium-size-women-sexy-lingerie","17":"pa_size-wholesale-small-size-sexy-lingerie","19":"first","20":"instock","21":"taxable","22":"shipping-taxable","23":"purchasable","24":"product-type-variable"},"tiered_pricing_type":"fixed","tiered_pricing_fixed_rules":[],"tiered_pricing_product_settings":{"layout":"table","base_unit_name":{"singular":null,"plural":null},"default_variation":null},"tiered_pricing_minimum_quantity":null,"tiered_pricing_roles_data":{"default_wholesaler":{"product_id":29762,"role":"default_wholesaler","pricing_type":"flat","regular_price":null,"sale_price":null,"discount":null,"discount_type":"sale_price","tiered_pricing_type":"fixed","percentage_rules":[],"fixed_rules":{"2":"8.59","30":"7.39","500":"6.49"},"minimum":null},"dropshippinger":{"product_id":29762,"role":"dropshippinger","pricing_type":"flat","regular_price":null,"sale_price":null,"discount":null,"discount_type":"sale_price","tiered_pricing_type":"fixed","percentage_rules":[],"fixed_rules":{"1":"10.39","5":"8.59","20":"7.39"},"minimum":null}},"tiered_pricing_percentage_rules":[],"tiered_pricing_maximum_quantity":null,"tiered_pricing_quantity_step":null,"_links":{"self":[{"href":"https:\/\/gretasexylingerie.com\/de\/wp-json\/wp\/v2\/product\/29762","targetHints":{"allow":["GET"]}}],"collection":[{"href":"https:\/\/gretasexylingerie.com\/de\/wp-json\/wp\/v2\/product"}],"about":[{"href":"https:\/\/gretasexylingerie.com\/de\/wp-json\/wp\/v2\/types\/product"}],"wp:featuredmedia":[{"embeddable":true,"href":"https:\/\/gretasexylingerie.com\/de\/wp-json\/wp\/v2\/media\/29798"}],"wp:attachment":[{"href":"https:\/\/gretasexylingerie.com\/de\/wp-json\/wp\/v2\/media?parent=29762"}],"wp:term":[{"taxonomy":"product_brand","embeddable":true,"href":"https:\/\/gretasexylingerie.com\/de\/wp-json\/wp\/v2\/product_brand?post=29762"},{"taxonomy":"product_cat","embeddable":true,"href":"https:\/\/gretasexylingerie.com\/de\/wp-json\/wp\/v2\/product_cat?post=29762"},{"taxonomy":"product_tag","embeddable":true,"href":"https:\/\/gretasexylingerie.com\/de\/wp-json\/wp\/v2\/product_tag?post=29762"}],"curies":[{"name":"wp","href":"https:\/\/api.w.org\/{rel}","templated":true}]}}