{"id":29735,"date":"2023-01-18T19:43:57","date_gmt":"2023-01-18T11:43:57","guid":{"rendered":"https:\/\/gretasexylingerie.com\/?post_type=product&#038;p=29735"},"modified":"2024-04-04T16:30:21","modified_gmt":"2024-04-04T08:30:21","slug":"bustier-body-aus-floraler-spitze","status":"publish","type":"product","link":"https:\/\/gretasexylingerie.com\/de\/products\/floral-lace-bustier-bodysuit\/","title":{"rendered":"Gro\u00dfhandel mit Bustier-Body mit Blumenspitze"},"content":{"rendered":"<p>Merkmale:<\/p>\n\n\n\n<p>1. Hochwertiger transparenter Blumenspitzenstoff, Sie k\u00f6nnen zwischen Rot, Schwarz und Blau w\u00e4hlen.<br>2. Kein Schnallendesign, angenehmer zu tragen.<br>3. Das verstellbare Brustdesign erm\u00f6glicht es Ihnen, den gew\u00fcnschten Effekt frei einzustellen.<\/p>\n\n\n\n<p>1. Alle unsere Produkte sind ausreichend vorr\u00e4tig. Sie k\u00f6nnen jederzeit eine Bestellung aufgeben. Wir best\u00e4tigen die Bestellung innerhalb von 24 Stunden, nachdem Sie die Bestellung aufgegeben haben.<\/p>\n\n\n\n<p>2. Es gibt keine MOQ-Anforderung f\u00fcr alle unsere Lagerprodukte, und wir unterst\u00fctzen den gemischten Gro\u00dfhandel. Nachdem Sie eine vollst\u00e4ndige SKU ausgew\u00e4hlt haben, zeigt das System automatisch die Preise an, die den verschiedenen Mengen entsprechen.<\/p>\n\n\n\n<p>3. Nach Best\u00e4tigung der Bestellung schlie\u00dfen wir die Lieferung in der Regel innerhalb von 2-3 Werktagen ab (au\u00dfer an Feiertagen oder anderen besonderen Gr\u00fcnden). Sie k\u00f6nnen Ihre Bestellung finden und im verfolgen <a href=\"https:\/\/gretasexylingerie.com\/de\/kontaktiere-uns\/\"><span class=\"s1\">Mein Konto<\/span><\/a>&nbsp;Buchseite.<\/p>\n\n\n\n<p>4. Unsere Standardversandmethode ist auf dem Luftweg, haupts\u00e4chlich \u00fcber Fedex, TNT, EMS, UPS, DHL oder andere Logistikdienstleister, h\u00e4ngt haupts\u00e4chlich von Ihrer Bestellung und Adresse ab. Wenn Sie eine g\u00fcnstigere Versandart ben\u00f6tigen oder Fragen zu den Versandkosten haben, k\u00f6nnen Sie sich gerne an uns wenden <a href=\"https:\/\/gretasexylingerie.com\/de\/mein-konto\/\"><span class=\"s1\">kontaktiere uns<\/span><\/a>.<\/p>\n\n\n\n<p>5. Wir zahlen standardm\u00e4\u00dfig keine Einfuhrsteuer f\u00fcr Ihre Bestellung. Sie m\u00fcssen die Zahlung gem\u00e4\u00df den Anforderungen Ihres Landes abschlie\u00dfen, wenn der Zoll Sie kontaktiert. Wenn Sie dies jedoch ben\u00f6tigen, vermerken Sie dies bitte bei der Bestellung, wir k\u00f6nnen Ihnen zus\u00e4tzliche Kosten berechnen.<\/p>\n\n\n\n<p>6. Unsere Bestellungen unterst\u00fctzen R\u00fccksendungen, bitte besuchen Sie unsere <a href=\"https:\/\/gretasexylingerie.com\/de\/rucknahmegarantie\/\"><span class=\"s1\">R\u00fcckgaberecht<\/span><\/a>&nbsp;f\u00fcr mehr Informationen.<\/p>\n\n\n\n<p>7. Wenn Sie h\u00e4ufiger gestellte Fragen wissen m\u00f6chten, besuchen Sie bitte <a href=\"https:\/\/gretasexylingerie.com\/de\/kundenhilfe\/\"><span class=\"s1\">Kundenhilfe<\/span><\/a>.<\/p>","protected":false},"excerpt":{"rendered":"<p>Tragen Sie diesen sexy und raffinierten schwarzen Bustier-Body mit Blumenspitze. F\u00fcgen Sie Ihrer s\u00fc\u00dfen Reise Spa\u00df hinzu. Hergestellt aus hochwertiger floraler Spitze, Mieder-Stil, verstellbarer Oberweite, K\u00f6rbchen mit B\u00fcgel, 4 Strumpfhaltern und G-String.<\/p>","protected":false},"featured_media":29737,"template":"","meta":[],"product_brand":[],"product_cat":[389,387,386,367],"product_tag":[452,448,516,509],"class_list":{"0":"post-29735","1":"product","2":"type-product","3":"status-publish","4":"has-post-thumbnail","6":"product_cat-wholesale-lace-bustier","7":"product_cat-wholesale-bustier-bra-set","8":"product_cat-sexy-bustiers","9":"product_cat-sexy-lingerie","10":"product_tag-wholesale-boudoir-lingerie","11":"product_tag-wholesale-elegant-sexy-lingerie","12":"product_tag-lace-lingerie","13":"product_tag-two-pcs-set","14":"pa_color-black","15":"pa_color-blue-women-sexy-lingerie","16":"pa_color-red-women-sexy-lingerie","17":"pa_cup-full-cup","18":"pa_size-wholesale-large-size-women-sexy-lingerie","19":"pa_size-wholesale-medium-size-women-sexy-lingerie","20":"pa_size-wholesale-small-size-sexy-lingerie","22":"first","23":"instock","24":"taxable","25":"shipping-taxable","26":"purchasable","27":"product-type-variable"},"tiered_pricing_type":"fixed","tiered_pricing_fixed_rules":[],"tiered_pricing_product_settings":{"layout":"table","base_unit_name":{"singular":null,"plural":null},"default_variation":{}},"tiered_pricing_minimum_quantity":null,"tiered_pricing_roles_data":[],"tiered_pricing_percentage_rules":[],"tiered_pricing_maximum_quantity":null,"tiered_pricing_quantity_step":null,"_links":{"self":[{"href":"https:\/\/gretasexylingerie.com\/de\/wp-json\/wp\/v2\/product\/29735","targetHints":{"allow":["GET"]}}],"collection":[{"href":"https:\/\/gretasexylingerie.com\/de\/wp-json\/wp\/v2\/product"}],"about":[{"href":"https:\/\/gretasexylingerie.com\/de\/wp-json\/wp\/v2\/types\/product"}],"wp:featuredmedia":[{"embeddable":true,"href":"https:\/\/gretasexylingerie.com\/de\/wp-json\/wp\/v2\/media\/29737"}],"wp:attachment":[{"href":"https:\/\/gretasexylingerie.com\/de\/wp-json\/wp\/v2\/media?parent=29735"}],"wp:term":[{"taxonomy":"product_brand","embeddable":true,"href":"https:\/\/gretasexylingerie.com\/de\/wp-json\/wp\/v2\/product_brand?post=29735"},{"taxonomy":"product_cat","embeddable":true,"href":"https:\/\/gretasexylingerie.com\/de\/wp-json\/wp\/v2\/product_cat?post=29735"},{"taxonomy":"product_tag","embeddable":true,"href":"https:\/\/gretasexylingerie.com\/de\/wp-json\/wp\/v2\/product_tag?post=29735"}],"curies":[{"name":"wp","href":"https:\/\/api.w.org\/{rel}","templated":true}]}}