{"id":29608,"date":"2023-01-18T13:05:09","date_gmt":"2023-01-18T05:05:09","guid":{"rendered":"https:\/\/gretasexylingerie.com\/?post_type=product&#038;p=29608"},"modified":"2025-02-20T20:11:44","modified_gmt":"2025-02-20T12:11:44","slug":"bodysuit-mit-tiefem-v-ausschnitt-und-spitzenarmeln","status":"publish","type":"product","link":"https:\/\/gretasexylingerie.com\/de\/products\/lace-cutout-deep-v-long-sleeve-bodysuit\/","title":{"rendered":"Gro\u00dfhandel mit Spitzenausschnitt und tiefem V-Langarm-Body"},"content":{"rendered":"<p>Merkmale:<\/p>\n\n\n\n<p>1. Verwendung von hochwertigem Spitzenstoff und Verwendung von Pr\u00e4getechnologie, bestickt mit lebensechten Blumen.<br>2. Die tiefe V-f\u00f6rmige Brust ist mit einem Kreis verziert, um den Charme der Schl\u00fcsselteile hervorzuheben.<br>3. Die R\u00fcckseite nimmt ein einteiliges Design mit einem hochwertigen Rei\u00dfverschluss an, der leicht an- und ausgezogen werden kann.<\/p>\n\n\n\n<figure class=\"wp-block-table is-style-stripes\"><table><tbody><tr><td colspan=\"4\">Standortdiagramm (CM)<\/td><\/tr><tr><td>Gr\u00f6\u00dfe<\/td><td>B\u00fcste<\/td><td>L\u00e4nge<\/td><td>Taille<\/td><\/tr><tr><td>S<\/td><td>72-90<\/td><td>67<\/td><td>64-84<\/td><\/tr><tr><td>M<\/td><td>76-94<\/td><td>68<\/td><td>68-88<\/td><\/tr><tr><td>L<\/td><td>82-100<\/td><td>69.8<\/td><td>74-94<\/td><\/tr><tr><td colspan=\"4\">Site-Diagramm (Zoll)<\/td><\/tr><tr><td>Gr\u00f6\u00dfe<\/td><td>Unter Fehlschlag<\/td><td>Cup-H\u00f6he<\/td><td>Taille<\/td><\/tr><tr><td>S<\/td><td>28.8-36<\/td><td>26.8<\/td><td>25.6-33.6<\/td><\/tr><tr><td>M<\/td><td>30.4-37.6<\/td><td>27.2<\/td><td>27.2-35.2<\/td><\/tr><tr><td>L<\/td><td>32.8-40<\/td><td>27.92<\/td><td>32.8-37.6<\/td><\/tr><tr><td colspan=\"4\">Hinweis: 1. Je nach Gr\u00f6\u00dfe, Lage und Dehnung des Stoffes kann es zu Abweichungen von 1-2 cm kommen. Die Gr\u00f6\u00dfentabelle dient nur als Referenz, es kann zu kleinen Abweichungen bei dem, was Sie erhalten, kommen. 2. Es gibt 3 Arten von Elastizit\u00e4t: Hohe Elastizit\u00e4t (beidseitig gedehnt), Mittlere Elastizit\u00e4t (einseitig gedehnt) und Nichtelastisch (kann nicht gedehnt werden). 3. Die Farbe kann aufgrund der unterschiedlichen PC-Anzeige heller oder dunkler sein. 4. Waschen Sie es von Hand in 30-Grad-Wasser, h\u00e4ngen Sie es zum Trocknen im Schatten auf und verbieten Sie das Bleichen. 5. Es kann zu leichten Abweichungen im Detail und im Muster kommen.<\/td><\/tr><\/tbody><\/table><\/figure>","protected":false},"excerpt":{"rendered":"<p>Tragen Sie diesen lang\u00e4rmligen Bodysuit mit tiefem V-Ausschnitt und Spitzenausschnitt und f\u00fchlen Sie sich wie in tausend Farben. Es ist sorgf\u00e4ltig mit lebensechten Blumen bestickt, verwendet eine Reihe von Kreisen auf der Brust, um wichtige Bereiche hervorzuheben, und hat einen Rei\u00dfverschluss auf der R\u00fcckseite f\u00fcr einfaches An- und Ausziehen.<\/p>","protected":false},"featured_media":29611,"template":"","meta":[],"product_brand":[],"product_cat":[372,370,367],"product_tag":[448,454,516,518,446],"class_list":{"0":"post-29608","1":"product","2":"type-product","3":"status-publish","4":"has-post-thumbnail","6":"product_cat-wholesale-sexy-long-sleeve-bodysuit","7":"product_cat-bodysuit","8":"product_cat-sexy-lingerie","9":"product_tag-wholesale-elegant-sexy-lingerie","10":"product_tag-wholesale-sexy-embroidered-lingerie","11":"product_tag-lace-lingerie","12":"product_tag-mesh-lingerie","13":"product_tag-wholesale-sexy-see-through-lingerie","14":"pa_color-black","15":"pa_color-fire-brick-women-sexy-lingerie","16":"pa_color-white","17":"pa_cup-full-cup","18":"pa_size-wholesale-large-size-women-sexy-lingerie","19":"pa_size-wholesale-medium-size-women-sexy-lingerie","20":"pa_size-wholesale-small-size-sexy-lingerie","22":"first","23":"outofstock","24":"taxable","25":"shipping-taxable","26":"purchasable","27":"product-type-variable"},"tiered_pricing_type":"fixed","tiered_pricing_fixed_rules":[],"tiered_pricing_product_settings":{"layout":"table","base_unit_name":{"singular":null,"plural":null},"default_variation":{}},"tiered_pricing_minimum_quantity":null,"tiered_pricing_roles_data":{"default_wholesaler":{"product_id":29608,"role":"default_wholesaler","pricing_type":"flat","regular_price":null,"sale_price":null,"discount":null,"discount_type":"sale_price","tiered_pricing_type":"fixed","percentage_rules":[],"fixed_rules":{"2":"12.29","30":"10.49","500":"9.19"},"minimum":null},"dropshippinger":{"product_id":29608,"role":"dropshippinger","pricing_type":"flat","regular_price":null,"sale_price":null,"discount":null,"discount_type":"sale_price","tiered_pricing_type":"fixed","percentage_rules":[],"fixed_rules":{"1":"14.69","5":"12.29","20":"10.49"},"minimum":null}},"tiered_pricing_percentage_rules":[],"tiered_pricing_maximum_quantity":null,"tiered_pricing_quantity_step":null,"_links":{"self":[{"href":"https:\/\/gretasexylingerie.com\/de\/wp-json\/wp\/v2\/product\/29608","targetHints":{"allow":["GET"]}}],"collection":[{"href":"https:\/\/gretasexylingerie.com\/de\/wp-json\/wp\/v2\/product"}],"about":[{"href":"https:\/\/gretasexylingerie.com\/de\/wp-json\/wp\/v2\/types\/product"}],"wp:featuredmedia":[{"embeddable":true,"href":"https:\/\/gretasexylingerie.com\/de\/wp-json\/wp\/v2\/media\/29611"}],"wp:attachment":[{"href":"https:\/\/gretasexylingerie.com\/de\/wp-json\/wp\/v2\/media?parent=29608"}],"wp:term":[{"taxonomy":"product_brand","embeddable":true,"href":"https:\/\/gretasexylingerie.com\/de\/wp-json\/wp\/v2\/product_brand?post=29608"},{"taxonomy":"product_cat","embeddable":true,"href":"https:\/\/gretasexylingerie.com\/de\/wp-json\/wp\/v2\/product_cat?post=29608"},{"taxonomy":"product_tag","embeddable":true,"href":"https:\/\/gretasexylingerie.com\/de\/wp-json\/wp\/v2\/product_tag?post=29608"}],"curies":[{"name":"wp","href":"https:\/\/api.w.org\/{rel}","templated":true}]}}