{"id":29580,"date":"2023-01-17T19:19:26","date_gmt":"2023-01-17T11:19:26","guid":{"rendered":"https:\/\/gretasexylingerie.com\/?post_type=product&#038;p=29580"},"modified":"2023-12-09T16:22:31","modified_gmt":"2023-12-09T08:22:31","slug":"body-aus-hohler-spitze-von-pure-desire-girl","status":"publish","type":"product","link":"https:\/\/gretasexylingerie.com\/de\/products\/pure-desire-girl-hollow-lace-bodysuit\/","title":{"rendered":"Reiner Wunsch-M\u00e4dchen-H\u00f6hlen-Spitzen-Bodysuit"},"content":{"rendered":"<p>Merkmale:<\/p>\n\n\n\n<p>1. Hochwertiger rosa Spitzenstoff wird verwendet, um die Vorderseite des K\u00f6rpers zu dekorieren, und das gleiche Material wird als Dekoration auf dem Brustgurt und der R\u00fcckseite des H\u00f6schens verwendet.<br>2. Hochelastische, d\u00fcnne Schultergurte werden als Dekoration verwendet, um die Stabilit\u00e4t der Dessous zu verbessern und den K\u00f6rper sexy zu machen.<br>3. Verstellbare schmale Schultergurte und offenes R\u00fcckendesign. Bessere Pflege.<\/p>\n\n\n\n<figure class=\"wp-block-table is-style-stripes\"><table><tbody><tr><td colspan=\"4\">Standortdiagramm (CM)<\/td><\/tr><tr><td>Gr\u00f6\u00dfe<\/td><td>Unter Fehlschlag<\/td><td>Obere L\u00e4nge<\/td><td>Taille<\/td><\/tr><tr><td>S<\/td><td>68-86<\/td><td>59<\/td><td>62-94<\/td><\/tr><tr><td>M<\/td><td>72-90<\/td><td>61<\/td><td>66-98<\/td><\/tr><tr><td>L<\/td><td>76-94<\/td><td>63<\/td><td>70-102<\/td><\/tr><tr><td colspan=\"4\">Site-Diagramm (Zoll)<\/td><\/tr><tr><td>Gr\u00f6\u00dfe<\/td><td>Unter Fehlschlag<\/td><td>Cup-H\u00f6he<\/td><td>Taille<\/td><\/tr><tr><td>S<\/td><td>27.2-34.4<\/td><td>23.6<\/td><td>24.8-37.6<\/td><\/tr><tr><td>M<\/td><td>28.8-36<\/td><td>24.4<\/td><td>28-39.2<\/td><\/tr><tr><td>L<\/td><td>30.4-37.6<\/td><td>25.2<\/td><td>32.8-40.8<\/td><\/tr><tr><td colspan=\"4\">Hinweis: 1. Je nach Gr\u00f6\u00dfe, Lage und Dehnung des Stoffes kann es zu Abweichungen von 1-2 cm kommen. Die Gr\u00f6\u00dfentabelle dient nur als Referenz, es kann zu kleinen Abweichungen bei dem, was Sie erhalten, kommen. 2. Es gibt 3 Arten von Elastizit\u00e4t: Hohe Elastizit\u00e4t (beidseitig gedehnt), Mittlere Elastizit\u00e4t (einseitig gedehnt) und Nichtelastisch (kann nicht gedehnt werden). 3. Die Farbe kann aufgrund der unterschiedlichen PC-Anzeige heller oder dunkler sein. 4. Waschen Sie es von Hand in 30-Grad-Wasser, h\u00e4ngen Sie es zum Trocknen im Schatten auf und verbieten Sie das Bleichen. 5. Es kann zu leichten Abweichungen im Detail und im Muster kommen.<\/td><\/tr><\/tbody><\/table><\/figure>","protected":false},"excerpt":{"rendered":"<p>Der Pure Desire Girl Hollow Lace Jumpsuit macht jede Nacht zum Vergn\u00fcgen. Hergestellt aus hochwertiger transparenter rosa Spitze, die Schultergurte sind mit der gleichen Spitze verziert, die hochelastischen geflochtenen Tr\u00e4ger dienen der Unterst\u00fctzung, das offene R\u00fcckendesign und die R\u00fcckseite des H\u00f6schens ist mit kleinen Spitzenst\u00fccken zum Verzieren verziert Der geheime Ort.<\/p>","protected":false},"featured_media":29586,"template":"","meta":[],"product_brand":[],"product_cat":[371,370,367],"product_tag":[452,516,973,446,447,504],"class_list":{"0":"post-29580","1":"product","2":"type-product","3":"status-publish","4":"has-post-thumbnail","6":"product_cat-wholesale-sexy-lace-bodysuit","7":"product_cat-bodysuit","8":"product_cat-sexy-lingerie","9":"product_tag-wholesale-boudoir-lingerie","10":"product_tag-lace-lingerie","11":"product_tag-oem","12":"product_tag-wholesale-sexy-see-through-lingerie","13":"product_tag-wholesale-strappy-sexy-lingerie","14":"product_tag-ultra-sexy","15":"pa_color-pink-women-sexy-lingerie","16":"pa_cup-full-cup","17":"pa_size-wholesale-large-size-women-sexy-lingerie","18":"pa_size-wholesale-medium-size-women-sexy-lingerie","19":"pa_size-wholesale-small-size-sexy-lingerie","21":"first","22":"outofstock","23":"taxable","24":"shipping-taxable","25":"purchasable","26":"product-type-variable"},"tiered_pricing_type":"fixed","tiered_pricing_fixed_rules":[],"tiered_pricing_product_settings":{"layout":"default","base_unit_name":{"singular":null,"plural":null},"default_variation":{}},"tiered_pricing_minimum_quantity":null,"tiered_pricing_roles_data":{"default_wholesaler":{"product_id":29580,"role":"default_wholesaler","pricing_type":"flat","regular_price":null,"sale_price":null,"discount":null,"discount_type":"sale_price","tiered_pricing_type":"fixed","percentage_rules":[],"fixed_rules":{"2":"6.79","30":"5.89","500":"5.09"},"minimum":200},"dropshippinger":{"product_id":29580,"role":"dropshippinger","pricing_type":"flat","regular_price":null,"sale_price":null,"discount":null,"discount_type":"sale_price","tiered_pricing_type":"fixed","percentage_rules":[],"fixed_rules":{"1":"8.19","5":"6.79","30":"5.89"},"minimum":200}},"tiered_pricing_percentage_rules":[],"tiered_pricing_maximum_quantity":null,"tiered_pricing_quantity_step":null,"_links":{"self":[{"href":"https:\/\/gretasexylingerie.com\/de\/wp-json\/wp\/v2\/product\/29580","targetHints":{"allow":["GET"]}}],"collection":[{"href":"https:\/\/gretasexylingerie.com\/de\/wp-json\/wp\/v2\/product"}],"about":[{"href":"https:\/\/gretasexylingerie.com\/de\/wp-json\/wp\/v2\/types\/product"}],"wp:featuredmedia":[{"embeddable":true,"href":"https:\/\/gretasexylingerie.com\/de\/wp-json\/wp\/v2\/media\/29586"}],"wp:attachment":[{"href":"https:\/\/gretasexylingerie.com\/de\/wp-json\/wp\/v2\/media?parent=29580"}],"wp:term":[{"taxonomy":"product_brand","embeddable":true,"href":"https:\/\/gretasexylingerie.com\/de\/wp-json\/wp\/v2\/product_brand?post=29580"},{"taxonomy":"product_cat","embeddable":true,"href":"https:\/\/gretasexylingerie.com\/de\/wp-json\/wp\/v2\/product_cat?post=29580"},{"taxonomy":"product_tag","embeddable":true,"href":"https:\/\/gretasexylingerie.com\/de\/wp-json\/wp\/v2\/product_tag?post=29580"}],"curies":[{"name":"wp","href":"https:\/\/api.w.org\/{rel}","templated":true}]}}