{"id":29561,"date":"2023-01-17T18:57:28","date_gmt":"2023-01-17T10:57:28","guid":{"rendered":"https:\/\/gretasexylingerie.com\/?post_type=product&#038;p=29561"},"modified":"2023-12-09T16:21:50","modified_gmt":"2023-12-09T08:21:50","slug":"bodysuit-aus-transparenter-spitze-in-kontrastfarbe","status":"publish","type":"product","link":"https:\/\/gretasexylingerie.com\/de\/products\/sheer-contrast-lace-bodysuit\/","title":{"rendered":"Gro\u00dfhandel Transparenter Body mit kontrastierender Spitze"},"content":{"rendered":"<p>Merkmale:<\/p>\n\n\n\n<p>1. Hochwertiger Stretch-Spitzenstoff mit Blumenmuster. Kontrastierendes Muster in Wei\u00df auf der Brust verst\u00e4rkt die Verzierung auf der Brust.<br>2. Transparenter Stoff, Blumenmuster, kann die Elastizit\u00e4t des Stoffes verbessern und den K\u00f6rper sexy machen.<br>3. I-f\u00f6rmiger R\u00fccken mit verstellbaren d\u00fcnnen Schultergurten, um den Komfort der Dessous zu verbessern.<\/p>\n\n\n\n<figure class=\"wp-block-table is-style-stripes\"><table><tbody><tr><td colspan=\"4\">Standortdiagramm (CM)<\/td><\/tr><tr><td>Gr\u00f6\u00dfe<\/td><td>Unter Fehlschlag<\/td><td>Obere L\u00e4nge<\/td><td>Taille<\/td><\/tr><tr><td>S<\/td><td>62-86<\/td><td>49<\/td><td>60-94<\/td><\/tr><tr><td>M<\/td><td>66-90<\/td><td>50<\/td><td>64-98<\/td><\/tr><tr><td>L<\/td><td>70-94<\/td><td>51<\/td><td>68-102<\/td><\/tr><tr><td colspan=\"4\">Site-Diagramm (Zoll)<\/td><\/tr><tr><td>Gr\u00f6\u00dfe<\/td><td>Unter Fehlschlag<\/td><td>Cup-H\u00f6he<\/td><td>Taille<\/td><\/tr><tr><td>S<\/td><td>24.8-34.4<\/td><td>19.6<\/td><td>24-37.6<\/td><\/tr><tr><td>M<\/td><td>26.4-36<\/td><td>20<\/td><td>25.6-39.2<\/td><\/tr><tr><td>L<\/td><td>32.8-37.6<\/td><td>20.4<\/td><td>32.8-40.8<\/td><\/tr><tr><td colspan=\"4\">Hinweis: 1. Je nach Gr\u00f6\u00dfe, Lage und Dehnung des Stoffes kann es zu Abweichungen von 1-2 cm kommen. Die Gr\u00f6\u00dfentabelle dient nur als Referenz, es kann zu kleinen Abweichungen bei dem, was Sie erhalten, kommen. 2. Es gibt 3 Arten von Elastizit\u00e4t: Hohe Elastizit\u00e4t (beidseitig gedehnt), Mittlere Elastizit\u00e4t (einseitig gedehnt) und Nichtelastisch (kann nicht gedehnt werden). 3. Die Farbe kann aufgrund der unterschiedlichen PC-Anzeige heller oder dunkler sein. 4. Waschen Sie es von Hand in 30-Grad-Wasser, h\u00e4ngen Sie es zum Trocknen im Schatten auf und verbieten Sie das Bleichen. 5. Es kann zu leichten Abweichungen im Detail und im Muster kommen.<\/td><\/tr><\/tbody><\/table><\/figure>","protected":false},"excerpt":{"rendered":"<p>Unser gut gestalteter, transparenter Spitzen-Body ist mit hochelastischer Spitze gestaltet. Die gut gestaltete Spitze kann nicht nur die Elastizit\u00e4t der Kleidung verbessern, sondern auch den K\u00f6rper sexy machen. Die Brust ist mit wei\u00dfer Kontrastspitze gestaltet, um die Sch\u00f6nheit zu erh\u00f6hen Der Brust, dem Racer-f\u00f6rmigen R\u00fccken, verstellbaren schmalen Schultergurten.<\/p>","protected":false},"featured_media":29567,"template":"","meta":[],"product_brand":[],"product_cat":[371,370,367],"product_tag":[448,454,516,973,451,446],"class_list":{"0":"post-29561","1":"product","2":"type-product","3":"status-publish","4":"has-post-thumbnail","6":"product_cat-wholesale-sexy-lace-bodysuit","7":"product_cat-bodysuit","8":"product_cat-sexy-lingerie","9":"product_tag-wholesale-elegant-sexy-lingerie","10":"product_tag-wholesale-sexy-embroidered-lingerie","11":"product_tag-lace-lingerie","12":"product_tag-oem","13":"product_tag-wholesale-revealing-lingerie","14":"product_tag-wholesale-sexy-see-through-lingerie","15":"pa_color-black","16":"pa_cup-full-cup","17":"pa_size-wholesale-large-size-women-sexy-lingerie","18":"pa_size-wholesale-medium-size-women-sexy-lingerie","19":"pa_size-wholesale-small-size-sexy-lingerie","21":"first","22":"outofstock","23":"taxable","24":"shipping-taxable","25":"purchasable","26":"product-type-variable"},"tiered_pricing_type":"fixed","tiered_pricing_fixed_rules":[],"tiered_pricing_product_settings":{"layout":"default","base_unit_name":{"singular":null,"plural":null},"default_variation":{}},"tiered_pricing_minimum_quantity":null,"tiered_pricing_roles_data":{"default_wholesaler":{"product_id":29561,"role":"default_wholesaler","pricing_type":"flat","regular_price":null,"sale_price":null,"discount":null,"discount_type":"sale_price","tiered_pricing_type":"fixed","percentage_rules":[],"fixed_rules":{"2":"6.59","30":"5.59","500":"4.89"},"minimum":null},"dropshippinger":{"product_id":29561,"role":"dropshippinger","pricing_type":"flat","regular_price":null,"sale_price":null,"discount":null,"discount_type":"sale_price","tiered_pricing_type":"fixed","percentage_rules":[],"fixed_rules":{"1":"7.89","5":"6.59","20":"5.59"},"minimum":null}},"tiered_pricing_percentage_rules":[],"tiered_pricing_maximum_quantity":null,"tiered_pricing_quantity_step":null,"_links":{"self":[{"href":"https:\/\/gretasexylingerie.com\/de\/wp-json\/wp\/v2\/product\/29561","targetHints":{"allow":["GET"]}}],"collection":[{"href":"https:\/\/gretasexylingerie.com\/de\/wp-json\/wp\/v2\/product"}],"about":[{"href":"https:\/\/gretasexylingerie.com\/de\/wp-json\/wp\/v2\/types\/product"}],"wp:featuredmedia":[{"embeddable":true,"href":"https:\/\/gretasexylingerie.com\/de\/wp-json\/wp\/v2\/media\/29567"}],"wp:attachment":[{"href":"https:\/\/gretasexylingerie.com\/de\/wp-json\/wp\/v2\/media?parent=29561"}],"wp:term":[{"taxonomy":"product_brand","embeddable":true,"href":"https:\/\/gretasexylingerie.com\/de\/wp-json\/wp\/v2\/product_brand?post=29561"},{"taxonomy":"product_cat","embeddable":true,"href":"https:\/\/gretasexylingerie.com\/de\/wp-json\/wp\/v2\/product_cat?post=29561"},{"taxonomy":"product_tag","embeddable":true,"href":"https:\/\/gretasexylingerie.com\/de\/wp-json\/wp\/v2\/product_tag?post=29561"}],"curies":[{"name":"wp","href":"https:\/\/api.w.org\/{rel}","templated":true}]}}