{"id":29361,"date":"2023-01-13T15:47:58","date_gmt":"2023-01-13T07:47:58","guid":{"rendered":"https:\/\/gretasexylingerie.com\/?post_type=product&#038;p=29361"},"modified":"2023-09-05T20:49:33","modified_gmt":"2023-09-05T12:49:33","slug":"kette-spitze-mode-madchen-sexy-dessous-set","status":"publish","type":"product","link":"https:\/\/gretasexylingerie.com\/de\/products\/chain-lace-fashion-girl-sexy-lingerie-set\/","title":{"rendered":"Ketten-Spitze-Mode-M\u00e4dchen-reizvolles W\u00e4sche-Set"},"content":{"rendered":"<p>Merkmale:<\/p>\n\n\n\n<p>1. Mit hochwertiger Spitze, Blumenmuster, hohlem Design.<br>2. Neckholder-BHs sind mit herzf\u00f6rmigen Metallringen verbunden.<br>3. Der Strumpfg\u00fcrtel und die Beinschlaufen bestehen aus Spitzenstoff und die 4 Hosentr\u00e4ger aus hochwertigen d\u00fcnnen Metallketten.<br>4. Abnehmbare BH-Schnalle, einfach an- und auszuziehen.<\/p>\n\n\n\n<figure class=\"wp-block-table is-style-stripes\"><table><tbody><tr><td colspan=\"4\">Standortdiagramm (CM)<\/td><\/tr><tr><td>Gr\u00f6\u00dfe<\/td><td>Unter Fehlschlag<\/td><td>Cup-H\u00f6he<\/td><td>Taille<\/td><\/tr><tr><td>S<\/td><td>67-67<\/td><td>24<\/td><td>68-78<\/td><\/tr><tr><td>M<\/td><td>71-81<\/td><td>25<\/td><td>72-82<\/td><\/tr><tr><td>L<\/td><td>75-85<\/td><td>26<\/td><td>76-86<\/td><\/tr><tr><td>XL<\/td><td>79-89<\/td><td>26<\/td><td>80-90<\/td><\/tr><tr><td colspan=\"4\">Site-Diagramm (Zoll)<\/td><\/tr><tr><td>Gr\u00f6\u00dfe<\/td><td>Unter Fehlschlag<\/td><td>Cup-H\u00f6he<\/td><td>Taille<\/td><\/tr><tr><td>S<\/td><td>26.8-234.8<\/td><td>9.6<\/td><td>27.2-31.2<\/td><\/tr><tr><td>M<\/td><td>28.4-32.4<\/td><td>10<\/td><td>28.8-32.8<\/td><\/tr><tr><td>L<\/td><td>30-34<\/td><td>10.4<\/td><td>30.4-34.4<\/td><\/tr><tr><td>XL<\/td><td>31.6-35.6<\/td><td>10.4<\/td><td>35.6-39.6<\/td><\/tr><tr><td colspan=\"4\">Hinweis: 1. Je nach Gr\u00f6\u00dfe, Lage und Dehnung des Stoffes kann es zu Abweichungen von 1-2 cm kommen. Die Gr\u00f6\u00dfentabelle dient nur als Referenz, es kann zu kleinen Abweichungen bei dem, was Sie erhalten, kommen. 2. Es gibt 3 Arten von Elastizit\u00e4t: Hohe Elastizit\u00e4t (beidseitig gedehnt), Mittlere Elastizit\u00e4t (einseitig gedehnt) und Nichtelastisch (kann nicht gedehnt werden). 3. Die Farbe kann aufgrund der unterschiedlichen PC-Anzeige heller oder dunkler sein. 4. Waschen Sie es von Hand in 30-Grad-Wasser, h\u00e4ngen Sie es zum Trocknen im Schatten auf und verbieten Sie das Bleichen. 5. Es kann zu leichten Abweichungen im Detail und im Muster kommen.<\/td><\/tr><\/tbody><\/table><\/figure>","protected":false},"excerpt":{"rendered":"<p>Verwandeln Sie sich in eine sch\u00f6ne Sch\u00f6nheit mit dem sexy Dessous-Set aus Kettenspitze f\u00fcr Modem\u00e4dchen. Aus hochwertiger floraler Spitze, Neckholder-Design, BH mit Herz-Metallgliedern, Strumpf- und Beinschlaufen mit Spitze, 4 Hosentr\u00e4ger mit Metallkette.<\/p>","protected":false},"featured_media":29373,"template":"","meta":[],"product_brand":[],"product_cat":[374,368,369,367],"product_tag":[448,514,451,446,504],"class_list":{"0":"post-29361","1":"product","2":"type-product","3":"status-publish","4":"has-post-thumbnail","6":"product_cat-wholesale-garter-belt-set","7":"product_cat-bra-panty-set","8":"product_cat-wholesale-lace-bra-and-panty-sets","9":"product_cat-sexy-lingerie","10":"product_tag-wholesale-elegant-sexy-lingerie","11":"product_tag-four-pcs-set","12":"product_tag-wholesale-revealing-lingerie","13":"product_tag-wholesale-sexy-see-through-lingerie","14":"product_tag-ultra-sexy","15":"pa_color-black","16":"pa_color-light-blue-women-sexy-lingerie","17":"pa_color-pink-women-sexy-lingerie","18":"pa_color-red-women-sexy-lingerie","19":"pa_color-white","20":"pa_cup-full-cup","21":"pa_size-wholesale-large-size-women-sexy-lingerie","22":"pa_size-wholesale-medium-size-women-sexy-lingerie","23":"pa_size-wholesale-small-size-sexy-lingerie","24":"pa_size-wholesale-extra-large-sexy-lingerie","26":"first","27":"instock","28":"taxable","29":"shipping-taxable","30":"purchasable","31":"product-type-variable"},"tiered_pricing_type":"fixed","tiered_pricing_fixed_rules":[],"tiered_pricing_product_settings":{"layout":"default","base_unit_name":{"singular":null,"plural":null},"default_variation":null},"tiered_pricing_minimum_quantity":null,"tiered_pricing_roles_data":{"default_wholesaler":{"product_id":29361,"role":"default_wholesaler","pricing_type":"flat","regular_price":null,"sale_price":null,"discount":null,"discount_type":"sale_price","tiered_pricing_type":"fixed","percentage_rules":[],"fixed_rules":{"2":"8.89","30":"7.59","500":"6.69"},"minimum":null},"dropshippinger":{"product_id":29361,"role":"dropshippinger","pricing_type":"flat","regular_price":null,"sale_price":null,"discount":null,"discount_type":"sale_price","tiered_pricing_type":"fixed","percentage_rules":[],"fixed_rules":{"1":"10.69","5":"8.89","20":"7.59"},"minimum":null}},"tiered_pricing_percentage_rules":[],"tiered_pricing_maximum_quantity":null,"tiered_pricing_quantity_step":null,"_links":{"self":[{"href":"https:\/\/gretasexylingerie.com\/de\/wp-json\/wp\/v2\/product\/29361","targetHints":{"allow":["GET"]}}],"collection":[{"href":"https:\/\/gretasexylingerie.com\/de\/wp-json\/wp\/v2\/product"}],"about":[{"href":"https:\/\/gretasexylingerie.com\/de\/wp-json\/wp\/v2\/types\/product"}],"wp:featuredmedia":[{"embeddable":true,"href":"https:\/\/gretasexylingerie.com\/de\/wp-json\/wp\/v2\/media\/29373"}],"wp:attachment":[{"href":"https:\/\/gretasexylingerie.com\/de\/wp-json\/wp\/v2\/media?parent=29361"}],"wp:term":[{"taxonomy":"product_brand","embeddable":true,"href":"https:\/\/gretasexylingerie.com\/de\/wp-json\/wp\/v2\/product_brand?post=29361"},{"taxonomy":"product_cat","embeddable":true,"href":"https:\/\/gretasexylingerie.com\/de\/wp-json\/wp\/v2\/product_cat?post=29361"},{"taxonomy":"product_tag","embeddable":true,"href":"https:\/\/gretasexylingerie.com\/de\/wp-json\/wp\/v2\/product_tag?post=29361"}],"curies":[{"name":"wp","href":"https:\/\/api.w.org\/{rel}","templated":true}]}}