{"id":29259,"date":"2023-01-12T15:05:52","date_gmt":"2023-01-12T07:05:52","guid":{"rendered":"https:\/\/gretasexylingerie.com\/?post_type=product&#038;p=29259"},"modified":"2023-12-09T16:58:34","modified_gmt":"2023-12-09T08:58:34","slug":"spitzennahte-schleife-madchen-anzug","status":"publish","type":"product","link":"https:\/\/gretasexylingerie.com\/de\/products\/lace-stitching-bow-girl-suit\/","title":{"rendered":"Gro\u00dfhandel M\u00e4dchenanzug mit Spitzennaht und Schleife"},"content":{"rendered":"<p>Merkmale:<\/p>\n\n\n\n<p>1. Hotpinkfarbene Blumenspitze, jede Blume ist lebensecht und jeder Knoten ist mit rosa Schleifen verziert.<br>2. Das offene Design des Mittellinienteils verwendet Bogenglieder, um die Versuchung des K\u00f6rpers zu verst\u00e4rken.<br>3. Kommt mit passendem Strumpfband und Tanga-H\u00f6schen. Es ist kein zus\u00e4tzlicher Abgleich erforderlich.<\/p>\n\n\n\n<figure class=\"wp-block-table is-style-stripes\"><table><tbody><tr><td colspan=\"4\">Standortdiagramm (CM)<\/td><\/tr><tr><td>Gr\u00f6\u00dfe<\/td><td>Unter Fehlschlag<\/td><td>Cup-H\u00f6he<\/td><td>Taille<\/td><\/tr><tr><td>S<\/td><td>66-67<\/td><td>22<\/td><td>64-74<\/td><\/tr><tr><td>M<\/td><td>70-80<\/td><td>23<\/td><td>68-78<\/td><\/tr><tr><td>L<\/td><td>75-84<\/td><td>24<\/td><td>72-82<\/td><\/tr><tr><td>XL<\/td><td>78-88<\/td><td>25<\/td><td>76-86<\/td><\/tr><tr><td colspan=\"4\">Site-Diagramm (Zoll)<\/td><\/tr><tr><td>Gr\u00f6\u00dfe<\/td><td>Unter Fehlschlag<\/td><td>Cup-H\u00f6he<\/td><td>Taille<\/td><\/tr><tr><td>S<\/td><td>26.4-30.4<\/td><td>8.8<\/td><td>25.6-29.9<\/td><\/tr><tr><td>M<\/td><td>28-32<\/td><td>9.2<\/td><td>27.2-31.2<\/td><\/tr><tr><td>L<\/td><td>29.6-33.7<\/td><td>9.6<\/td><td>28.8-32.8<\/td><\/tr><tr><td>XL<\/td><td>31.2-35.2<\/td><td>10<\/td><td>30.4-34.4<\/td><\/tr><tr><td colspan=\"4\">Hinweis: 1. Je nach Gr\u00f6\u00dfe, Lage und Dehnung des Stoffes kann es zu Abweichungen von 1-2 cm kommen. Die Gr\u00f6\u00dfentabelle dient nur als Referenz, es kann zu kleinen Abweichungen bei dem, was Sie erhalten, kommen. 2. Es gibt 3 Arten von Elastizit\u00e4t: Hohe Elastizit\u00e4t (beidseitig gedehnt), Mittlere Elastizit\u00e4t (einseitig gedehnt) und Nichtelastisch (kann nicht gedehnt werden). 3. Die Farbe kann aufgrund der unterschiedlichen PC-Anzeige heller oder dunkler sein. 4. Waschen Sie es von Hand in 30-Grad-Wasser, h\u00e4ngen Sie es zum Trocknen im Schatten auf und verbieten Sie das Bleichen. 5. Es kann zu leichten Abweichungen im Detail und im Muster kommen.<\/td><\/tr><\/tbody><\/table><\/figure>\n\n\n\n<p><\/p>","protected":false},"excerpt":{"rendered":"<p>Du bist der s\u00fc\u00dfeste im M\u00e4dchenanzug mit Spitzenn\u00e4hten. Hergestellt aus hochwertiger Hotpink-Spitze, gepr\u00e4gtem Muster, die Mittellinie ist mit einer simulierten \u00d6ffnung gestaltet, jedes Teil ist mit Schleifen verziert, I-f\u00f6rmige verstellbare Schultergurte, mit Strumpfband.<\/p>","protected":false},"featured_media":29276,"template":"","meta":[],"product_brand":[],"product_cat":[369,368,374,367],"product_tag":[507,452,512,448,973,446],"class_list":{"0":"post-29259","1":"product","2":"type-product","3":"status-publish","4":"has-post-thumbnail","6":"product_cat-wholesale-lace-bra-and-panty-sets","7":"product_cat-bra-panty-set","8":"product_cat-wholesale-garter-belt-set","9":"product_cat-sexy-lingerie","10":"product_tag-three-pcs-set","11":"product_tag-wholesale-boudoir-lingerie","12":"product_tag-bow-lingerie","13":"product_tag-wholesale-elegant-sexy-lingerie","14":"product_tag-oem","15":"product_tag-wholesale-sexy-see-through-lingerie","16":"pa_color-hot-pink-women-sexy-lingerie","17":"pa_cup-full-cup","18":"pa_size-wholesale-large-size-women-sexy-lingerie","19":"pa_size-wholesale-medium-size-women-sexy-lingerie","20":"pa_size-wholesale-small-size-sexy-lingerie","21":"pa_size-wholesale-extra-large-sexy-lingerie","23":"first","24":"outofstock","25":"taxable","26":"shipping-taxable","27":"purchasable","28":"product-type-variable"},"tiered_pricing_type":"fixed","tiered_pricing_fixed_rules":[],"tiered_pricing_product_settings":{"layout":"default","base_unit_name":{"singular":null,"plural":null},"default_variation":{}},"tiered_pricing_minimum_quantity":null,"tiered_pricing_roles_data":{"default_wholesaler":{"product_id":29259,"role":"default_wholesaler","pricing_type":"flat","regular_price":null,"sale_price":null,"discount":null,"discount_type":"sale_price","tiered_pricing_type":"fixed","percentage_rules":[],"fixed_rules":{"2":"8.39","30":"7.19","500":"6.29"},"minimum":null},"dropshippinger":{"product_id":29259,"role":"dropshippinger","pricing_type":"flat","regular_price":null,"sale_price":null,"discount":null,"discount_type":"sale_price","tiered_pricing_type":"fixed","percentage_rules":[],"fixed_rules":{"1":"9.99","5":"8.39","20":"7.19"},"minimum":null}},"tiered_pricing_percentage_rules":[],"tiered_pricing_maximum_quantity":null,"tiered_pricing_quantity_step":null,"_links":{"self":[{"href":"https:\/\/gretasexylingerie.com\/de\/wp-json\/wp\/v2\/product\/29259","targetHints":{"allow":["GET"]}}],"collection":[{"href":"https:\/\/gretasexylingerie.com\/de\/wp-json\/wp\/v2\/product"}],"about":[{"href":"https:\/\/gretasexylingerie.com\/de\/wp-json\/wp\/v2\/types\/product"}],"wp:featuredmedia":[{"embeddable":true,"href":"https:\/\/gretasexylingerie.com\/de\/wp-json\/wp\/v2\/media\/29276"}],"wp:attachment":[{"href":"https:\/\/gretasexylingerie.com\/de\/wp-json\/wp\/v2\/media?parent=29259"}],"wp:term":[{"taxonomy":"product_brand","embeddable":true,"href":"https:\/\/gretasexylingerie.com\/de\/wp-json\/wp\/v2\/product_brand?post=29259"},{"taxonomy":"product_cat","embeddable":true,"href":"https:\/\/gretasexylingerie.com\/de\/wp-json\/wp\/v2\/product_cat?post=29259"},{"taxonomy":"product_tag","embeddable":true,"href":"https:\/\/gretasexylingerie.com\/de\/wp-json\/wp\/v2\/product_tag?post=29259"}],"curies":[{"name":"wp","href":"https:\/\/api.w.org\/{rel}","templated":true}]}}