{"id":29218,"date":"2023-01-11T16:51:14","date_gmt":"2023-01-11T08:51:14","guid":{"rendered":"https:\/\/gretasexylingerie.com\/?post_type=product&#038;p=29218"},"modified":"2023-09-05T20:49:30","modified_gmt":"2023-09-05T12:49:30","slug":"sexy-braut-bh-set-aus-spitze","status":"publish","type":"product","link":"https:\/\/gretasexylingerie.com\/de\/products\/lace-sexy-bridal-bra-set\/","title":{"rendered":"Spitze Sexy Braut-BH-Set"},"content":{"rendered":"<ul class=\"wp-block-list\">\n<li>Material: Aus hochwertigem Spitzenstoff, atmungsaktiv, hautfreundlich, weich, angenehm zu tragen.<\/li>\n\n\n\n<li>Sexy Design: Dreiteilige Dessous-Anz\u00fcge mit Wimpernspitze, H\u00e4kelspitze, Ausschnitt und transparentem Netz. Das einzigartige Design l\u00e4sst Frauen sexy und attraktiv aussehen.<\/li>\n\n\n\n<li>Anlass: Sexy Dessous sind die perfekte Wahl f\u00fcr Hochzeitsnacht, Flitterwochen, Valentinstag, Date Night oder Hot Night.<\/li>\n<\/ul>\n\n\n\n<figure class=\"wp-block-table is-style-stripes\"><table><tbody><tr><td colspan=\"4\">Standortdiagramm (CM)<\/td><\/tr><tr><td>Gr\u00f6\u00dfe<\/td><td>Unter Fehlschlag<\/td><td>Cup-H\u00f6he<\/td><td>Taille<\/td><\/tr><tr><td>S<\/td><td>66-67<\/td><td>20<\/td><td>64-74<\/td><\/tr><tr><td>M<\/td><td>70-80<\/td><td>21<\/td><td>68-78<\/td><\/tr><tr><td>L<\/td><td>75-84<\/td><td>22<\/td><td>72-82<\/td><\/tr><tr><td>XL<\/td><td>78-88<\/td><td>23<\/td><td>76-86<\/td><\/tr><tr><td colspan=\"4\">Site-Diagramm (Zoll)<\/td><\/tr><tr><td>Gr\u00f6\u00dfe<\/td><td>Unter Fehlschlag<\/td><td>Cup-H\u00f6he<\/td><td>Taille<\/td><\/tr><tr><td>S<\/td><td>26.4-30.4<\/td><td>8<\/td><td>25.6-29.9<\/td><\/tr><tr><td>M<\/td><td>28-32<\/td><td>8.4<\/td><td>27.2-31.2<\/td><\/tr><tr><td>L<\/td><td>29.6-33.7<\/td><td>8.8<\/td><td>28.8-32.8<\/td><\/tr><tr><td>XL<\/td><td>31.2-35.2<\/td><td>9.2<\/td><td>30.4-34.4<\/td><\/tr><tr><td colspan=\"4\">Hinweis: 1. Je nach Gr\u00f6\u00dfe, Lage und Dehnung des Stoffes kann es zu Abweichungen von 1-2 cm kommen. Die Gr\u00f6\u00dfentabelle dient nur als Referenz, es kann zu kleinen Abweichungen bei dem, was Sie erhalten, kommen. 2. Es gibt 3 Arten von Elastizit\u00e4t: Hohe Elastizit\u00e4t (beidseitig gedehnt), Mittlere Elastizit\u00e4t (einseitig gedehnt) und Nichtelastisch (kann nicht gedehnt werden). 3. Die Farbe kann aufgrund der unterschiedlichen PC-Anzeige heller oder dunkler sein. 4. Waschen Sie es von Hand in 30-Grad-Wasser, h\u00e4ngen Sie es zum Trocknen im Schatten auf und verbieten Sie das Bleichen. 5. Es kann zu leichten Abweichungen im Detail und im Muster kommen.<\/td><\/tr><\/tbody><\/table><\/figure>","protected":false},"excerpt":{"rendered":"<p>Sexy Braut-BH-Set aus Spitze ist ein BH-Set f\u00fcr Ihre Hochzeitsnacht! Besteht aus weicher transparenter wei\u00dfer Spitze und wei\u00dfem Gurtband.<br \/>\nDas sch\u00f6ne Spitzenmuster modifiziert nicht nur Ihren K\u00f6rper, sondern f\u00fcgt auch mehr Erwartungen hinzu, was eine gute Wahl f\u00fcr die Zwei-Personen-Welt ist.<\/p>","protected":false},"featured_media":29229,"template":"","meta":[],"product_brand":[],"product_cat":[369,374,367],"product_tag":[507,452,448,451,446],"class_list":{"0":"post-29218","1":"product","2":"type-product","3":"status-publish","4":"has-post-thumbnail","6":"product_cat-wholesale-lace-bra-and-panty-sets","7":"product_cat-wholesale-garter-belt-set","8":"product_cat-sexy-lingerie","9":"product_tag-three-pcs-set","10":"product_tag-wholesale-boudoir-lingerie","11":"product_tag-wholesale-elegant-sexy-lingerie","12":"product_tag-wholesale-revealing-lingerie","13":"product_tag-wholesale-sexy-see-through-lingerie","14":"pa_color-black","15":"pa_color-white","16":"pa_cup-wholesale-half-cup-women-sexy-lingerie","17":"pa_size-wholesale-large-size-women-sexy-lingerie","18":"pa_size-wholesale-medium-size-women-sexy-lingerie","19":"pa_size-wholesale-small-size-sexy-lingerie","20":"pa_size-wholesale-extra-large-sexy-lingerie","22":"first","23":"instock","24":"taxable","25":"shipping-taxable","26":"purchasable","27":"product-type-variable"},"tiered_pricing_type":"fixed","tiered_pricing_fixed_rules":[],"tiered_pricing_product_settings":{"layout":"default","base_unit_name":{"singular":null,"plural":null},"default_variation":null},"tiered_pricing_minimum_quantity":null,"tiered_pricing_roles_data":{"default_wholesaler":{"product_id":29218,"role":"default_wholesaler","pricing_type":"flat","regular_price":null,"sale_price":null,"discount":null,"discount_type":"sale_price","tiered_pricing_type":"fixed","percentage_rules":[],"fixed_rules":{"2":"8.89","30":"7.59","500":"6.69"},"minimum":null},"dropshippinger":{"product_id":29218,"role":"dropshippinger","pricing_type":"flat","regular_price":null,"sale_price":null,"discount":null,"discount_type":"sale_price","tiered_pricing_type":"fixed","percentage_rules":[],"fixed_rules":{"1":"10.69","5":"8.89","20":"7.59"},"minimum":null}},"tiered_pricing_percentage_rules":[],"tiered_pricing_maximum_quantity":null,"tiered_pricing_quantity_step":null,"_links":{"self":[{"href":"https:\/\/gretasexylingerie.com\/de\/wp-json\/wp\/v2\/product\/29218","targetHints":{"allow":["GET"]}}],"collection":[{"href":"https:\/\/gretasexylingerie.com\/de\/wp-json\/wp\/v2\/product"}],"about":[{"href":"https:\/\/gretasexylingerie.com\/de\/wp-json\/wp\/v2\/types\/product"}],"wp:featuredmedia":[{"embeddable":true,"href":"https:\/\/gretasexylingerie.com\/de\/wp-json\/wp\/v2\/media\/29229"}],"wp:attachment":[{"href":"https:\/\/gretasexylingerie.com\/de\/wp-json\/wp\/v2\/media?parent=29218"}],"wp:term":[{"taxonomy":"product_brand","embeddable":true,"href":"https:\/\/gretasexylingerie.com\/de\/wp-json\/wp\/v2\/product_brand?post=29218"},{"taxonomy":"product_cat","embeddable":true,"href":"https:\/\/gretasexylingerie.com\/de\/wp-json\/wp\/v2\/product_cat?post=29218"},{"taxonomy":"product_tag","embeddable":true,"href":"https:\/\/gretasexylingerie.com\/de\/wp-json\/wp\/v2\/product_tag?post=29218"}],"curies":[{"name":"wp","href":"https:\/\/api.w.org\/{rel}","templated":true}]}}