{"id":29177,"date":"2023-01-11T16:31:51","date_gmt":"2023-01-11T08:31:51","guid":{"rendered":"https:\/\/gretasexylingerie.com\/?post_type=product&#038;p=29177"},"modified":"2024-04-03T11:42:41","modified_gmt":"2024-04-03T03:42:41","slug":"6-teiliges-bh-hoschen-set-mit-doppelten-schultergurten","status":"publish","type":"product","link":"https:\/\/gretasexylingerie.com\/de\/products\/double-shoulder-strap-6-piece-bra-panty-sets\/","title":{"rendered":"6-teiliges BH-H\u00f6schen-Set mit doppeltem Schultergurt"},"content":{"rendered":"<p>Merkmale:<br>1. F\u00fcnf Farben sind verf\u00fcgbar, es gibt immer eine, die f\u00fcr Sie geeignet ist.<br>2. Mesh-Gewebe, elastisches Gurtband, sehr bequem und luxuri\u00f6s.<br>3. Ein komplettes Zubeh\u00f6rset wie Halsring, Strumpfg\u00fcrtel, Beinring usw. ohne zus\u00e4tzliche Anpassung.<\/p>\n\n\n\n<p>1. Alle unsere Produkte sind ausreichend vorr\u00e4tig. Sie k\u00f6nnen jederzeit eine Bestellung aufgeben. Wir best\u00e4tigen die Bestellung innerhalb von 24 Stunden, nachdem Sie die Bestellung aufgegeben haben.<\/p>\n\n\n\n<p>2. Es gibt keine MOQ-Anforderung f\u00fcr alle unsere Lagerprodukte, und wir unterst\u00fctzen den gemischten Gro\u00dfhandel. Nachdem Sie eine vollst\u00e4ndige SKU ausgew\u00e4hlt haben, zeigt das System automatisch die Preise an, die den verschiedenen Mengen entsprechen.<\/p>\n\n\n\n<p>3. Nach Best\u00e4tigung der Bestellung schlie\u00dfen wir die Lieferung in der Regel innerhalb von 2-3 Werktagen ab (au\u00dfer an Feiertagen oder anderen besonderen Gr\u00fcnden). Sie k\u00f6nnen Ihre Bestellung finden und im verfolgen <a href=\"https:\/\/gretasexylingerie.com\/de\/kontaktiere-uns\/\"><span class=\"s1\">Mein Konto<\/span><\/a>&nbsp;Buchseite.<\/p>\n\n\n\n<p>4. Unsere Standardversandmethode ist auf dem Luftweg, haupts\u00e4chlich \u00fcber Fedex, TNT, EMS, UPS, DHL oder andere Logistikdienstleister, h\u00e4ngt haupts\u00e4chlich von Ihrer Bestellung und Adresse ab. Wenn Sie eine g\u00fcnstigere Versandart ben\u00f6tigen oder Fragen zu den Versandkosten haben, k\u00f6nnen Sie sich gerne an uns wenden <a href=\"https:\/\/gretasexylingerie.com\/de\/mein-konto\/\"><span class=\"s1\">kontaktiere uns<\/span><\/a>.<\/p>\n\n\n\n<p>5. Wir zahlen standardm\u00e4\u00dfig keine Einfuhrsteuer f\u00fcr Ihre Bestellung. Sie m\u00fcssen die Zahlung gem\u00e4\u00df den Anforderungen Ihres Landes abschlie\u00dfen, wenn der Zoll Sie kontaktiert. Wenn Sie dies jedoch ben\u00f6tigen, vermerken Sie dies bitte bei der Bestellung, wir k\u00f6nnen Ihnen zus\u00e4tzliche Kosten berechnen.<\/p>\n\n\n\n<p>6. Unsere Bestellungen unterst\u00fctzen R\u00fccksendungen, bitte besuchen Sie unsere <a href=\"https:\/\/gretasexylingerie.com\/de\/rucknahmegarantie\/\"><span class=\"s1\">R\u00fcckgaberecht<\/span><\/a>&nbsp;f\u00fcr mehr Informationen.<\/p>\n\n\n\n<p>7. Wenn Sie h\u00e4ufiger gestellte Fragen wissen m\u00f6chten, besuchen Sie bitte <a href=\"https:\/\/gretasexylingerie.com\/de\/kundenhilfe\/\"><span class=\"s1\">Kundenhilfe<\/span><\/a>.<\/p>\n\n\n\n<figure class=\"wp-block-table\"><table><tbody><tr><td colspan=\"4\">Standortdiagramm (CM)<\/td><\/tr><tr><td>Gr\u00f6\u00dfe<\/td><td>Unter Fehlschlag<\/td><td>Cup-H\u00f6he<\/td><td>Taille<\/td><\/tr><tr><td>S<\/td><td>66-67<\/td><td>14<\/td><td>64-74<\/td><\/tr><tr><td>M<\/td><td>70-80<\/td><td>15<\/td><td>68-78<\/td><\/tr><tr><td>L<\/td><td>75-84<\/td><td>16<\/td><td>72-82<\/td><\/tr><tr><td>XL<\/td><td>78-88<\/td><td>17<\/td><td>76-86<\/td><\/tr><tr><td colspan=\"4\">Site-Diagramm (Zoll)<\/td><\/tr><tr><td>Gr\u00f6\u00dfe<\/td><td>Unter Fehlschlag<\/td><td>Cup-H\u00f6he<\/td><td>Taille<\/td><\/tr><tr><td>S<\/td><td>26.4-30.4<\/td><td>5.6<\/td><td>25.6-29.9<\/td><\/tr><tr><td>M<\/td><td>28-32<\/td><td>6<\/td><td>27.2-31.2<\/td><\/tr><tr><td>L<\/td><td>29.6-33.7<\/td><td>6.4<\/td><td>28.8-32.8<\/td><\/tr><tr><td>XL<\/td><td>31.2-35.2<\/td><td>6.8<\/td><td>30.4-34.4<\/td><\/tr><tr><td colspan=\"4\">Hinweis: 1. Je nach Gr\u00f6\u00dfe, Lage und Dehnung des Stoffes kann es zu Abweichungen von 1-2 cm kommen. Die Gr\u00f6\u00dfentabelle dient nur als Referenz, es kann zu kleinen Abweichungen bei dem, was Sie erhalten, kommen. 2. Es gibt 3 Arten von Elastizit\u00e4t: Hohe Elastizit\u00e4t (beidseitig gedehnt), Mittlere Elastizit\u00e4t (einseitig gedehnt) und Nichtelastisch (kann nicht gedehnt werden). 3. Die Farbe kann aufgrund der unterschiedlichen PC-Anzeige heller oder dunkler sein. 4. Waschen Sie es von Hand in 30-Grad-Wasser, h\u00e4ngen Sie es zum Trocknen im Schatten auf und verbieten Sie das Bleichen. 5. Es kann zu leichten Abweichungen im Detail und im Muster kommen.<\/td><\/tr><\/tbody><\/table><\/figure>","protected":false},"excerpt":{"rendered":"<p>Sehr luxuri\u00f6se 6-teilige BH-H\u00f6schen-Sets mit doppelten Schultergurten! Dieses Dessous-Set umfasst eine vollst\u00e4ndige Palette an Dessous-Accessoires! Weiches und atmungsaktives Netzgewebe, erh\u00e4ltlich in 5 Farben. Verwenden Sie elastisches Gurtband f\u00fcr Besatz und Accessoires.<\/p>","protected":false},"featured_media":29207,"template":"","meta":[],"product_brand":[],"product_cat":[368,374,369,367],"product_tag":[],"class_list":{"0":"post-29177","1":"product","2":"type-product","3":"status-publish","4":"has-post-thumbnail","6":"product_cat-bra-panty-set","7":"product_cat-wholesale-garter-belt-set","8":"product_cat-wholesale-lace-bra-and-panty-sets","9":"product_cat-sexy-lingerie","10":"pa_color-black","11":"pa_color-orange-red","12":"pa_color-sea-green-women-sexy-lingerie","13":"pa_cup-full-cup","14":"pa_size-wholesale-large-size-women-sexy-lingerie","15":"pa_size-wholesale-medium-size-women-sexy-lingerie","16":"pa_size-wholesale-small-size-sexy-lingerie","17":"pa_size-wholesale-extra-large-sexy-lingerie","19":"first","20":"instock","21":"taxable","22":"shipping-taxable","23":"purchasable","24":"product-type-variable"},"tiered_pricing_type":"fixed","tiered_pricing_fixed_rules":[],"tiered_pricing_product_settings":{"layout":"table","base_unit_name":{"singular":null,"plural":null},"default_variation":null},"tiered_pricing_minimum_quantity":null,"tiered_pricing_roles_data":{"default_wholesaler":{"product_id":29177,"role":"default_wholesaler","pricing_type":"flat","regular_price":null,"sale_price":null,"discount":null,"discount_type":"sale_price","tiered_pricing_type":"fixed","percentage_rules":[],"fixed_rules":{"2":"10.19","30":"8.79","500":"7.69"},"minimum":null},"dropshippinger":{"product_id":29177,"role":"dropshippinger","pricing_type":"flat","regular_price":null,"sale_price":null,"discount":null,"discount_type":"sale_price","tiered_pricing_type":"fixed","percentage_rules":[],"fixed_rules":{"1":"12.19","5":"10.19","20":"8.79"},"minimum":null}},"tiered_pricing_percentage_rules":[],"tiered_pricing_maximum_quantity":null,"tiered_pricing_quantity_step":null,"_links":{"self":[{"href":"https:\/\/gretasexylingerie.com\/de\/wp-json\/wp\/v2\/product\/29177","targetHints":{"allow":["GET"]}}],"collection":[{"href":"https:\/\/gretasexylingerie.com\/de\/wp-json\/wp\/v2\/product"}],"about":[{"href":"https:\/\/gretasexylingerie.com\/de\/wp-json\/wp\/v2\/types\/product"}],"wp:featuredmedia":[{"embeddable":true,"href":"https:\/\/gretasexylingerie.com\/de\/wp-json\/wp\/v2\/media\/29207"}],"wp:attachment":[{"href":"https:\/\/gretasexylingerie.com\/de\/wp-json\/wp\/v2\/media?parent=29177"}],"wp:term":[{"taxonomy":"product_brand","embeddable":true,"href":"https:\/\/gretasexylingerie.com\/de\/wp-json\/wp\/v2\/product_brand?post=29177"},{"taxonomy":"product_cat","embeddable":true,"href":"https:\/\/gretasexylingerie.com\/de\/wp-json\/wp\/v2\/product_cat?post=29177"},{"taxonomy":"product_tag","embeddable":true,"href":"https:\/\/gretasexylingerie.com\/de\/wp-json\/wp\/v2\/product_tag?post=29177"}],"curies":[{"name":"wp","href":"https:\/\/api.w.org\/{rel}","templated":true}]}}