{"id":5608,"date":"2022-10-26T20:36:55","date_gmt":"2022-10-27T03:36:55","guid":{"rendered":"https:\/\/gretasexylingerie.com\/?page_id=5608"},"modified":"2023-11-25T13:22:45","modified_gmt":"2023-11-25T05:22:45","slug":"datenschutzrichtlinie","status":"publish","type":"page","link":"https:\/\/gretasexylingerie.com\/de\/privacy-policy\/","title":{"rendered":"Datenschutz-Bestimmungen"},"content":{"rendered":"<div data-elementor-type=\"wp-page\" data-elementor-id=\"5608\" class=\"elementor elementor-5608\" data-elementor-post-type=\"page\">\n\t\t\t\t\t\t<section class=\"elementor-section elementor-top-section elementor-element elementor-element-11f895b elementor-section-boxed elementor-section-height-default elementor-section-height-default\" data-id=\"11f895b\" data-element_type=\"section\" data-e-type=\"section\">\n\t\t\t\t\t\t<div class=\"elementor-container elementor-column-gap-default\">\n\t\t\t\t\t<div class=\"elementor-column elementor-col-100 elementor-top-column elementor-element elementor-element-311a9a2\" data-id=\"311a9a2\" data-element_type=\"column\" data-e-type=\"column\">\n\t\t\t<div class=\"elementor-widget-wrap elementor-element-populated\">\n\t\t\t\t\t\t<div class=\"elementor-element elementor-element-2802336 elementor-widget elementor-widget-text-editor\" data-id=\"2802336\" data-element_type=\"widget\" data-e-type=\"widget\" data-widget_type=\"text-editor.default\">\n\t\t\t\t<div class=\"elementor-widget-container\">\n\t\t\t\t\t\t\t\t\t<p style=\"font-size: 13px; line-height: 1.5; margin-bottom: 0px; padding: 1em; border-left: 2px solid #787c82; color: rgba(0, 0, 0, 0.85); font-family: -apple-system, 'system-ui', 'Segoe UI', Roboto, 'Helvetica Neue', Arial, 'Noto Sans', sans-serif, 'Apple Color Emoji', 'Segoe UI Emoji', 'Segoe UI Symbol', 'Noto Color Emoji'; font-style: normal; font-weight: 400;\">Wir erfassen Informationen \u00fcber Sie w\u00e4hrend des Bestellvorgangs in unserem Shop.<\/p><h2 style=\"color: rgba(0, 0, 0, 0.85); font-size: 1.3em; margin-bottom: 0.5em; font-family: -apple-system, 'system-ui', 'Segoe UI', Roboto, 'Helvetica Neue', Arial, 'Noto Sans', sans-serif, 'Apple Color Emoji', 'Segoe UI Emoji', 'Segoe UI Symbol', 'Noto Color Emoji'; font-style: normal;\">Was wir sammeln und speichern<\/h2><p style=\"font-size: 13px; line-height: 1.5; margin-bottom: 0px; padding: 1em; border-left: 2px solid #787c82; color: rgba(0, 0, 0, 0.85); font-family: -apple-system, 'system-ui', 'Segoe UI', Roboto, 'Helvetica Neue', Arial, 'Noto Sans', sans-serif, 'Apple Color Emoji', 'Segoe UI Emoji', 'Segoe UI Symbol', 'Noto Color Emoji'; font-style: normal; font-weight: 400;\">W\u00e4hrend Sie unsere Website besuchen, verfolgen wir Folgendes:<\/p><ul style=\"padding: 1em; list-style-type: none; margin-bottom: 0px; margin-left: 0px; border-left: 2px solid #787c82; color: rgba(0, 0, 0, 0.85); font-family: -apple-system, 'system-ui', 'Segoe UI', Roboto, 'Helvetica Neue', Arial, 'Noto Sans', sans-serif, 'Apple Color Emoji', 'Segoe UI Emoji', 'Segoe UI Symbol', 'Noto Color Emoji'; font-size: 14px; font-style: normal; font-weight: 400;\"><li style=\"margin-bottom: 6px;\">Von Ihnen angesehene Produkte: Wir verwenden dies beispielsweise, um Ihnen Produkte anzuzeigen, die Sie k\u00fcrzlich angesehen haben<\/li><li style=\"margin-bottom: 6px;\">Standort, IP-Adresse und Browsertyp: Wir verwenden dies f\u00fcr Zwecke wie die Sch\u00e4tzung von Steuern und Versandkosten<\/li><li style=\"margin-bottom: 6px;\">Versandadresse: Wir bitten Sie, diese einzugeben, damit wir beispielsweise den Versand sch\u00e4tzen k\u00f6nnen, bevor Sie eine Bestellung aufgeben, und Ihnen die Bestellung zusenden!<\/li><\/ul><p style=\"font-size: 13px; line-height: 1.5; margin-bottom: 0px; padding: 1em; border-left: 2px solid #787c82; color: rgba(0, 0, 0, 0.85); font-family: -apple-system, 'system-ui', 'Segoe UI', Roboto, 'Helvetica Neue', Arial, 'Noto Sans', sans-serif, 'Apple Color Emoji', 'Segoe UI Emoji', 'Segoe UI Symbol', 'Noto Color Emoji'; font-style: normal; font-weight: 400;\">Wir verwenden Cookies auch, um den Inhalt des Einkaufswagens zu verfolgen, w\u00e4hrend Sie auf unserer Website surfen.<\/p><p style=\"font-size: 13px; line-height: 1.5; margin-bottom: 0px; padding: 1em; border-left: 2px solid #787c82; color: rgba(0, 0, 0, 0.85); font-family: -apple-system, 'system-ui', 'Segoe UI', Roboto, 'Helvetica Neue', Arial, 'Noto Sans', sans-serif, 'Apple Color Emoji', 'Segoe UI Emoji', 'Segoe UI Symbol', 'Noto Color Emoji'; font-style: normal; font-weight: 400;\">Wenn Sie bei uns einkaufen, bitten wir Sie, Informationen wie Ihren Namen, Ihre Rechnungsadresse, Lieferadresse, E-Mail-Adresse, Telefonnummer, Kreditkarten-\/Zahlungsdetails und optionale Kontoinformationen wie Benutzername und Passwort anzugeben. Wir verwenden diese Informationen f\u00fcr folgende Zwecke:<\/p><ul style=\"padding: 1em; list-style-type: none; margin-bottom: 0px; margin-left: 0px; border-left: 2px solid #787c82; color: rgba(0, 0, 0, 0.85); font-family: -apple-system, 'system-ui', 'Segoe UI', Roboto, 'Helvetica Neue', Arial, 'Noto Sans', sans-serif, 'Apple Color Emoji', 'Segoe UI Emoji', 'Segoe UI Symbol', 'Noto Color Emoji'; font-size: 14px; font-style: normal; font-weight: 400;\"><li style=\"margin-bottom: 6px;\">Senden Sie Informationen zu Ihrem Konto und Ihrer Bestellung<\/li><li style=\"margin-bottom: 6px;\">Beantworten Sie Ihre Anfragen, einschlie\u00dflich R\u00fcckerstattungen und Beschwerden<\/li><li style=\"margin-bottom: 6px;\">Verarbeiten Sie Zahlungen und verhindern Sie Betrug<\/li><li style=\"margin-bottom: 6px;\">Richten Sie Ihr Konto f\u00fcr unseren Shop ein<\/li><li style=\"margin-bottom: 6px;\">Erf\u00fcllen Sie alle gesetzlichen Verpflichtungen, die wir haben, wie z. B. die Berechnung von Steuern<\/li><li style=\"margin-bottom: 6px;\">Verbessern Sie unsere Store-Angebote<\/li><li style=\"margin-bottom: 6px;\">Ihnen Marketingmitteilungen zu senden, wenn Sie sich daf\u00fcr entscheiden, diese zu erhalten<\/li><\/ul><p style=\"font-size: 13px; line-height: 1.5; margin-bottom: 0px; padding: 1em; border-left: 2px solid #787c82; color: rgba(0, 0, 0, 0.85); font-family: -apple-system, 'system-ui', 'Segoe UI', Roboto, 'Helvetica Neue', Arial, 'Noto Sans', sans-serif, 'Apple Color Emoji', 'Segoe UI Emoji', 'Segoe UI Symbol', 'Noto Color Emoji'; font-style: normal; font-weight: 400;\">Wenn Sie ein Konto erstellen, speichern wir Ihren Namen, Ihre Adresse, Ihre E-Mail-Adresse und Ihre Telefonnummer, die verwendet werden, um den Checkout f\u00fcr zuk\u00fcnftige Bestellungen auszuf\u00fcllen.<\/p><p style=\"font-size: 13px; line-height: 1.5; margin-bottom: 0px; padding: 1em; border-left: 2px solid #787c82; color: rgba(0, 0, 0, 0.85); font-family: -apple-system, 'system-ui', 'Segoe UI', Roboto, 'Helvetica Neue', Arial, 'Noto Sans', sans-serif, 'Apple Color Emoji', 'Segoe UI Emoji', 'Segoe UI Symbol', 'Noto Color Emoji'; font-style: normal; font-weight: 400;\">Wir speichern Informationen \u00fcber Sie im Allgemeinen so lange, wie wir die Informationen f\u00fcr die Zwecke ben\u00f6tigen, f\u00fcr die wir sie erheben und verwenden, und wir gesetzlich nicht verpflichtet sind, sie weiter aufzubewahren. Beispielsweise speichern wir Bestellinformationen f\u00fcr XXX Jahre f\u00fcr Steuer- und Buchhaltungszwecke. Dazu geh\u00f6ren Ihr Name, Ihre E-Mail-Adresse sowie Ihre Rechnungs- und Lieferadresse.<\/p><p style=\"font-size: 13px; line-height: 1.5; margin-bottom: 0px; padding: 1em; border-left: 2px solid #787c82; color: rgba(0, 0, 0, 0.85); font-family: -apple-system, 'system-ui', 'Segoe UI', Roboto, 'Helvetica Neue', Arial, 'Noto Sans', sans-serif, 'Apple Color Emoji', 'Segoe UI Emoji', 'Segoe UI Symbol', 'Noto Color Emoji'; font-style: normal; font-weight: 400;\">Wir speichern auch Kommentare oder Bewertungen, wenn Sie sich daf\u00fcr entscheiden, diese zu hinterlassen.<\/p><h2 style=\"color: rgba(0, 0, 0, 0.85); font-size: 1.3em; margin-bottom: 0.5em; font-family: -apple-system, 'system-ui', 'Segoe UI', Roboto, 'Helvetica Neue', Arial, 'Noto Sans', sans-serif, 'Apple Color Emoji', 'Segoe UI Emoji', 'Segoe UI Symbol', 'Noto Color Emoji'; font-style: normal;\">Wer in unserem Team hat Zugriff<\/h2><p style=\"font-size: 13px; line-height: 1.5; margin-bottom: 0px; padding: 1em; border-left: 2px solid #787c82; color: rgba(0, 0, 0, 0.85); font-family: -apple-system, 'system-ui', 'Segoe UI', Roboto, 'Helvetica Neue', Arial, 'Noto Sans', sans-serif, 'Apple Color Emoji', 'Segoe UI Emoji', 'Segoe UI Symbol', 'Noto Color Emoji'; font-style: normal; font-weight: 400;\">Mitglieder unseres Teams haben Zugriff auf die Informationen, die Sie uns zur Verf\u00fcgung stellen. Beispielsweise k\u00f6nnen sowohl Administratoren als auch Shop-Manager auf Folgendes zugreifen:<\/p><ul style=\"padding: 1em; list-style-type: none; margin-bottom: 0px; margin-left: 0px; border-left: 2px solid #787c82; color: rgba(0, 0, 0, 0.85); font-family: -apple-system, 'system-ui', 'Segoe UI', Roboto, 'Helvetica Neue', Arial, 'Noto Sans', sans-serif, 'Apple Color Emoji', 'Segoe UI Emoji', 'Segoe UI Symbol', 'Noto Color Emoji'; font-size: 14px; font-style: normal; font-weight: 400;\"><li style=\"margin-bottom: 6px;\">Bestellinformationen wie was gekauft wurde, wann es gekauft wurde und wohin es gesendet werden sollte und<\/li><li style=\"margin-bottom: 6px;\">Kundeninformationen wie Ihr Name, Ihre E-Mail-Adresse sowie Rechnungs- und Versandinformationen.<\/li><\/ul><p style=\"font-size: 13px; line-height: 1.5; margin-bottom: 0px; padding: 1em; border-left: 2px solid #787c82; color: rgba(0, 0, 0, 0.85); font-family: -apple-system, 'system-ui', 'Segoe UI', Roboto, 'Helvetica Neue', Arial, 'Noto Sans', sans-serif, 'Apple Color Emoji', 'Segoe UI Emoji', 'Segoe UI Symbol', 'Noto Color Emoji'; font-style: normal; font-weight: 400;\">Unsere Teammitglieder haben Zugriff auf diese Informationen, um Bestellungen auszuf\u00fchren, R\u00fcckerstattungen zu bearbeiten und Sie zu unterst\u00fctzen.<\/p><h2 style=\"color: rgba(0, 0, 0, 0.85); font-size: 1.3em; margin-bottom: 0.5em; font-family: -apple-system, 'system-ui', 'Segoe UI', Roboto, 'Helvetica Neue', Arial, 'Noto Sans', sans-serif, 'Apple Color Emoji', 'Segoe UI Emoji', 'Segoe UI Symbol', 'Noto Color Emoji'; font-style: normal;\">Was wir mit anderen teilen<\/h2><p style=\"font-size: 13px; line-height: 1.5; margin-bottom: 0px; padding: 1em; border-left: 2px solid #787c82; color: rgba(0, 0, 0, 0.85); font-family: -apple-system, 'system-ui', 'Segoe UI', Roboto, 'Helvetica Neue', Arial, 'Noto Sans', sans-serif, 'Apple Color Emoji', 'Segoe UI Emoji', 'Segoe UI Symbol', 'Noto Color Emoji'; font-style: normal; font-weight: 400;\">Wir geben Informationen an Dritte weiter, die uns bei der Bereitstellung unserer Bestellungen und Lagerdienstleistungen f\u00fcr Sie unterst\u00fctzen; Zum Beispiel -<\/p><h3 style=\"color: rgba(0, 0, 0, 0.85); font-size: 1.3em; margin-bottom: 0.5em; font-family: -apple-system, 'system-ui', 'Segoe UI', Roboto, 'Helvetica Neue', Arial, 'Noto Sans', sans-serif, 'Apple Color Emoji', 'Segoe UI Emoji', 'Segoe UI Symbol', 'Noto Color Emoji'; font-style: normal;\">Zahlungen<\/h3><p style=\"font-size: 13px; line-height: 1.5; margin-bottom: 0px; padding: 1em; border-left: 2px solid #787c82; color: rgba(0, 0, 0, 0.85); font-family: -apple-system, 'system-ui', 'Segoe UI', Roboto, 'Helvetica Neue', Arial, 'Noto Sans', sans-serif, 'Apple Color Emoji', 'Segoe UI Emoji', 'Segoe UI Symbol', 'Noto Color Emoji'; font-style: normal; font-weight: 400;\">Wir akzeptieren Zahlungen \u00fcber PayPal. Bei der Abwicklung von Zahlungen werden einige Ihrer Daten an PayPal weitergegeben, einschlie\u00dflich Informationen, die zur Abwicklung oder Unterst\u00fctzung der Zahlung erforderlich sind, wie z. B. die Kaufsumme und Rechnungsinformationen.<\/p><p style=\"font-size: 13px; line-height: 1.5; margin-bottom: 0px; padding: 1em; border-left: 2px solid #787c82; color: rgba(0, 0, 0, 0.85); font-family: -apple-system, 'system-ui', 'Segoe UI', Roboto, 'Helvetica Neue', Arial, 'Noto Sans', sans-serif, 'Apple Color Emoji', 'Segoe UI Emoji', 'Segoe UI Symbol', 'Noto Color Emoji'; font-style: normal; font-weight: 400;\">Bitte sehen Sie sich ... an\u00a0<a style=\"color: #01c08a; transition-duration: 0.3s; transition-timing-function: ease; transition-property: color; outline: none; cursor: pointer; touch-action: manipulation;\" href=\"https:\/\/www.paypal.com\/us\/webapps\/mpp\/ua\/privacy-full\" rel=\"nofollow noopener\" target=\"_blank\">PayPal-Datenschutzrichtlinie<\/a>\u00a0f\u00fcr mehr Details.<\/p><h3 style=\"color: rgba(0, 0, 0, 0.85); font-size: 1.3em; margin-bottom: 0.5em; font-family: -apple-system, 'system-ui', 'Segoe UI', Roboto, 'Helvetica Neue', Arial, 'Noto Sans', sans-serif, 'Apple Color Emoji', 'Segoe UI Emoji', 'Segoe UI Symbol', 'Noto Color Emoji'; font-style: normal;\">Mobiler Nachrichtendienst<\/h3><p>Der mobile Nachrichtendienst (der \u201eDienst\u201c) wird von Greta Lingerie (\u201eGreta Lingerie\u201c, \u201ewir\u201c oder \u201euns\u201c) betrieben. Durch Ihre Nutzung des Dienstes erkl\u00e4ren Sie sich mit diesen Allgemeinen Gesch\u00e4ftsbedingungen (\u201eMobile Gesch\u00e4ftsbedingungen\u201c) einverstanden. Wir ist berechtigt, den Dienst oder seine Funktionen ohne Vorank\u00fcndigung zu \u00e4ndern oder zu k\u00fcndigen. Soweit gesetzlich zul\u00e4ssig, k\u00f6nnen wir diese Mobilfunkbedingungen auch jederzeit \u00e4ndern, und Ihre fortgesetzte Nutzung des Dienstes nach dem Datum des Inkrafttretens solcher \u00c4nderungen stellt Ihre Zustimmung dazu dar \u00c4nderungen. Durch Ihre Zustimmung zum SMS-\/Textnachrichtendienst von Greta Lingerie erkl\u00e4ren Sie sich damit einverstanden, wiederkehrende SMS-\/Textnachrichten von und im Namen von Greta Lingerie \u00fcber Ihren Mobilfunkanbieter an die von Ihnen angegebene Mobiltelefonnummer zu erhalten, auch wenn Ihre Mobiltelefonnummer bei einem Landes- oder Bundesland registriert ist Keine Anrufliste. Textnachrichten k\u00f6nnen \u00fcber ein automatisches Telefonw\u00e4hlsystem oder eine andere Technologie gesendet werden. Servicebezogene Nachrichten k\u00f6nnen Aktualisierungen, Benachrichtigungen und Informationen (z. B. Bestellaktualisierungen, Kontobenachrichtigungen usw.) umfassen. Werbenachrichten k\u00f6nnen Werbeaktionen, Sonderangebote und andere Marketingangebote (z. B. Warenkorb-Erinnerungen). Sie verstehen, dass Sie sich nicht f\u00fcr dieses Programm anmelden m\u00fcssen, um Eink\u00e4ufe zu t\u00e4tigen, und dass Ihre Zustimmung keine Bedingung f\u00fcr einen Kauf bei Greta Lingerie ist. Ihre Teilnahme an diesem Programm ist v\u00f6llig freiwillig. Wir berechnen f\u00fcr den Dienst keine Geb\u00fchren, aber Sie sind f\u00fcr alle Geb\u00fchren verantwortlich, die Ihr Mobilfunkanbieter im Zusammenhang mit Textnachrichten erhebt. Die H\u00e4ufigkeit der Nachrichten variiert. Es k\u00f6nnen Geb\u00fchren f\u00fcr Nachrichten und Daten anfallen. \u00dcberpr\u00fcfen Sie Ihren Mobilfunktarif und wenden Sie sich an Ihren Mobilfunkanbieter Details. Sie sind allein verantwortlich f\u00fcr alle Geb\u00fchren im Zusammenhang mit SMS\/Textnachrichten, einschlie\u00dflich der Geb\u00fchren Ihres Mobilfunkanbieters. Sie k\u00f6nnen den Dienst jederzeit abbestellen. Senden Sie eine SMS mit dem einzelnen Schl\u00fcsselwortbefehl STOP oder klicken Sie auf den Abmeldelink (sofern verf\u00fcgbar). SMS zur K\u00fcndigung. Sie erhalten eine einmalige SMS zur Best\u00e4tigung der Abmeldung. Es werden keine weiteren Nachrichten an Ihr Mobilger\u00e4t gesendet, es sei denn, Sie haben dies veranlasst. Wenn Sie andere mobile Nachrichtenprogramme von Greta Lingerie abonniert haben und k\u00fcndigen m\u00f6chten, Sofern das geltende Recht nichts anderes vorschreibt, m\u00fcssen Sie sich separat von diesen Programmen abmelden, indem Sie den Anweisungen in den jeweiligen Mobilfunkbedingungen folgen. F\u00fcr Serviceunterst\u00fctzung oder Unterst\u00fctzung senden Sie eine E-Mail an support@bridgedesigns.com. Wir k\u00f6nnen alle von uns angegebenen Kurzcodes oder Telefonnummern \u00e4ndern Sie verwenden jederzeit den Dienst, um den Dienst zu betreiben, und werden Sie \u00fcber diese \u00c4nderungen informieren. Sie erkennen an, dass alle Nachrichten, einschlie\u00dflich aller STOP- oder HILFE-Anfragen, die Sie an eine von uns ge\u00e4nderte Kurzwahlnummer oder Telefonnummer senden, m\u00f6glicherweise nicht empfangen werden und wir nicht daf\u00fcr verantwortlich sind Bitten nachkommen<\/p><p>\u00a0<\/p>\t\t\t\t\t\t\t\t<\/div>\n\t\t\t\t<\/div>\n\t\t\t\t\t<\/div>\n\t\t<\/div>\n\t\t\t\t\t<\/div>\n\t\t<\/section>\n\t\t\t\t<\/div>","protected":false},"excerpt":{"rendered":"<p>We collect information about you during the checkout process on our store. What we collect and store While you visit our site, we\u2019ll track: Products you\u2019ve viewed: we\u2019ll use this to, for example, show you products you\u2019ve recently viewed Location, IP address and browser type: we\u2019ll use this for purposes like estimating taxes and shipping [&hellip;]<\/p>\n","protected":false},"author":1,"featured_media":0,"parent":0,"menu_order":0,"comment_status":"closed","ping_status":"closed","template":"","meta":{"footnotes":""},"class_list":["post-5608","page","type-page","status-publish","hentry"],"_links":{"self":[{"href":"https:\/\/gretasexylingerie.com\/de\/wp-json\/wp\/v2\/pages\/5608","targetHints":{"allow":["GET"]}}],"collection":[{"href":"https:\/\/gretasexylingerie.com\/de\/wp-json\/wp\/v2\/pages"}],"about":[{"href":"https:\/\/gretasexylingerie.com\/de\/wp-json\/wp\/v2\/types\/page"}],"author":[{"embeddable":true,"href":"https:\/\/gretasexylingerie.com\/de\/wp-json\/wp\/v2\/users\/1"}],"replies":[{"embeddable":true,"href":"https:\/\/gretasexylingerie.com\/de\/wp-json\/wp\/v2\/comments?post=5608"}],"version-history":[{"count":0,"href":"https:\/\/gretasexylingerie.com\/de\/wp-json\/wp\/v2\/pages\/5608\/revisions"}],"wp:attachment":[{"href":"https:\/\/gretasexylingerie.com\/de\/wp-json\/wp\/v2\/media?parent=5608"}],"curies":[{"name":"wp","href":"https:\/\/api.w.org\/{rel}","templated":true}]}}