{"id":51298,"date":"2024-07-18T11:54:51","date_gmt":"2024-07-18T03:54:51","guid":{"rendered":"https:\/\/gretasexylingerie.com\/?post_type=product&#038;p=51298"},"modified":"2024-07-18T12:07:07","modified_gmt":"2024-07-18T04:07:07","slug":"engros-midnight-mesh-plus-storrelse-bodystocking","status":"publish","type":"product","link":"https:\/\/gretasexylingerie.com\/da\/products\/wholesale-midnight-mesh-plus-size-bodystocking\/","title":{"rendered":"Engros Midnight Mesh Plus Size Bodystocking"},"content":{"rendered":"<p><strong>Elegant mesh design<\/strong>: Denne bodystocking er lavet med et fint mesh og former sig s\u00f8ml\u00f8st efter kroppen og giver et glimt af tillokkelse, mens den giver sofistikeret d\u00e6kning.<\/p>\n\n\n\n<p><strong>Universal appel<\/strong>: Skr\u00e6ddersyet til at smigre en plus-size figur, understreger dette stykke kurver med dets stretchy materiale og figurn\u00e6re silhuet, hvilket sikrer, at hver b\u00e6rer f\u00f8ler sig lige s\u00e5 fantastisk, som de ser ud.<\/p>\n\n\n\n<p><strong>Festklar mode<\/strong>: Ideel til ravekultur, men alsidig nok til enhver nattelivsbegivenhed, dette <strong>sort mesh rave outfit<\/strong> vil helt sikkert sl\u00e5 hovederne med sit unikke m\u00f8nster og dristige gennemsigtighed.<\/p>\n\n\n\n<p><strong>Komfort og stil<\/strong>: Selvom denne bodysuit er designet til at bl\u00e6nde, g\u00e5r den ikke p\u00e5 kompromis med komforten. Bl\u00f8dt, \u00e5ndbart mesh sikrer en behagelig pasform, der bev\u00e6ger sig med dig, uanset om du danser natten v\u00e6k eller nyder en aften i byen.<\/p>\n\n\n\n<p><strong>S\u00f8ml\u00f8s detailoplevelse<\/strong>: Dette lokkende <strong>bodystocking bodysuit<\/strong> er tilg\u00e6ngelig gennem vores <a href=\"https:\/\/gretasexylingerie.com\/da\/droshpping-lingeri-service\/\">drop shipping service<\/a>, der tilbyder nem integration i dit lager uden behov for minimumsbestillinger, hvilket g\u00f8r det til en problemfri tilf\u00f8jelse til din butik.<\/p>\n\n\n\n<p>T\u00f8r at bl\u00e6nde med vores Midnight Mesh Plus Size Bodystocking. Tilf\u00f8j dette fantastiske stykke til din samling i dag, og giv dine kunder et outfit, der er lige s\u00e5 selvsikkert, som det er f\u00e6ngslende. Partner med Greta Sexy Lingerie for at bringe uovertruffen stil til dine tilbud.<\/p>","protected":false},"excerpt":{"rendered":"<p>Omfavn modig selvtillid med vores <strong>plus size bodystocking lingeri<\/strong>, designet til fantastisk tiltr\u00e6kning og komfort. Det her <strong>sort mesh rave outfit<\/strong> kombinerer vovet stil med indviklet design, perfekt til at lave et statement ved enhver begivenhed.<\/p>","protected":false},"featured_media":51297,"template":"","meta":[],"product_brand":[],"product_cat":[405,404,409],"product_tag":[],"class_list":{"0":"post-51298","1":"product","2":"type-product","3":"status-publish","4":"has-post-thumbnail","6":"product_cat-wholesale-bodystocking","7":"product_cat-sexy-stocking","8":"product_cat-wholesale-stocking-bodysuit","10":"first","11":"instock","12":"taxable","13":"shipping-taxable","14":"purchasable","15":"product-type-simple"},"tiered_pricing_type":"fixed","tiered_pricing_fixed_rules":[],"tiered_pricing_product_settings":{"layout":"default","base_unit_name":{"singular":null,"plural":null},"default_variation":null},"tiered_pricing_minimum_quantity":null,"tiered_pricing_roles_data":[],"tiered_pricing_percentage_rules":[],"tiered_pricing_maximum_quantity":null,"tiered_pricing_quantity_step":null,"_links":{"self":[{"href":"https:\/\/gretasexylingerie.com\/da\/wp-json\/wp\/v2\/product\/51298","targetHints":{"allow":["GET"]}}],"collection":[{"href":"https:\/\/gretasexylingerie.com\/da\/wp-json\/wp\/v2\/product"}],"about":[{"href":"https:\/\/gretasexylingerie.com\/da\/wp-json\/wp\/v2\/types\/product"}],"wp:featuredmedia":[{"embeddable":true,"href":"https:\/\/gretasexylingerie.com\/da\/wp-json\/wp\/v2\/media\/51297"}],"wp:attachment":[{"href":"https:\/\/gretasexylingerie.com\/da\/wp-json\/wp\/v2\/media?parent=51298"}],"wp:term":[{"taxonomy":"product_brand","embeddable":true,"href":"https:\/\/gretasexylingerie.com\/da\/wp-json\/wp\/v2\/product_brand?post=51298"},{"taxonomy":"product_cat","embeddable":true,"href":"https:\/\/gretasexylingerie.com\/da\/wp-json\/wp\/v2\/product_cat?post=51298"},{"taxonomy":"product_tag","embeddable":true,"href":"https:\/\/gretasexylingerie.com\/da\/wp-json\/wp\/v2\/product_tag?post=51298"}],"curies":[{"name":"wp","href":"https:\/\/api.w.org\/{rel}","templated":true}]}}