{"id":51291,"date":"2024-07-18T11:54:18","date_gmt":"2024-07-18T03:54:18","guid":{"rendered":"https:\/\/gretasexylingerie.com\/?post_type=product&#038;p=51291"},"modified":"2024-07-18T12:05:45","modified_gmt":"2024-07-18T04:05:45","slug":"engros-fortryllende-rose-grime-mesh-bodystocking","status":"publish","type":"product","link":"https:\/\/gretasexylingerie.com\/da\/products\/wholesale-enchanting-rose-halter-mesh-bodystocking\/","title":{"rendered":"Engros fortryllende Rose Halter Mesh Bodystocking"},"content":{"rendered":"<p><strong>Sultende ren sammens\u00e6tning<\/strong>: Legemligg\u00f8r elegance i dette <strong>bodystocking i gennemsigtig mesh<\/strong> der former sig yndefuldt til kroppen og giver et indblik i en verden af sofistikeret tiltr\u00e6kning med sit fintv\u00e6vede mesh og detaljerede m\u00f8nstre.<\/p>\n\n\n\n<p><strong>Chic Halter Design<\/strong>: Halterudsk\u00e6ringen tilf\u00f8jer et moderne twist til den klassiske bodystocking og indrammer skuldrene og halsudsk\u00e6ringen smukt, samtidig med at den giver en sikker og justerbar pasform, der smigrer alle kropstyper.<\/p>\n\n\n\n<p><strong>Fishnet Elegance<\/strong>: Dette s\u00e6t er ikke bare gennemsigtigt \u2013 det er dristig dekoreret med netpaneler, der tilf\u00f8jer tekstur og dybde, hvilket skaber et dynamisk look, der b\u00e5de er i\u00f8jnefaldende og uds\u00f8gt.<\/p>\n\n\n\n<p><strong>Alsidig stil<\/strong>: Denne bodystocking er perfekt til at l\u00e6gge i lag under aftent\u00f8j for en antydning af intriger eller b\u00e6re alene for at give et modigt fashion statement. Denne bodystocking er lige s\u00e5 funktionel som den er moderigtig.<\/p>\n\n\n\n<p><strong>Ubesv\u00e6ret detailhandel<\/strong>: Tilg\u00e6ngelig gennem vores <a href=\"https:\/\/gretasexylingerie.com\/da\/droshpping-lingeri-service\/\">drop shipping service<\/a>, dette stykke kommer klar til \u00f8jeblikkelig optagelse i dit lager, hvilket sikrer en problemfri tilf\u00f8jelse til dine boutique-tilbud uden behov for minimumsbestillinger.<\/p>\n\n\n\n<p>Afsl\u00f8r essensen af femininitet og mode med den fortryllende Rose Halter Mesh Bodystocking. Inviter din kundekreds til at udforske deres modige side med dette uds\u00f8gte stykke, der helt sikkert vil vende hoveder og s\u00e6tte gang i fantasien. Tilf\u00f8j dette must-have til din samling i dag, og se, hvordan dine kunder omfavner deres tiltr\u00e6kning med selvtillid og stil.<\/p>","protected":false},"excerpt":{"rendered":"<p>Dyk ned i delikat tiltr\u00e6kning med vores <strong>grime body str\u00f8mpe<\/strong>, et f\u00e6ngslende ensemble lavet af ren og sk\u00e6r mesh og indviklet fiskenet. Det her <strong>fiskenet crop top outfit<\/strong> blander moderne stil med klassisk forf\u00f8relse.<\/p>","protected":false},"featured_media":51286,"template":"","meta":[],"product_brand":[],"product_cat":[405,924,404],"product_tag":[],"class_list":{"0":"post-51291","1":"product","2":"type-product","3":"status-publish","4":"has-post-thumbnail","6":"product_cat-wholesale-bodystocking","7":"product_cat-wholesale-bodystocking-sets","8":"product_cat-sexy-stocking","10":"first","11":"instock","12":"taxable","13":"shipping-taxable","14":"purchasable","15":"product-type-simple"},"tiered_pricing_type":"fixed","tiered_pricing_fixed_rules":[],"tiered_pricing_product_settings":{"layout":"default","base_unit_name":{"singular":null,"plural":null},"default_variation":null},"tiered_pricing_minimum_quantity":null,"tiered_pricing_roles_data":[],"tiered_pricing_percentage_rules":[],"tiered_pricing_maximum_quantity":null,"tiered_pricing_quantity_step":null,"_links":{"self":[{"href":"https:\/\/gretasexylingerie.com\/da\/wp-json\/wp\/v2\/product\/51291","targetHints":{"allow":["GET"]}}],"collection":[{"href":"https:\/\/gretasexylingerie.com\/da\/wp-json\/wp\/v2\/product"}],"about":[{"href":"https:\/\/gretasexylingerie.com\/da\/wp-json\/wp\/v2\/types\/product"}],"wp:featuredmedia":[{"embeddable":true,"href":"https:\/\/gretasexylingerie.com\/da\/wp-json\/wp\/v2\/media\/51286"}],"wp:attachment":[{"href":"https:\/\/gretasexylingerie.com\/da\/wp-json\/wp\/v2\/media?parent=51291"}],"wp:term":[{"taxonomy":"product_brand","embeddable":true,"href":"https:\/\/gretasexylingerie.com\/da\/wp-json\/wp\/v2\/product_brand?post=51291"},{"taxonomy":"product_cat","embeddable":true,"href":"https:\/\/gretasexylingerie.com\/da\/wp-json\/wp\/v2\/product_cat?post=51291"},{"taxonomy":"product_tag","embeddable":true,"href":"https:\/\/gretasexylingerie.com\/da\/wp-json\/wp\/v2\/product_tag?post=51291"}],"curies":[{"name":"wp","href":"https:\/\/api.w.org\/{rel}","templated":true}]}}