{"id":51241,"date":"2024-07-17T15:04:19","date_gmt":"2024-07-17T07:04:19","guid":{"rendered":"https:\/\/gretasexylingerie.com\/?post_type=product&#038;p=51241"},"modified":"2024-07-17T15:33:22","modified_gmt":"2024-07-17T07:33:22","slug":"engros-rod-accent-gennemsigtig-fishnet-bodysuit","status":"publish","type":"product","link":"https:\/\/gretasexylingerie.com\/da\/products\/wholesale-red-accented-transparent-fishnet-bodysuit\/","title":{"rendered":"Engros R\u00f8d Accent Transparent Fishnet Bodysuit"},"content":{"rendered":"<p><strong>Fedt fiskenet design<\/strong>: Denne bodysuit er lavet af f\u00f8rsteklasses fiskenetmateriale og tilbyder et forf\u00f8rende gennemsigtigt look, der er b\u00e5de tiltalende og fristende, hvilket forst\u00e6rker kroppens naturlige konturer.<\/p>\n<p><strong>Levende r\u00f8de accenter<\/strong>: Fremh\u00e6vet af livlige r\u00f8de slips og trim skiller dette smykke sig ud i enhver lingerikollektion og tilbyder en sl\u00e5ende kontrast, der fanger \u00f8jet.<\/p>\n<p><strong>Matchende nethandsker<\/strong>: Komplet med koordinerende nethandsker, s\u00e6tter dette outfit scenen for et dramatisk og samlet udseende, perfekt til temabegivenheder eller s\u00e6rlige lejligheder.<\/p>\n<p><strong>Ren komfort og pasform<\/strong>: Denne bodysuit er udviklet til komfort og inkluderer justerbare funktioner og str\u00e6kbart stof, der passer problemfrit mod huden, hvilket sikrer komfort hele natten uden at ofre stil.<\/p>\n<p><strong>Nem integration for detailhandlere<\/strong>: Tilbydes gennem vores <a href=\"https:\/\/gretasexylingerie.com\/da\/droshpping-lingeri-service\/\">drop shipping service<\/a>, denne bodysuit er en fremragende tilf\u00f8jelse til detailhandlere, der \u00f8nsker at pifte deres lager op med minimal risiko.<\/p>\n<p>T\u00f8r at bl\u00e6nde med <strong>Transparent Fishnet Bodysuit med r\u00f8d accent<\/strong>. Ideel til forbrugere, der \u00f8nsker at komme med et dristig statement, lover dette stykke at vende hoveder og l\u00f8fte enhver aftens p\u00e5kl\u00e6dning. S\u00f8rg for, at din butik er destinationen for effektfuldt lingeri ved at lagerf\u00f8re denne must-have-vare i dag. Bes\u00f8g Greta Sexy Lingerie for k\u00f8bsdetaljer og yderligere hj\u00e6lp til din ordre.<\/p>","protected":false},"excerpt":{"rendered":"<p>Afsl\u00f8r en blanding af vovet og delikat med vores <strong>fiskenet bodysuit r\u00f8d<\/strong>, med sl\u00e5ende r\u00f8de accenter og komplet med nethandsker for et sammenh\u00e6ngende, edgy look. Det her <strong>gennemsigtig bodysuit<\/strong> er designet til den modige, blander funktionalitet med high fashion.<\/p>","protected":false},"featured_media":51236,"template":"","meta":[],"product_brand":[],"product_cat":[405,404,409],"product_tag":[],"class_list":{"0":"post-51241","1":"product","2":"type-product","3":"status-publish","4":"has-post-thumbnail","6":"product_cat-wholesale-bodystocking","7":"product_cat-sexy-stocking","8":"product_cat-wholesale-stocking-bodysuit","10":"first","11":"instock","12":"taxable","13":"shipping-taxable","14":"purchasable","15":"product-type-simple"},"tiered_pricing_type":"fixed","tiered_pricing_fixed_rules":[],"tiered_pricing_product_settings":{"layout":"default","base_unit_name":{"singular":null,"plural":null},"default_variation":null},"tiered_pricing_minimum_quantity":null,"tiered_pricing_roles_data":[],"tiered_pricing_percentage_rules":[],"tiered_pricing_maximum_quantity":null,"tiered_pricing_quantity_step":null,"_links":{"self":[{"href":"https:\/\/gretasexylingerie.com\/da\/wp-json\/wp\/v2\/product\/51241","targetHints":{"allow":["GET"]}}],"collection":[{"href":"https:\/\/gretasexylingerie.com\/da\/wp-json\/wp\/v2\/product"}],"about":[{"href":"https:\/\/gretasexylingerie.com\/da\/wp-json\/wp\/v2\/types\/product"}],"wp:featuredmedia":[{"embeddable":true,"href":"https:\/\/gretasexylingerie.com\/da\/wp-json\/wp\/v2\/media\/51236"}],"wp:attachment":[{"href":"https:\/\/gretasexylingerie.com\/da\/wp-json\/wp\/v2\/media?parent=51241"}],"wp:term":[{"taxonomy":"product_brand","embeddable":true,"href":"https:\/\/gretasexylingerie.com\/da\/wp-json\/wp\/v2\/product_brand?post=51241"},{"taxonomy":"product_cat","embeddable":true,"href":"https:\/\/gretasexylingerie.com\/da\/wp-json\/wp\/v2\/product_cat?post=51241"},{"taxonomy":"product_tag","embeddable":true,"href":"https:\/\/gretasexylingerie.com\/da\/wp-json\/wp\/v2\/product_tag?post=51241"}],"curies":[{"name":"wp","href":"https:\/\/api.w.org\/{rel}","templated":true}]}}