{"id":51234,"date":"2024-07-17T15:03:42","date_gmt":"2024-07-17T07:03:42","guid":{"rendered":"https:\/\/gretasexylingerie.com\/?post_type=product&#038;p=51234"},"modified":"2024-07-17T15:32:01","modified_gmt":"2024-07-17T07:32:01","slug":"engros-lavendel-dromme-gennemsigtig-blonde-bodysuit","status":"publish","type":"product","link":"https:\/\/gretasexylingerie.com\/da\/products\/wholesale-lavender-dreams-transparent-lace-bodysuit\/","title":{"rendered":"Engros Lavender Dreams Transparent Lace Bodysuit"},"content":{"rendered":"<p><strong>Sultry Fishnet Design<\/strong>: Netm\u00f8nsteret kombinerer klassisk sk\u00f8nhed med edgy \u00e6stetik og giver et fristende kig ind i det, der ligger under, og giver en uimodst\u00e5elig tiltr\u00e6kning.<\/p>\n\n\n\n<p><strong>Overd\u00e5dig lilla blonde<\/strong>: Denne bodysuit er udsmykket med bl\u00f8de lilla blonder og bringer en legende, men elegant stemning, perfekt til dem, der s\u00e6tter pris p\u00e5 en pop farve i deres intime t\u00f8j.<\/p>\n\n\n\n<p><strong>Ren og sk\u00e6r blonde elegance<\/strong>: Dragtens krop er lavet af uds\u00f8gte, gennemsigtige blonder, hvilket sikrer, at hver detalje fremh\u00e6ves med et strejf af mystik og sofistikering.<\/p>\n\n\n\n<p><strong>Komfort m\u00f8der stil<\/strong>: Designet med komfort i tankerne, denne bodysuit har justerbare stropper og et bl\u00f8dt, str\u00e6kbart stof, der passer smukt til kroppen.<\/p>\n\n\n\n<p><strong>Ubesv\u00e6ret detailhandel<\/strong>: Tilg\u00e6ngelig gennem vores <a href=\"https:\/\/gretasexylingerie.com\/da\/droshpping-lingeri-service\/\">drop shipping service<\/a>, denne bodysuit er perfekt til detailhandlere, der \u00f8nsker at udvide deres sortiment med minimal overhead.<\/p>\n\n\n\n<p>Inviter dine kunder til at dykke ned i den luksuri\u00f8se f\u00f8lelse af vores <strong>Lavendel Dreams Transparent Blonde Bodysuit<\/strong>. Perfekt til en intim aften eller som et modigt valg af undert\u00f8j, dette stykke lover ikke kun komfort, men ogs\u00e5 en fantastisk visuel effekt. Lager denne uds\u00f8gte genstand i dag, og lad din kundekreds udforske deres elegante, men vovede side. Kontakt Greta Sexy Lingerie for flere detaljer om, hvordan du tilf\u00f8jer dette betagende t\u00f8j til dine tilbud.<\/p>","protected":false},"excerpt":{"rendered":"<p>Oplev elegance og tiltr\u00e6kning med vores <strong>lilla bodystocking<\/strong>, et delikat ensemble, der perfekt blander gennemsigtige blonder med et forf\u00f8rende netm\u00f8nster. Det her <strong>bodysuit med fiskenet blonder<\/strong> er designet til at f\u00e6ngsle og charme, ideel til at tilf\u00f8je et strejf af sofistikeret sensualitet til enhver kollektion.<\/p>","protected":false},"featured_media":51229,"template":"","meta":[],"product_brand":[],"product_cat":[405,404,409],"product_tag":[],"class_list":{"0":"post-51234","1":"product","2":"type-product","3":"status-publish","4":"has-post-thumbnail","6":"product_cat-wholesale-bodystocking","7":"product_cat-sexy-stocking","8":"product_cat-wholesale-stocking-bodysuit","10":"first","11":"instock","12":"taxable","13":"shipping-taxable","14":"purchasable","15":"product-type-simple"},"tiered_pricing_type":"fixed","tiered_pricing_fixed_rules":[],"tiered_pricing_product_settings":{"layout":"default","base_unit_name":{"singular":null,"plural":null},"default_variation":null},"tiered_pricing_minimum_quantity":null,"tiered_pricing_roles_data":[],"tiered_pricing_percentage_rules":[],"tiered_pricing_maximum_quantity":null,"tiered_pricing_quantity_step":null,"_links":{"self":[{"href":"https:\/\/gretasexylingerie.com\/da\/wp-json\/wp\/v2\/product\/51234","targetHints":{"allow":["GET"]}}],"collection":[{"href":"https:\/\/gretasexylingerie.com\/da\/wp-json\/wp\/v2\/product"}],"about":[{"href":"https:\/\/gretasexylingerie.com\/da\/wp-json\/wp\/v2\/types\/product"}],"wp:featuredmedia":[{"embeddable":true,"href":"https:\/\/gretasexylingerie.com\/da\/wp-json\/wp\/v2\/media\/51229"}],"wp:attachment":[{"href":"https:\/\/gretasexylingerie.com\/da\/wp-json\/wp\/v2\/media?parent=51234"}],"wp:term":[{"taxonomy":"product_brand","embeddable":true,"href":"https:\/\/gretasexylingerie.com\/da\/wp-json\/wp\/v2\/product_brand?post=51234"},{"taxonomy":"product_cat","embeddable":true,"href":"https:\/\/gretasexylingerie.com\/da\/wp-json\/wp\/v2\/product_cat?post=51234"},{"taxonomy":"product_tag","embeddable":true,"href":"https:\/\/gretasexylingerie.com\/da\/wp-json\/wp\/v2\/product_tag?post=51234"}],"curies":[{"name":"wp","href":"https:\/\/api.w.org\/{rel}","templated":true}]}}