{"id":51219,"date":"2024-07-16T19:50:15","date_gmt":"2024-07-16T11:50:15","guid":{"rendered":"https:\/\/gretasexylingerie.com\/?post_type=product&#038;p=51219"},"modified":"2024-07-17T15:29:39","modified_gmt":"2024-07-17T07:29:39","slug":"engros-pink-starlight-halter-neck-bodystocking","status":"publish","type":"product","link":"https:\/\/gretasexylingerie.com\/da\/products\/wholesale-pink-starlight-halter-neck-bodystocking\/","title":{"rendered":"Engros Pink Starlight Halter Neck Bodystocking"},"content":{"rendered":"<p><strong>I\u00f8jnefaldende lyser\u00f8d nuance<\/strong>: Udstr\u00e5le charme med den livlige lyser\u00f8de nuance af denne bodystocking, som sikrer, at du skiller dig ud i enhver m\u00e6ngde eller under ethvert lys.<\/p>\n\n\n\n<p><strong>Glitrende Rhinestone Accenter<\/strong>: Prydet med funklende rhinsten, der fanger lyset ved hver bev\u00e6gelse, tilf\u00f8jer dette stykke den helt rigtige m\u00e6ngde gnistre til din garderobe.<\/p>\n\n\n\n<p><strong>Innovativt grimedesign<\/strong>: Halterneck tilbyder en behagelig pasform, mens den fremh\u00e6ver skuldre og nakke, der kombinerer komfort med allure.<\/p>\n\n\n\n<p><strong>Dramatiske udsk\u00e6ringer<\/strong>: Strategiske udsk\u00e6ringer langs torso og ben forst\u00e6rker kroppens naturlige linjer og tilf\u00f8jer et element af intriger og sofistikering til ensemblet.<\/p>\n\n\n\n<p><strong>Ubesv\u00e6ret detailhandel<\/strong>: Tilg\u00e6ngelig gennem vores <a href=\"https:\/\/gretasexylingerie.com\/da\/droshpping-lingeri-service\/\">drop shipping service<\/a>, denne bodystocking er en fantastisk tilf\u00f8jelse til enhver butik, der giver dig mulighed for at tilbyde et i\u00f8jnefaldende modet\u00f8j med h\u00f8j effekt med minimal indsats.<\/p>\n\n\n\n<p>Lys din lingerikollektion med <strong>Pink Starlight Halter Neck Bodystocking<\/strong>. Perfekt til dem, der \u00f8nsker at blande mode med sjov, dette stykke er helt sikkert et hit. Tilf\u00f8j det til dine tilbud, og lad dine kunder bl\u00e6nde i dette unikke livlige og forf\u00f8rende ensemble. Kom i kontakt med Greta Sexy Lingerie i dag for at forbedre dit lager med dette funklende mesterv\u00e6rk.<\/p>","protected":false},"excerpt":{"rendered":"<p>Tr\u00e6d ind i rampelyset med vores <strong>lyser\u00f8d bodystocking<\/strong>, en hypnotiserende blanding af glitrende rhinsten og dristige, forf\u00f8rende snit. Designet med en grimehals og et korsm\u00f8nster med rhinstensbesat, er denne bodystocking perfekt til dem, der elsker at skinne, mens de omfavner deres legende side.<\/p>","protected":false},"featured_media":51213,"template":"","meta":[],"product_brand":[],"product_cat":[405,407,408,404],"product_tag":[],"class_list":{"0":"post-51219","1":"product","2":"type-product","3":"status-publish","4":"has-post-thumbnail","6":"product_cat-wholesale-bodystocking","7":"product_cat-wholesale-full-body-stocking","8":"product_cat-wholesale-rhinestone-bodystocking","9":"product_cat-sexy-stocking","11":"first","12":"instock","13":"taxable","14":"shipping-taxable","15":"purchasable","16":"product-type-simple"},"tiered_pricing_type":"fixed","tiered_pricing_fixed_rules":[],"tiered_pricing_product_settings":{"layout":"default","base_unit_name":{"singular":null,"plural":null},"default_variation":null},"tiered_pricing_minimum_quantity":null,"tiered_pricing_roles_data":[],"tiered_pricing_percentage_rules":[],"tiered_pricing_maximum_quantity":null,"tiered_pricing_quantity_step":null,"_links":{"self":[{"href":"https:\/\/gretasexylingerie.com\/da\/wp-json\/wp\/v2\/product\/51219","targetHints":{"allow":["GET"]}}],"collection":[{"href":"https:\/\/gretasexylingerie.com\/da\/wp-json\/wp\/v2\/product"}],"about":[{"href":"https:\/\/gretasexylingerie.com\/da\/wp-json\/wp\/v2\/types\/product"}],"wp:featuredmedia":[{"embeddable":true,"href":"https:\/\/gretasexylingerie.com\/da\/wp-json\/wp\/v2\/media\/51213"}],"wp:attachment":[{"href":"https:\/\/gretasexylingerie.com\/da\/wp-json\/wp\/v2\/media?parent=51219"}],"wp:term":[{"taxonomy":"product_brand","embeddable":true,"href":"https:\/\/gretasexylingerie.com\/da\/wp-json\/wp\/v2\/product_brand?post=51219"},{"taxonomy":"product_cat","embeddable":true,"href":"https:\/\/gretasexylingerie.com\/da\/wp-json\/wp\/v2\/product_cat?post=51219"},{"taxonomy":"product_tag","embeddable":true,"href":"https:\/\/gretasexylingerie.com\/da\/wp-json\/wp\/v2\/product_tag?post=51219"}],"curies":[{"name":"wp","href":"https:\/\/api.w.org\/{rel}","templated":true}]}}